{"id":1182,"date":"2019-09-22T23:44:29","date_gmt":"2019-09-22T21:44:29","guid":{"rendered":"https:\/\/landtech.com.pl\/?page_id=1182"},"modified":"2020-08-05T08:16:41","modified_gmt":"2020-08-05T06:16:41","slug":"kamis","status":"publish","type":"page","link":"https:\/\/landtech.com.pl\/en\/portfolio\/kamis\/","title":{"rendered":"Kamis"},"content":{"rendered":"<p>[vc_row css_animation=&#8221;&#8221; row_type=&#8221;row&#8221; use_row_as_full_screen_section=&#8221;no&#8221; type=&#8221;full_width&#8221; angled_section=&#8221;no&#8221; text_align=&#8221;left&#8221; background_image_as_pattern=&#8221;without_pattern&#8221; z_index=&#8221;&#8221;][vc_column parallax=&#8221;content-moving&#8221; parallax_image=&#8221;2278&#8243;][vc_empty_space height=&#8221;215px&#8221;][vc_row_inner row_type=&#8221;row&#8221; type=&#8221;grid&#8221; text_align=&#8221;left&#8221; css_animation=&#8221;&#8221;][vc_column_inner width=&#8221;1\/2&#8243;][vc_column_text]<\/p>\n<h2 style=\"text-align: left;\"><span style=\"color: #ffffff;\">Kamis S.A.<\/span><\/h2>\n<p>[\/vc_column_text][vc_separator type=&#8221;small&#8221; position=&#8221;center&#8221; color=&#8221;#eb1c24&#8243;][vc_column_text]<\/p>\n<h4><span style=\"color: #ffffff;\">Stworzyli\u015bmy sie\u0107 bezprzewodow\u0105 opart\u0105 na urz\u0105dzeniach firmy UBNT<\/span><\/h4>\n<p>[\/vc_column_text][\/vc_column_inner][vc_column_inner width=&#8221;1\/2&#8243;][vc_column_text]<span style=\"color: #ffffff;\">Obj\u0119li\u015bmy sieci\u0105 magazyn o powierzchni 1890 m2. Stworzyli\u015bmy projekt rozwi\u0105zania, kt\u00f3ry skutecznie pokry\u0142 urz\u0105dzeniami AP ca\u0142\u0105 powierzchni\u0119 hali. Zamontowali\u015bmy system kontroluj\u0105cy, kt\u00f3ry pozwala u\u017cytkownikom swobodnie porusza\u0107 si\u0119 po ca\u0142ym obiekcie, bez konieczno\u015bci \u0142\u0105czenia si\u0119 do ka\u017cdego AP. Pe\u0142na automatyzacja \u2013 ale czy nie tak to powinno by\u0107?<\/span>[\/vc_column_text][vc_empty_space][qode_elements_holder number_of_columns=&#8221;one_column&#8221;][qode_elements_holder_item vertical_alignment=&#8221;middle&#8221; horizontal_alignment=&#8221;left&#8221; advanced_animations=&#8221;no&#8221;]<a  itemprop=\"url\" href=\"https:\/\/landtech.com.pl\/o-nas\/referencje\/\" target=\"_self\" data-hover-background-color=rgba(0,0,0,0.01) data-hover-border-color=#ffffff data-hover-color=#ffffff class=\"qbutton  enlarge\" style=\"color: #ffffff; border-color: #ffffff; background-color: rgba(0,0,0,0.01);\">Referencje <\/a><a  itemprop=\"url\" href=\"https:\/\/landtech.com.pl\/o-nas\/kontakt\/\" target=\"_self\" data-hover-background-color=rgba(0,0,0,0.01) data-hover-border-color=#ffffff data-hover-color=#ffffff class=\"qbutton  enlarge\" style=\"color: #ffffff; border-color: #ffffff; background-color: rgba(0,0,0,0.01);\">Kontakt<\/a>[\/qode_elements_holder_item][\/qode_elements_holder][\/vc_column_inner][\/vc_row_inner][vc_empty_space height=&#8221;215px&#8221;][\/vc_column][\/vc_row]<\/p>\n","protected":false},"excerpt":{"rendered":"<p>[vc_row css_animation=&#8221;&#8221; row_type=&#8221;row&#8221; use_row_as_full_screen_section=&#8221;no&#8221; type=&#8221;full_width&#8221; angled_section=&#8221;no&#8221; text_align=&#8221;left&#8221; background_image_as_pattern=&#8221;without_pattern&#8221; z_index=&#8221;&#8221;][vc_column parallax=&#8221;content-moving&#8221; parallax_image=&#8221;2278&#8243;][vc_empty_space height=&#8221;215px&#8221;][vc_row_inner row_type=&#8221;row&#8221; type=&#8221;grid&#8221; text_align=&#8221;left&#8221; css_animation=&#8221;&#8221;][vc_column_inner width=&#8221;1\/2&#8243;][vc_column_text] Kamis S.A. [\/vc_column_text][vc_separator type=&#8221;small&#8221; position=&#8221;center&#8221; color=&#8221;#eb1c24&#8243;][vc_column_text] Stworzyli\u015bmy sie\u0107 bezprzewodow\u0105 opart\u0105 na urz\u0105dzeniach firmy UBNT [\/vc_column_text][\/vc_column_inner][vc_column_inner width=&#8221;1\/2&#8243;][vc_column_text]Obj\u0119li\u015bmy sieci\u0105 magazyn o powierzchni 1890 m2. Stworzyli\u015bmy projekt rozwi\u0105zania, kt\u00f3ry skutecznie pokry\u0142&#8230;<\/p>\n","protected":false},"author":5,"featured_media":0,"parent":98,"menu_order":0,"comment_status":"closed","ping_status":"closed","template":"full_width.php","meta":{"footnotes":""},"_links":{"self":[{"href":"https:\/\/landtech.com.pl\/en\/wp-json\/wp\/v2\/pages\/1182"}],"collection":[{"href":"https:\/\/landtech.com.pl\/en\/wp-json\/wp\/v2\/pages"}],"about":[{"href":"https:\/\/landtech.com.pl\/en\/wp-json\/wp\/v2\/types\/page"}],"author":[{"embeddable":true,"href":"https:\/\/landtech.com.pl\/en\/wp-json\/wp\/v2\/users\/5"}],"replies":[{"embeddable":true,"href":"https:\/\/landtech.com.pl\/en\/wp-json\/wp\/v2\/comments?post=1182"}],"version-history":[{"count":12,"href":"https:\/\/landtech.com.pl\/en\/wp-json\/wp\/v2\/pages\/1182\/revisions"}],"predecessor-version":[{"id":2279,"href":"https:\/\/landtech.com.pl\/en\/wp-json\/wp\/v2\/pages\/1182\/revisions\/2279"}],"up":[{"embeddable":true,"href":"https:\/\/landtech.com.pl\/en\/wp-json\/wp\/v2\/pages\/98"}],"wp:attachment":[{"href":"https:\/\/landtech.com.pl\/en\/wp-json\/wp\/v2\/media?parent=1182"}],"curies":[{"name":"wp","href":"https:\/\/api.w.org\/{rel}","templated":true}]}}