{"id":121,"date":"2018-03-20T12:35:37","date_gmt":"2018-03-20T12:35:37","guid":{"rendered":"http:\/\/bridge191.qodeinteractive.com\/?page_id=121"},"modified":"2025-12-30T15:34:06","modified_gmt":"2025-12-30T14:34:06","slug":"kontakt","status":"publish","type":"page","link":"https:\/\/landtech.com.pl\/en\/kontakt\/","title":{"rendered":"Kontakt"},"content":{"rendered":"<p>[vc_row row_type=&#8221;parallax&#8221; parallax_content_width=&#8221;full_width&#8221; text_align=&#8221;left&#8221; full_screen_section_height=&#8221;no&#8221; background_image=&#8221;1816&#8243;][vc_column][vc_empty_space height=&#8221;200px&#8221;][vc_row_inner row_type=&#8221;row&#8221; type=&#8221;grid&#8221; text_align=&#8221;left&#8221; css_animation=&#8221;&#8221;][vc_column_inner][qode_elements_holder number_of_columns=&#8221;one_column&#8221;][qode_elements_holder_item vertical_alignment=&#8221;middle&#8221; horizontal_alignment=&#8221;center&#8221; advanced_animations=&#8221;no&#8221;][vc_column_text]<\/p>\n<h1 style=\"text-align: center;\"><span style=\"color: #ffffff;\">Chcesz dowiedzie\u0107 si\u0119 wi\u0119cej?<\/span><\/h1>\n<p>[\/vc_column_text][vc_separator type=&#8221;small&#8221; position=&#8221;center&#8221; color=&#8221;#e82429&#8243; thickness=&#8221;2px&#8221;][vc_column_text]<\/p>\n<h4 style=\"text-align: center;\"><span style=\"color: #ffffff;\">Skontaktuj si\u0119 z nami tak, jak lubisz.<\/span><\/h4>\n<p>[\/vc_column_text][\/qode_elements_holder_item][\/qode_elements_holder][\/vc_column_inner][\/vc_row_inner][vc_empty_space height=&#8221;100px&#8221;][\/vc_column][\/vc_row][vc_row row_type=&#8221;parallax&#8221; header_style=&#8221;dark&#8221; parallax_content_width=&#8221;full_width&#8221; text_align=&#8221;center&#8221; full_screen_section_height=&#8221;no&#8221; css=&#8221;.vc_custom_1594760813153{padding-top: 70px !important;background-position: center !important;background-repeat: no-repeat !important;background-size: cover !important;}&#8221; background_image=&#8221;1816&#8243;][vc_column parallax=&#8221;content-moving&#8221; parallax_image=&#8221;2455&#8243; css=&#8221;.vc_custom_1688396483768{background-color: #000000 !important;}&#8221;][vc_empty_space height=&#8221;30px&#8221;][vc_row_inner row_type=&#8221;row&#8221; type=&#8221;full_width&#8221; text_align=&#8221;left&#8221; css_animation=&#8221;&#8221;][vc_column_inner width=&#8221;1\/2&#8243;][qode_elements_holder number_of_columns=&#8221;one_column&#8221;][qode_elements_holder_item vertical_alignment=&#8221;middle&#8221; horizontal_alignment=&#8221;center&#8221; advanced_animations=&#8221;no&#8221; item_padding=&#8221;70px 70px 70px 70px&#8221;][vc_empty_space height=&#8221;15px&#8221;][vc_column_text]<\/p>\n<h5 style=\"text-align: center;\"><span style=\"color: #ffffff;\">24H TECHNICZNE CENTRUM POMOCY<\/span><\/h5>\n<p>[\/vc_column_text][vc_empty_space height=&#8221;30px&#8221;][vc_single_image image=&#8221;1397&#8243; img_size=&#8221;full&#8221; alignment=&#8221;center&#8221; qode_css_animation=&#8221;&#8221;][vc_empty_space height=&#8221;15px&#8221;][vc_column_text]<\/p>\n<p style=\"text-align: center;\"><span class=\"break-words\"><span dir=\"ltr\"><span style=\"color: #ffffff;\">W <strong>\u015awi\u0119ta i Sylwestra<\/strong> Techniczne Centrum Pomocy pracuje, tak jak ka\u017cdego dnia w roku 24\/7<\/span><br \/>\n<\/span><\/span><\/p>\n<p>[\/vc_column_text][\/qode_elements_holder_item][\/qode_elements_holder][\/vc_column_inner][vc_column_inner width=&#8221;1\/2&#8243; css=&#8221;.vc_custom_1688396525215{background-color: #c1c1c1 !important;}&#8221;][qode_elements_holder number_of_columns=&#8221;one_column&#8221;][qode_elements_holder_item vertical_alignment=&#8221;middle&#8221; horizontal_alignment=&#8221;left&#8221; advanced_animations=&#8221;no&#8221; item_padding=&#8221;70px 70px 70px 70px&#8221;][vc_column_text]<span style=\"color: #000000;\">Je\u015bli jeste\u015b Klientem sieci Landtech \u2013 skorzystaj z poni\u017cszego maila lub telefonu. Na stra\u017cy stoj\u0105 kompetentni profesjonali\u015bci, kt\u00f3rzy wiedz\u0105 jak Tobie pom\u00f3c.<\/span><\/p>\n<p>&nbsp;<\/p>\n<div class=\"o9v6fnle cxmmr5t8 oygrvhab hcukyx3x c1et5uql\"><\/div>\n<p>[\/vc_column_text][\/qode_elements_holder_item][\/qode_elements_holder][qode_elements_holder number_of_columns=&#8221;one_column&#8221;][qode_elements_holder_item vertical_alignment=&#8221;middle&#8221; horizontal_alignment=&#8221;left&#8221; advanced_animations=&#8221;no&#8221; item_padding=&#8221;0px 70px 70px 70px&#8221;]<div class=\"q_icon_list\"><span aria-hidden=\"true\" class=\"qode_icon_font_elegant icon_mobile qode-ili-icon-holder transparent\" style=\"font-size: 30px;color: #ed1c24;\" ><\/span><p style=\"color:#000000;font-size: 40px;font-weight: 600;margin-bottom: 0px;\">(22) 101 06 02<\/p><\/div>[vc_empty_space]<div class=\"q_icon_list\"><span aria-hidden=\"true\" class=\"qode_icon_font_elegant icon_mail qode-ili-icon-holder transparent\" style=\"font-size: 30px;color: #ed1c24;\" ><\/span><p style=\"color:#000000;font-size: 40px;font-weight: 600;margin-bottom: 0px;\">bok@landtech.com.pl<\/p><\/div>[\/qode_elements_holder_item][\/qode_elements_holder][\/vc_column_inner][\/vc_row_inner][vc_empty_space height=&#8221;52px&#8221;][\/vc_column][\/vc_row][vc_row css_animation=&#8221;&#8221; row_type=&#8221;row&#8221; use_row_as_full_screen_section=&#8221;no&#8221; type=&#8221;full_width&#8221; angled_section=&#8221;no&#8221; text_align=&#8221;left&#8221; background_image_as_pattern=&#8221;without_pattern&#8221;][vc_column][vc_row_inner row_type=&#8221;row&#8221; type=&#8221;full_width&#8221; text_align=&#8221;left&#8221; css_animation=&#8221;&#8221;][vc_column_inner width=&#8221;1\/2&#8243; css=&#8221;.vc_custom_1597771323688{background-color: #ffffff !important;}&#8221;][qode_elements_holder number_of_columns=&#8221;one_column&#8221;][qode_elements_holder_item vertical_alignment=&#8221;middle&#8221; horizontal_alignment=&#8221;center&#8221; advanced_animations=&#8221;no&#8221; item_padding=&#8221;70px 70px 70px 70px&#8221;][vc_empty_space height=&#8221;15px&#8221;][vc_column_text]<\/p>\n<h5 style=\"text-align: center;\"><span style=\"color: #333333;\">Dzia\u0142 handlowy<\/span><\/h5>\n<p>[\/vc_column_text][vc_single_image image=&#8221;1394&#8243; img_size=&#8221;full&#8221; alignment=&#8221;center&#8221; qode_css_animation=&#8221;&#8221;][vc_empty_space height=&#8221;15px&#8221;][vc_column_text]<\/p>\n<p style=\"text-align: center;\"><span style=\"color: #333333;\">Mo\u017cesz liczy\u0107 na ich fachow\u0105 wiedz\u0119, elastyczn\u0105 dost\u0119pno\u015b\u0107 i ofert\u0119 dostosowan\u0105 do tego, czego naprawd\u0119 potrzebujesz.<\/span><\/p>\n<p>[\/vc_column_text][\/qode_elements_holder_item][\/qode_elements_holder][qode_elements_holder number_of_columns=&#8221;one_column&#8221;][qode_elements_holder_item horizontal_alignment=&#8221;left&#8221; advanced_animations=&#8221;no&#8221; item_padding=&#8221;0px 70px 70px 70px&#8221;]<div class=\"q_icon_list\"><span aria-hidden=\"true\" class=\"qode_icon_font_elegant icon_mail qode-ili-icon-holder transparent\" style=\"font-size: 19px;color: #ed1c24;\" ><\/span><p style=\"color:#000000;font-size: 16px;font-weight: 400;margin-bottom: 0px;\">sales@landtech.com.pl<\/p><\/div><div class=\"q_icon_list\"><span aria-hidden=\"true\" class=\"qode_icon_font_elegant icon_mail qode-ili-icon-holder transparent\" style=\"font-size: 19px;color: #ed1c24;\" ><\/span><p style=\"color:#000000;font-size: 16px;font-weight: 400;margin-bottom: 0px;\">jakub.korpysz@landtech.com.pl<\/p><\/div><div class=\"q_icon_list\"><span aria-hidden=\"true\" class=\"qode_icon_font_elegant icon_mail qode-ili-icon-holder transparent\" style=\"font-size: 19px;color: #ed1c24;\" ><\/span><p style=\"color:#000000;font-size: 16px;font-weight: 400;margin-bottom: 0px;\">michal.miernicki@landtech.com.pl<\/p><\/div>[\/qode_elements_holder_item][\/qode_elements_holder][\/vc_column_inner][vc_column_inner width=&#8221;1\/2&#8243; css=&#8221;.vc_custom_1597771299209{background-color: #f7f7f7 !important;}&#8221;][qode_elements_holder number_of_columns=&#8221;one_column&#8221;][qode_elements_holder_item vertical_alignment=&#8221;middle&#8221; horizontal_alignment=&#8221;center&#8221; advanced_animations=&#8221;no&#8221; item_padding=&#8221;70px 70px 70px 70px&#8221;][vc_empty_space height=&#8221;15px&#8221;][vc_column_text]<\/p>\n<h5 style=\"text-align: center;\"><span style=\"color: #333333;\">Dzia\u0142 marketingu<\/span><\/h5>\n<p>[\/vc_column_text][vc_empty_space height=&#8221;15px&#8221;][vc_single_image image=&#8221;1396&#8243; img_size=&#8221;full&#8221; alignment=&#8221;center&#8221; qode_css_animation=&#8221;&#8221;][vc_column_text]<\/p>\n<p style=\"text-align: center;\"><span style=\"color: #333333;\">Je\u015bli chcia\u0142by\u015b zaprosi\u0107 nas na jakie\u015b wydarzenie bran\u017cowe, zaoferowa\u0107 nam swoje us\u0142ugi reklamowe lub nawi\u0105za\u0107 inny kontakt biznesowy \u2013 zapraszamy Ci\u0119 do komunikacji.<\/span><\/p>\n<p>[\/vc_column_text][\/qode_elements_holder_item][\/qode_elements_holder][qode_elements_holder number_of_columns=&#8221;one_column&#8221;][qode_elements_holder_item vertical_alignment=&#8221;middle&#8221; horizontal_alignment=&#8221;left&#8221; advanced_animations=&#8221;no&#8221; item_padding=&#8221;0px 70px 70px 70px&#8221;]<div class=\"q_icon_list\"><span aria-hidden=\"true\" class=\"qode_icon_font_elegant icon_mail qode-ili-icon-holder transparent\" style=\"font-size: 19px;color: #ed1c24;\" ><\/span><p style=\"color:#000000;font-size: 16px;font-weight: 400;margin-bottom: 0px;\">marketing@landtech.com.pl<\/p><\/div>[\/qode_elements_holder_item][\/qode_elements_holder][\/vc_column_inner][\/vc_row_inner][\/vc_column][\/vc_row][vc_row css_animation=&#8221;&#8221; row_type=&#8221;row&#8221; use_row_as_full_screen_section=&#8221;no&#8221; type=&#8221;full_width&#8221; angled_section=&#8221;no&#8221; text_align=&#8221;left&#8221; background_image_as_pattern=&#8221;without_pattern&#8221; z_index=&#8221;&#8221; css=&#8221;.vc_custom_1597746664124{padding-bottom: 0px !important;background-image: url(https:\/\/landtech.com.pl\/wp-content\/uploads\/2019\/09\/Home-background-image-3.png?id=418) !important;background-position: center !important;background-repeat: no-repeat !important;background-size: cover !important;}&#8221;][vc_column width=&#8221;1\/2&#8243;][qode_elements_holder number_of_columns=&#8221;one_column&#8221;][qode_elements_holder_item vertical_alignment=&#8221;middle&#8221; horizontal_alignment=&#8221;left&#8221; advanced_animations=&#8221;no&#8221; item_padding=&#8221;70px 70px 70px 70px&#8221;][vc_column_text]<\/p>\n<h5 style=\"text-align: center;\"><strong>PUNKTY KONTAKTOWE DLA ORGAN\u00d3W PA\u0143STW CZ\u0141ONKOWSKICH, KOMISJI I RADY US\u0141UG CYFROWYCH<\/strong><\/h5>\n<p>[\/vc_column_text][vc_single_image image=&#8221;1394&#8243; img_size=&#8221;full&#8221; alignment=&#8221;center&#8221; qode_css_animation=&#8221;&#8221;][vc_empty_space height=&#8221;15px&#8221;][vc_column_text]<\/p>\n<p style=\"text-align: center;\">Stosownie do art. 11 Rozporz\u0105dzenia Parlamentu Europejskiego i Rady (UE) 2022\/2065 z dnia 19 pa\u017adziernika 2022 r. w sprawie jednolitego rynku us\u0142ug cyfrowych oraz zmiany dyrektywy 2000\/31\/WE (Akt o Us\u0142ugach Cyfrowych dalej: \u201cDSA\u201d), jako dostawca us\u0142ug po\u015brednich wyznaczyli\u015bmy pojedynczy punkt kontaktowy dla organ\u00f3w pa\u0144stw cz\u0142onkowskich, Komisji Europejskiej i Rady Us\u0142ug Cyfrowych.<\/p>\n<p style=\"text-align: center;\">Komunikacj\u0119 prowadzimy w j\u0119zyku polskim i angielskim<\/p>\n<p>[\/vc_column_text][\/qode_elements_holder_item][\/qode_elements_holder][qode_elements_holder number_of_columns=&#8221;one_column&#8221;][qode_elements_holder_item vertical_alignment=&#8221;middle&#8221; horizontal_alignment=&#8221;left&#8221; advanced_animations=&#8221;no&#8221; item_padding=&#8221;0px 70px 70px 70px&#8221;]<div class=\"q_icon_list\"><span aria-hidden=\"true\" class=\"qode_icon_font_elegant icon_mail qode-ili-icon-holder transparent\" style=\"font-size: 19px;color: #ed1c24;\" ><\/span><p style=\"color:#000000;font-size: 16px;font-weight: 400;margin-bottom: 0px;\">dsa@landtech.com.pl<\/p><\/div>[\/qode_elements_holder_item][\/qode_elements_holder][\/vc_column][vc_column width=&#8221;1\/2&#8243;][qode_elements_holder number_of_columns=&#8221;one_column&#8221;][qode_elements_holder_item vertical_alignment=&#8221;middle&#8221; horizontal_alignment=&#8221;left&#8221; advanced_animations=&#8221;no&#8221; item_padding=&#8221;70px 70px 70px 70px&#8221;][vc_column_text]<\/p>\n<h5 style=\"text-align: center;\"><strong>PUNKTY KONTAKTOWE DLA ODBIORC\u00d3W US\u0141UG<\/strong><\/h5>\n<p>[\/vc_column_text][vc_single_image image=&#8221;1394&#8243; img_size=&#8221;full&#8221; alignment=&#8221;center&#8221; qode_css_animation=&#8221;&#8221;][vc_empty_space height=&#8221;15px&#8221;][vc_column_text]<\/p>\n<p style=\"text-align: center;\">Stosownie do art. 12 Rozporz\u0105dzenia Parlamentu Europejskiego i Rady (UE) 2022\/2065 z dnia 19 pa\u017adziernika 2022 r. w sprawie jednolitego rynku us\u0142ug cyfrowych oraz zmiany dyrektywy 2000\/31\/WE (Akt o Us\u0142ugach Cyfrowych dalej: \u201cDSA\u201d), jako dostawca us\u0142ug po\u015brednich wyznaczyli\u015bmy pojedynczy punkt kontaktowy dla odbiorc\u00f3w us\u0142ug.<\/p>\n<p>[\/vc_column_text][\/qode_elements_holder_item][\/qode_elements_holder][qode_elements_holder number_of_columns=&#8221;one_column&#8221;][qode_elements_holder_item vertical_alignment=&#8221;middle&#8221; horizontal_alignment=&#8221;left&#8221; advanced_animations=&#8221;no&#8221; item_padding=&#8221;0px 70px 70px 70px&#8221;]<div class=\"q_icon_list\"><span aria-hidden=\"true\" class=\"qode_icon_font_elegant icon_mail qode-ili-icon-holder transparent\" style=\"font-size: 19px;color: #ed1c24;\" ><\/span><p style=\"color:#000000;font-size: 16px;font-weight: 400;margin-bottom: 0px;\">dsa@landtech.com.pl<\/p><\/div>[\/qode_elements_holder_item][\/qode_elements_holder][\/vc_column][vc_column width=&#8221;1\/2&#8243; css=&#8221;.vc_custom_1597771299209{background-color: #f7f7f7 !important;}&#8221;][qode_elements_holder number_of_columns=&#8221;one_column&#8221;][qode_elements_holder_item vertical_alignment=&#8221;middle&#8221; horizontal_alignment=&#8221;left&#8221; advanced_animations=&#8221;no&#8221; item_padding=&#8221;70px 70px 70px 70px&#8221;][vc_column_text]<\/p>\n<h4 style=\"text-align: left;\"><span style=\"color: #333333;\">Mo\u017cesz odwiedzi\u0107 nas w naszym biurze<br \/>\n<\/span><\/h4>\n<p>[\/vc_column_text][vc_separator type=&#8221;small&#8221; position=&#8221;left&#8221; color=&#8221;#ea2227&#8243;][vc_column_text]<\/p>\n<p style=\"text-align: left;\"><span style=\"color: #333333;\">Jeste\u015bmy dla was dost\u0119pni w godz. 8:00 &#8211; 16:00<br \/>\n<\/span><\/p>\n<p>[\/vc_column_text][vc_empty_space]<div class=\"q_icon_list\"><span aria-hidden=\"true\" class=\"qode_icon_font_elegant icon_map qode-ili-icon-holder transparent\" style=\"font-size: 19px;color: #ed1c24;\" ><\/span><p style=\"color:#858585;font-size: 16px;font-weight: 400;margin-bottom: 0px;\">ul. Siemiradzkiego 25, 05-820 Piast\u00f3w<\/p><\/div><div class=\"q_icon_list\"><span aria-hidden=\"true\" class=\"qode_icon_font_elegant icon_mail qode-ili-icon-holder transparent\" style=\"font-size: 19px;color: #ed1c24;\" ><\/span><p style=\"color:#858585;font-size: 16px;font-weight: 400;margin-bottom: 0px;\">biuro@landtech.com.pl (obs\u0142uga um\u00f3w w tym reklamacji) <\/p><\/div><div class=\"q_icon_list\"><span aria-hidden=\"true\" class=\"qode_icon_font_elegant icon_mobile qode-ili-icon-holder transparent\" style=\"font-size: 19px;color: #ed1c24;\" ><\/span><p style=\"color:#858585;font-size: 16px;font-weight: 400;margin-bottom: 0px;\">(22) 266 00 00<\/p><\/div><span style=\"color: #858585; font-size: 16px; margin: 0; padding: 0; line-height: 1;\">Landtech Sp. z o. o. z siedzib\u0105 w Piastowie wpisana do Krajowego Rejestru S\u0105dowego, S\u0105d Rejonowy dla m. st. Warszawy w Warszawie XIV Wydzia\u0142 Gospodarczy KRS:0000592610 NIP: 5342374686, REGON: 141187940,<br \/>\nkapita\u0142 zak\u0142adowy 500.000 z\u0142<\/span><br \/>\n<a href=\"https:\/\/landtech.com.pl\/files\/UDOGODNIENIA_I_USLUGI_PRZEZNACZONE_DLA_UZYTKOWNIKOW_KONCOWYCH_Z_NIEPELNOSPRAWNOSCIAMI.pdf\">UDOGODNIENIA I US\u0141UGI PRZEZNACZONE DLA U\u017bYTKOWNIK\u00d3W KO\u0143COWYCH Z NIEPE\u0141NOSPRAWNO\u015aCIAMI.<br \/>\n<\/a>[vc_empty_space][vc_raw_html]JTVCY29udGFjdC1mb3JtLTclMjBpZCUzRCUyMjI0OTUlMjIlMjB0aXRsZSUzRCUyMiUzQXBsTm93eSUyMGtvbnRha3QlM0ElMjIlNUQ=[\/vc_raw_html][\/qode_elements_holder_item][\/qode_elements_holder][\/vc_column][vc_column width=&#8221;1\/2&#8243;][vc_raw_html css=&#8221;.vc_custom_1601283418649{margin-top: 0px !important;margin-right: 0px !important;margin-bottom: 0px !important;margin-left: 0px !important;background-position: center !important;background-repeat: no-repeat !important;background-size: cover !important;}&#8221;]JTNDaWZyYW1lJTIwc3JjJTNEJTIyaHR0cHMlM0ElMkYlMkZ3d3cuZ29vZ2xlLmNvbSUyRm1hcHMlMkZlbWJlZCUzRnBiJTNEJTIxMW0xOCUyMTFtMTIlMjExbTMlMjExZDI0NDYuMTczMTU2MTg5NjglMjEyZDIwLjg0NTkxNTUxNTc5NTA3OCUyMTNkNTIuMTg1NzI1MTc5NzUyMzElMjEybTMlMjExZjAlMjEyZjAlMjEzZjAlMjEzbTIlMjExaTEwMjQlMjEyaTc2OCUyMTRmMTMuMSUyMTNtMyUyMTFtMiUyMTFzMHg0NzE5MzVhNzczNTFkOGViJTI1M0EweDViNzc3ZDNkZWQ0ODY5ZWIlMjEyc0xhbmR0ZWNoJTI1MjBTcC4lMjUyMHolMjUyMG8uby4lMjE1ZTAlMjEzbTIlMjExc3BsJTIxMnNjeiUyMTR2MTU3MDY5MDcwNDM1NCUyMTVtMiUyMTFzcGwlMjEyc2N6JTIyJTIwd2lkdGglM0QlMjI5NjAlMjIlMjBoZWlnaHQlM0QlMjI3MDAlMjIlMjBmcmFtZWJvcmRlciUzRCUyMjAlMjIlMjBzdHlsZSUzRCUyMmJvcmRlciUzQTAlM0IlMjIlMjBhbGxvd2Z1bGxzY3JlZW4lM0QlMjIlMjIlM0UlM0MlMkZpZnJhbWUlM0U=[\/vc_raw_html][\/vc_column][\/vc_row]<\/p>\n","protected":false},"excerpt":{"rendered":"<p>[vc_row row_type=&#8221;parallax&#8221; parallax_content_width=&#8221;full_width&#8221; text_align=&#8221;left&#8221; full_screen_section_height=&#8221;no&#8221; background_image=&#8221;1816&#8243;][vc_column][vc_empty_space height=&#8221;200px&#8221;][vc_row_inner row_type=&#8221;row&#8221; type=&#8221;grid&#8221; text_align=&#8221;left&#8221; css_animation=&#8221;&#8221;][vc_column_inner][qode_elements_holder number_of_columns=&#8221;one_column&#8221;][qode_elements_holder_item vertical_alignment=&#8221;middle&#8221; horizontal_alignment=&#8221;center&#8221; advanced_animations=&#8221;no&#8221;][vc_column_text] Chcesz dowiedzie\u0107 si\u0119 wi\u0119cej? [\/vc_column_text][vc_separator type=&#8221;small&#8221; position=&#8221;center&#8221; color=&#8221;#e82429&#8243; thickness=&#8221;2px&#8221;][vc_column_text] Skontaktuj si\u0119 z nami tak, jak lubisz. [\/vc_column_text][\/qode_elements_holder_item][\/qode_elements_holder][\/vc_column_inner][\/vc_row_inner][vc_empty_space height=&#8221;100px&#8221;][\/vc_column][\/vc_row][vc_row row_type=&#8221;parallax&#8221; header_style=&#8221;dark&#8221; parallax_content_width=&#8221;full_width&#8221; text_align=&#8221;center&#8221; full_screen_section_height=&#8221;no&#8221; css=&#8221;.vc_custom_1594760813153{padding-top: 70px !important;background-position: center !important;background-repeat: no-repeat !important;background-size:&#8230;<\/p>\n","protected":false},"author":5,"featured_media":0,"parent":0,"menu_order":0,"comment_status":"closed","ping_status":"closed","template":"full_width.php","meta":{"footnotes":""},"_links":{"self":[{"href":"https:\/\/landtech.com.pl\/en\/wp-json\/wp\/v2\/pages\/121"}],"collection":[{"href":"https:\/\/landtech.com.pl\/en\/wp-json\/wp\/v2\/pages"}],"about":[{"href":"https:\/\/landtech.com.pl\/en\/wp-json\/wp\/v2\/types\/page"}],"author":[{"embeddable":true,"href":"https:\/\/landtech.com.pl\/en\/wp-json\/wp\/v2\/users\/5"}],"replies":[{"embeddable":true,"href":"https:\/\/landtech.com.pl\/en\/wp-json\/wp\/v2\/comments?post=121"}],"version-history":[{"count":80,"href":"https:\/\/landtech.com.pl\/en\/wp-json\/wp\/v2\/pages\/121\/revisions"}],"predecessor-version":[{"id":14254,"href":"https:\/\/landtech.com.pl\/en\/wp-json\/wp\/v2\/pages\/121\/revisions\/14254"}],"wp:attachment":[{"href":"https:\/\/landtech.com.pl\/en\/wp-json\/wp\/v2\/media?parent=121"}],"curies":[{"name":"wp","href":"https:\/\/api.w.org\/{rel}","templated":true}]}}