{"id":129,"date":"2018-03-20T12:52:48","date_gmt":"2018-03-20T12:52:48","guid":{"rendered":"http:\/\/bridge191.qodeinteractive.com\/?page_id=129"},"modified":"2022-12-02T15:22:48","modified_gmt":"2022-12-02T14:22:48","slug":"o-nas","status":"publish","type":"page","link":"https:\/\/landtech.com.pl\/en\/o-nas\/","title":{"rendered":"O nas"},"content":{"rendered":"<p>[vc_row css_animation=&#8221;&#8221; row_type=&#8221;row&#8221; use_row_as_full_screen_section=&#8221;no&#8221; type=&#8221;full_width&#8221; angled_section=&#8221;no&#8221; text_align=&#8221;left&#8221; background_image_as_pattern=&#8221;without_pattern&#8221;][vc_column parallax=&#8221;content-moving&#8221; parallax_image=&#8221;2050&#8243;][vc_row_inner row_type=&#8221;row&#8221; type=&#8221;full_width&#8221; text_align=&#8221;left&#8221; css_animation=&#8221;&#8221;][vc_column_inner][vc_empty_space height=&#8221;200px&#8221;][\/vc_column_inner][\/vc_row_inner][vc_row_inner row_type=&#8221;row&#8221; type=&#8221;grid&#8221; text_align=&#8221;left&#8221; css_animation=&#8221;&#8221;][vc_column_inner width=&#8221;5\/6&#8243;][vc_column_text]<\/p>\n<h1 style=\"text-align: right;\"><strong><span style=\"color: #ffffff;\">Kim jeste\u015bmy?<\/span><\/strong><\/h1>\n<p>[\/vc_column_text][vc_separator type=&#8221;small&#8221; position=&#8221;right&#8221; color=&#8221;#ec1c24&#8243;][vc_column_text]<\/p>\n<h4 style=\"text-align: right;\"><span style=\"color: #ffffff;\">Firm\u0105, kt\u00f3rej szukasz!<\/span><\/h4>\n<p>[\/vc_column_text][\/vc_column_inner][vc_column_inner width=&#8221;1\/6&#8243;][\/vc_column_inner][\/vc_row_inner][vc_empty_space height=&#8221;200px&#8221;][\/vc_column][\/vc_row][vc_row css_animation=&#8221;&#8221; row_type=&#8221;row&#8221; use_row_as_full_screen_section=&#8221;no&#8221; type=&#8221;full_width&#8221; angled_section=&#8221;no&#8221; text_align=&#8221;left&#8221; background_image_as_pattern=&#8221;without_pattern&#8221; css=&#8221;.vc_custom_1596717368449{background-color: #f7f7f7 !important;}&#8221; z_index=&#8221;&#8221;][vc_column][vc_row_inner row_type=&#8221;row&#8221; type=&#8221;full_width&#8221; text_align=&#8221;right&#8221; css_animation=&#8221;&#8221;][vc_column_inner width=&#8221;1\/2&#8243;][qode_elements_holder number_of_columns=&#8221;one_column&#8221;][qode_elements_holder_item vertical_alignment=&#8221;middle&#8221; horizontal_alignment=&#8221;right&#8221; advanced_animations=&#8221;no&#8221; item_padding=&#8221;100px 70px 70px 70px&#8221;][vc_column_text]<\/p>\n<h4 style=\"text-align: right;\"><span style=\"color: #333333;\">Jako <strong>za\u0142o\u017cyciele i liderzy firmy Landtech<\/strong> jeste\u015bmy odpowiedzialni za nadawanie kierunk\u00f3w i nieustanny rozw\u00f3j organizacji. Docieramy do Klient\u00f3w w kraju i za granic\u0105 z coraz bardziej zaawansowanymi produktami i us\u0142ugami, opartymi o niezawodne rozwi\u0105zania \u2013 w tym rozwi\u0105zania marki w\u0142asnej.<\/span><\/h4>\n<p>[\/vc_column_text][\/qode_elements_holder_item][\/qode_elements_holder][qode_elements_holder number_of_columns=&#8221;one_column&#8221;][qode_elements_holder_item vertical_alignment=&#8221;middle&#8221; horizontal_alignment=&#8221;right&#8221; advanced_animations=&#8221;no&#8221; item_padding=&#8221;0px 70px 70px 70px&#8221;]<a  itemprop=\"url\" href=\"\" target=\"_self\"  class=\"qbutton  enlarge\" style=\"\">Poznaj nas<\/a><a  itemprop=\"url\" href=\"https:\/\/landtech.com.pl\/oferta\/\" target=\"_self\"  class=\"qbutton  enlarge\" style=\"color: #dd3333; background-color: rgba(255,255,255,0.01);\">Oferta<\/a>[\/qode_elements_holder_item][\/qode_elements_holder][\/vc_column_inner][vc_column_inner width=&#8221;1\/2&#8243;][vc_single_image image=&#8221;2245&#8243; img_size=&#8221;825&#215;558&#8243; qode_css_animation=&#8221;&#8221;][\/vc_column_inner][\/vc_row_inner][\/vc_column][\/vc_row][vc_row css_animation=&#8221;&#8221; row_type=&#8221;row&#8221; use_row_as_full_screen_section=&#8221;no&#8221; type=&#8221;full_width&#8221; angled_section=&#8221;no&#8221; text_align=&#8221;left&#8221; background_image_as_pattern=&#8221;without_pattern&#8221; css=&#8221;.vc_custom_1595400962089{background-color: #ffffff !important;}&#8221; z_index=&#8221;&#8221;][vc_column][vc_row_inner row_type=&#8221;row&#8221; type=&#8221;full_width&#8221; text_align=&#8221;left&#8221; css_animation=&#8221;&#8221;][vc_column_inner width=&#8221;1\/2&#8243; css=&#8221;.vc_custom_1595277187330{padding-right: 0px !important;padding-bottom: 0px !important;}&#8221;][qode_elements_holder number_of_columns=&#8221;one_column&#8221;][qode_elements_holder_item vertical_alignment=&#8221;middle&#8221; horizontal_alignment=&#8221;center&#8221; advanced_animations=&#8221;no&#8221; item_padding=&#8221;70px 70px 70px 70px&#8221;][vc_column_text]<\/p>\n<h1 style=\"text-align: left;\"><strong>Nasze warto\u015bci<br \/>\n<\/strong><\/h1>\n<p>[\/vc_column_text][vc_separator type=&#8221;small&#8221; position=&#8221;left&#8221; color=&#8221;#ec1c24&#8243;][vc_column_text]<\/p>\n<h4 style=\"text-align: left;\"><span style=\"color: #333333;\">By\u0107 wiarygodnym. Dlatego u podstaw naszej firmy le\u017c\u0105 dwa zobowi\u0105zania:<\/span><\/h4>\n<p>[\/vc_column_text][vc_empty_space][vc_column_text]<\/p>\n<h4 style=\"text-align: left;\"><span style=\"color: #333333;\">#1 Wobec naszych klient\u00f3w<\/span><\/h4>\n<p>[\/vc_column_text][vc_empty_space][vc_tabs style=&#8221;boxed&#8221;][vc_tab title=&#8221;Rozumie\u0107 Klienta&#8221; tab_id=&#8221;830127f6-d304-2&#8243;][vc_column_text]Jego biznes, sytuacj\u0119 rynkow\u0105 i wewn\u0119trzn\u0105.\u00a0 Projektowa\u0107 rozwi\u0105zania, kt\u00f3rych potrzebuje, aby stabilnie prowadzi\u0107 firm\u0119 dzi\u015b i bezpiecznie rozwija\u0107 j\u0105 jutro.[\/vc_column_text][\/vc_tab][vc_tab title=&#8221;Bra\u0107 odpowiedzialno\u015b\u0107&#8221; tab_id=&#8221;1595275876799-2-2&#8243;][vc_column_text]Oferowa\u0107 jako\u015b\u0107 \u2013 nie tylko cen\u0119.<\/p>\n<p>Rozwija\u0107, udoskonala\u0107 i poszerza\u0107 istniej\u0105ce rozwi\u0105zania oraz tworzy\u0107 innowacyjne us\u0142ugi w\u0142asne.[\/vc_column_text][\/vc_tab][vc_tab title=&#8221;Dostarcza\u0107 dobre produkty&#8221; tab_id=&#8221;618d1991-ada1-5&#8243;][vc_column_text]By\u0107 dost\u0119pnym ka\u017cdego dnia, przez ca\u0142y okres wsp\u00f3\u0142pracy \u2013 zapewnia\u0107 komfort, jakie daje bezpiecze\u0144stwo i jako\u015b\u0107 dobrze nadzorowanej sieci.[\/vc_column_text][\/vc_tab][\/vc_tabs][\/qode_elements_holder_item][\/qode_elements_holder][\/vc_column_inner][vc_column_inner width=&#8221;1\/2&#8243; css=&#8221;.vc_custom_1595277200478{padding-bottom: 0px !important;padding-left: 0px !important;}&#8221;][qode_elements_holder number_of_columns=&#8221;one_column&#8221;][qode_elements_holder_item vertical_alignment=&#8221;middle&#8221; horizontal_alignment=&#8221;center&#8221; advanced_animations=&#8221;no&#8221; item_padding=&#8221;0px 0px 0px 0px&#8221;][vc_single_image image=&#8221;2299&#8243; img_size=&#8221;full&#8221; qode_css_animation=&#8221;&#8221;][\/qode_elements_holder_item][\/qode_elements_holder][\/vc_column_inner][\/vc_row_inner][vc_row_inner row_type=&#8221;row&#8221; type=&#8221;full_width&#8221; text_align=&#8221;left&#8221; css_animation=&#8221;&#8221; css=&#8221;.vc_custom_1595312721500{background-color: #ffffff !important;}&#8221;][vc_column_inner width=&#8221;1\/2&#8243; css=&#8221;.vc_custom_1595277211204{padding-top: 0px !important;padding-right: 0px !important;padding-bottom: 0px !important;}&#8221;][qode_elements_holder number_of_columns=&#8221;one_column&#8221;][qode_elements_holder_item vertical_alignment=&#8221;middle&#8221; horizontal_alignment=&#8221;center&#8221; advanced_animations=&#8221;no&#8221; item_padding=&#8221;0px 0px 0px 0px&#8221;][vc_single_image image=&#8221;2293&#8243; img_size=&#8221;full&#8221; qode_css_animation=&#8221;&#8221;][\/qode_elements_holder_item][\/qode_elements_holder][\/vc_column_inner][vc_column_inner width=&#8221;1\/2&#8243; css=&#8221;.vc_custom_1595312714787{padding-top: 0px !important;padding-bottom: 0px !important;padding-left: 0px !important;}&#8221;][qode_elements_holder number_of_columns=&#8221;one_column&#8221;][qode_elements_holder_item vertical_alignment=&#8221;middle&#8221; horizontal_alignment=&#8221;center&#8221; advanced_animations=&#8221;no&#8221; item_padding=&#8221;70px 70px 70px 70px&#8221;][vc_empty_space][vc_column_text]<\/p>\n<h4 style=\"text-align: left;\"><span style=\"color: #333333;\">#2 Wobec naszych pracownik\u00f3w<\/span><\/h4>\n<p>[\/vc_column_text][vc_empty_space height=&#8221;52px&#8221;][vc_column_text]Nasz\u0105 domen\u0105 jest odwaga \u2013 poniewa\u017c wytrwale realizujemy to, w co wierzymy.<\/p>\n<p style=\"text-align: left;\">Zale\u017cy nam r\u00f3wnie\u017c na dalszym tworzeniu miejsca pracy \u0142\u0105cz\u0105cego kompetencje, zaanga\u017cowanie i przyjazne relacje wszystkich pracownik\u00f3w i wsp\u00f3\u0142pracownik\u00f3w firmy.<\/p>\n<p>[\/vc_column_text][vc_empty_space][\/qode_elements_holder_item][\/qode_elements_holder][\/vc_column_inner][\/vc_row_inner][vc_empty_space][\/vc_column][\/vc_row][vc_row css_animation=&#8221;&#8221; row_type=&#8221;row&#8221; use_row_as_full_screen_section=&#8221;no&#8221; type=&#8221;full_width&#8221; angled_section=&#8221;no&#8221; text_align=&#8221;left&#8221; background_image_as_pattern=&#8221;without_pattern&#8221; css=&#8221;.vc_custom_1596522195943{background-image: url(https:\/\/landtech.com.pl\/wp-content\/uploads\/2020\/07\/opinie-landtech-telekomunikacja-biznes-internet-1.jpg?id=2045) !important;background-position: center !important;background-repeat: no-repeat !important;background-size: cover !important;}&#8221; z_index=&#8221;&#8221;][vc_column parallax=&#8221;content-moving&#8221;][vc_row_inner row_type=&#8221;row&#8221; type=&#8221;grid&#8221; text_align=&#8221;left&#8221; css_animation=&#8221;&#8221;][vc_column_inner][qode_elements_holder number_of_columns=&#8221;one_column&#8221;][qode_elements_holder_item vertical_alignment=&#8221;middle&#8221; horizontal_alignment=&#8221;center&#8221; advanced_animations=&#8221;no&#8221; item_padding=&#8221;215px 18% 178px&#8221;][vc_column_text]<\/p>\n<h1 style=\"text-align: center;\"><span style=\"color: #ffffff;\">Co o nas m\u00f3wi\u0105?<\/span><\/h1>\n<p>[\/vc_column_text][vc_separator type=&#8221;small&#8221; position=&#8221;center&#8221; color=&#8221;#dd3333&#8243;]<div class='testimonials_holder clearfix dark'><div class=\"testimonials testimonials_carousel\" data-show-navigation=\"yes\" data-animation-type=\"fade\" data-animation-speed=\"\" data-auto-rotate-slides=\"3\" data-number-per-slide=\"1\"><ul class=\"slides\"><li id=\"testimonials260\" class=\"testimonial_content\"><div class=\"testimonial_content_inner\"><div class=\"testimonial_text_holder\"><div class=\"testimonial_text_inner\" style=\"\"><p>\"Zadania powierzone firmie Landtech Sp. z o.o. zosta\u0142y wykonane z nale\u017cyt\u0105 staranno\u015bci\u0105, profesjonalnie, terminowo i zgodnie z obowi\u0105zuj\u0105cymi standardami naszej firmy. Dotychczasowa wsp\u00f3\u0142praca pozwala nam poleci\u0107 Landtech Sp. z o.o. firmom i instytucjom poszukuj\u0105cym solidnego dostawcy us\u0142ug telekomunikacyjnych.\"<\/p><p class=\"testimonial_author\" style=\"\">T-Mobile Polska S.A.<\/p><\/div><\/div><\/div><\/li><li id=\"testimonials259\" class=\"testimonial_content\"><div class=\"testimonial_content_inner\"><div class=\"testimonial_text_holder\"><div class=\"testimonial_text_inner\" style=\"\"><p>\"Du\u017ce zaanga\u017cowanie, kompetencje oraz bezpo\u015bredni kontakt ze strony wykonawcy pozwoli\u0142y nam na otrzymanie finalnego produktu w postaci sprawnie dzia\u0142aj\u0105cej sieci IT, kt\u00f3ra spe\u0142nia nasze wszystkie wymagania.\"<\/p><p class=\"testimonial_author\" style=\"\">Oxylion<\/p><\/div><\/div><\/div><\/li><li id=\"testimonials258\" class=\"testimonial_content\"><div class=\"testimonial_content_inner\"><div class=\"testimonial_text_holder\"><div class=\"testimonial_text_inner\" style=\"\"><p>\"Rozwi\u0105zania Landtech Sp. z o.o. wybrali\u015bmy ze wzgledu na jako\u015b\u0107 oraz terminowo\u015b\u0107 ich realizacji, co dla naszych sklep\u00f3w jest jednym z wa\u017cniejszych element\u00f3w. Firma wyr\u00f3\u017cnia  si\u0119 solidno\u015bci\u0105, profesjonalizmem, a realizacja zam\u00f3wie\u0144 przez pracownik\u00f3w firmy Landtech pokrywa si\u0119 z naszymi oczekiwaniami.\"<\/p><p class=\"testimonial_author\" style=\"\">Rossmann SDP Sp. z o.o.<\/p><\/div><\/div><\/div><\/li><li id=\"testimonials257\" class=\"testimonial_content\"><div class=\"testimonial_content_inner\"><div class=\"testimonial_text_holder\"><div class=\"testimonial_text_inner\" style=\"\"><p>\"Wdro\u017cona i zamontowana infrastruktura teleinformatyczna pozwala w prawid\u0142owy spos\u00f3b realizowa\u0107 \u0142\u0105czno\u015b\u0107 pomi\u0119dzy plac\u00f3wkami sprzeda\u017cy, a urz\u0105dzeniami sieciowymi zainstalowanymi w centrali.\"<\/p><p class=\"testimonial_author\" style=\"\">\u017babka Polska S.A.<\/p><\/div><\/div><\/div><\/li><li id=\"testimonials231\" class=\"testimonial_content\"><div class=\"testimonial_content_inner\"><div class=\"testimonial_text_holder\"><div class=\"testimonial_text_inner\" style=\"\"><p>\"Bardzo dobre parametry \u0142\u0105cz oraz szybki i sprawny serwis utrzymany jest przez ca\u0142y okres dotychczasowej wsp\u00f3\u0142pracy. \u0141\u0105cza charakteryzuj\u0105 si\u0119 wysok\u0105 stabilno\u015bci\u0105 i zapewniaj\u0105 niezak\u0142\u00f3cony dost\u0119p do sieci Internet.\"<\/p><p class=\"testimonial_author\" style=\"\">Aldesa<\/p><\/div><\/div><\/div><\/li><li id=\"testimonials53\" class=\"testimonial_content\"><div class=\"testimonial_content_inner\"><div class=\"testimonial_text_holder\"><div class=\"testimonial_text_inner\" style=\"\"><p>Firma Landtech Sp. z o.o. da\u0142a si\u0119 pozna\u0107 jako solidny i wiarygodny partner, jeste\u015bmy jej wdzi\u0119czni za profesjonalne dostarczenie us\u0142ug teleinformatycznych dost\u0119pu do stabilnego \u0142\u0105cza internetowego. \r\nPolecamy firm\u0119 Landtech jako solidnego partnera telekomunikacyjnego.<\/p><p class=\"testimonial_author\" style=\"\">Budimex<\/p><\/div><\/div><\/div><\/li><\/ul><\/div><\/div>[\/qode_elements_holder_item][\/qode_elements_holder][\/vc_column_inner][\/vc_row_inner][\/vc_column][\/vc_row][vc_row css_animation=&#8221;&#8221; row_type=&#8221;row&#8221; use_row_as_full_screen_section=&#8221;no&#8221; type=&#8221;full_width&#8221; angled_section=&#8221;no&#8221; text_align=&#8221;left&#8221; background_image_as_pattern=&#8221;without_pattern&#8221; css=&#8221;.vc_custom_1595275566025{background-color: #ffffff !important;}&#8221; z_index=&#8221;&#8221;][vc_column][vc_empty_space height=&#8221;52px&#8221;][vc_empty_space height=&#8221;52px&#8221;][vc_empty_space height=&#8221;52px&#8221;][\/vc_column][\/vc_row][vc_row css_animation=&#8221;&#8221; row_type=&#8221;row&#8221; use_row_as_full_screen_section=&#8221;no&#8221; type=&#8221;grid&#8221; angled_section=&#8221;no&#8221; text_align=&#8221;left&#8221; background_image_as_pattern=&#8221;without_pattern&#8221; css=&#8221;.vc_custom_1595414504879{background-color: #ffffff !important;background-position: 0 0 !important;background-repeat: repeat !important;}&#8221; z_index=&#8221;&#8221;][vc_column][qode_elements_holder number_of_columns=&#8221;two_columns&#8221; columns_proportion=&#8221;66_33&#8243;][qode_elements_holder_item horizontal_alignment=&#8221;left&#8221; advanced_animations=&#8221;no&#8221; item_padding=&#8221;0px 30px 0px 15px&#8221; item_padding_768_1024=&#8221;0px 40px 0px 15px&#8221; item_padding_600_768=&#8221;0px 15px 40px&#8221; item_padding_480_600=&#8221;0px 15px 40px&#8221; item_padding_480=&#8221;0px 15px 40px&#8221;][vc_row_inner row_type=&#8221;row&#8221; type=&#8221;full_width&#8221; text_align=&#8221;left&#8221; css_animation=&#8221;&#8221; css=&#8221;.vc_custom_1595414282929{background-color: #3b3b3b !important;background-position: center !important;background-repeat: no-repeat !important;background-size: cover !important;}&#8221; el_class=&#8221;eh-shadow&#8221;][vc_column_inner css=&#8221;.vc_custom_1521471216750{padding-top: 8% !important;padding-right: 9% !important;padding-bottom: 8% !important;padding-left: 9% !important;}&#8221;][vc_column_text]<\/p>\n<h3><span style=\"color: #ffffff;\">Kariera<br \/>\n<\/span><\/h3>\n<p>[\/vc_column_text][vc_separator type=&#8221;small&#8221; position=&#8221;left&#8221; color=&#8221;#ec1c24&#8243;][vc_column_text]<span style=\"color: #ffffff;\">Jeste\u015bmy przyjazn\u0105, rodzinn\u0105 firm\u0105. Dlatego ufamy naszym pracownikom tak samo, jak ufamy naszym klientom.<\/span><\/p>\n<p><span style=\"color: #ffffff;\">Konkretna \u015bcie\u017cka kariery. Jasno okre\u015blone etapy rozwoju i wymagania do kolejnych awans\u00f3w. Wewn\u0119trzne sta\u017ce, szkolenia i programy rozwojowe.\u00a0<\/span>[\/vc_column_text][vc_empty_space height=&#8221;20px&#8221;]<a  itemprop=\"url\" href=\"https:\/\/landtech.com.pl\/kariera\/oferty-pracy\/\" target=\"_self\"  class=\"qbutton  default\" style=\"\">Znajd\u017a ofert\u0119 dla siebie<span aria-hidden=\"true\" class=\"qode_icon_font_elegant arrow_carrot-2right qode_button_icon_element\" style=\"\" ><\/span><\/a>[\/vc_column_inner][\/vc_row_inner][\/qode_elements_holder_item][qode_elements_holder_item cover=&#8221;yes&#8221; horizontal_alignment=&#8221;center&#8221; advanced_animations=&#8221;no&#8221; background_color=&#8221;#ffffff&#8221; background_image=&#8221;429&#8243; item_padding_600_768=&#8221;180px 60px&#8221; item_padding_480_600=&#8221;160px 15px&#8221; item_padding_480=&#8221;160px 15px&#8221; custom_class=&#8221;eh-shadow&#8221;][\/qode_elements_holder_item][\/qode_elements_holder][\/vc_column][\/vc_row][vc_row css_animation=&#8221;&#8221; row_type=&#8221;row&#8221; use_row_as_full_screen_section=&#8221;no&#8221; type=&#8221;grid&#8221; angled_section=&#8221;no&#8221; text_align=&#8221;center&#8221; background_image_as_pattern=&#8221;without_pattern&#8221; z_index=&#8221;&#8221; css=&#8221;.vc_custom_1595421463070{margin-top: -165px !important;padding-top: 60px !important;padding-bottom: 0px !important;background-color: #000000 !important;background-position: center !important;background-repeat: no-repeat !important;background-size: cover !important;}&#8221;][vc_column][qode_elements_holder number_of_columns=&#8221;one_column&#8221;][qode_elements_holder_item advanced_animations=&#8221;no&#8221; item_padding=&#8221;30px 18% 30px&#8221; item_padding_1280_1440=&#8221;215px 15% 178px&#8221; item_padding_1024_1280=&#8221;215px 13% 178px&#8221; item_padding_768_1024=&#8221;215px 8% 178px&#8221; item_padding_600_768=&#8221;215px 2% 178px&#8221; item_padding_480_600=&#8221;215px 2% 178px&#8221; item_padding_480=&#8221;215px 2% 178px&#8221;][\/qode_elements_holder_item][\/qode_elements_holder][\/vc_column][\/vc_row]<\/p>\n","protected":false},"excerpt":{"rendered":"<p>[vc_row css_animation=&#8221;&#8221; row_type=&#8221;row&#8221; use_row_as_full_screen_section=&#8221;no&#8221; type=&#8221;full_width&#8221; angled_section=&#8221;no&#8221; text_align=&#8221;left&#8221; background_image_as_pattern=&#8221;without_pattern&#8221;][vc_column parallax=&#8221;content-moving&#8221; parallax_image=&#8221;2050&#8243;][vc_row_inner row_type=&#8221;row&#8221; type=&#8221;full_width&#8221; text_align=&#8221;left&#8221; css_animation=&#8221;&#8221;][vc_column_inner][vc_empty_space height=&#8221;200px&#8221;][\/vc_column_inner][\/vc_row_inner][vc_row_inner row_type=&#8221;row&#8221; type=&#8221;grid&#8221; text_align=&#8221;left&#8221; css_animation=&#8221;&#8221;][vc_column_inner width=&#8221;5\/6&#8243;][vc_column_text] Kim jeste\u015bmy? [\/vc_column_text][vc_separator type=&#8221;small&#8221; position=&#8221;right&#8221; color=&#8221;#ec1c24&#8243;][vc_column_text] Firm\u0105, kt\u00f3rej szukasz! [\/vc_column_text][\/vc_column_inner][vc_column_inner width=&#8221;1\/6&#8243;][\/vc_column_inner][\/vc_row_inner][vc_empty_space height=&#8221;200px&#8221;][\/vc_column][\/vc_row][vc_row css_animation=&#8221;&#8221; row_type=&#8221;row&#8221; use_row_as_full_screen_section=&#8221;no&#8221; type=&#8221;full_width&#8221; angled_section=&#8221;no&#8221; text_align=&#8221;left&#8221; background_image_as_pattern=&#8221;without_pattern&#8221; css=&#8221;.vc_custom_1596717368449{background-color: #f7f7f7 !important;}&#8221; z_index=&#8221;&#8221;][vc_column][vc_row_inner row_type=&#8221;row&#8221; type=&#8221;full_width&#8221;&#8230;<\/p>\n","protected":false},"author":5,"featured_media":0,"parent":0,"menu_order":0,"comment_status":"closed","ping_status":"closed","template":"full_width.php","meta":{"footnotes":""},"_links":{"self":[{"href":"https:\/\/landtech.com.pl\/en\/wp-json\/wp\/v2\/pages\/129"}],"collection":[{"href":"https:\/\/landtech.com.pl\/en\/wp-json\/wp\/v2\/pages"}],"about":[{"href":"https:\/\/landtech.com.pl\/en\/wp-json\/wp\/v2\/types\/page"}],"author":[{"embeddable":true,"href":"https:\/\/landtech.com.pl\/en\/wp-json\/wp\/v2\/users\/5"}],"replies":[{"embeddable":true,"href":"https:\/\/landtech.com.pl\/en\/wp-json\/wp\/v2\/comments?post=129"}],"version-history":[{"count":54,"href":"https:\/\/landtech.com.pl\/en\/wp-json\/wp\/v2\/pages\/129\/revisions"}],"predecessor-version":[{"id":4454,"href":"https:\/\/landtech.com.pl\/en\/wp-json\/wp\/v2\/pages\/129\/revisions\/4454"}],"wp:attachment":[{"href":"https:\/\/landtech.com.pl\/en\/wp-json\/wp\/v2\/media?parent=129"}],"curies":[{"name":"wp","href":"https:\/\/api.w.org\/{rel}","templated":true}]}}