{"id":1361,"date":"2019-10-03T14:19:09","date_gmt":"2019-10-03T12:19:09","guid":{"rendered":"https:\/\/landtech.com.pl\/?page_id=1361"},"modified":"2023-09-19T15:15:00","modified_gmt":"2023-09-19T13:15:00","slug":"klauzula-informacyjna","status":"publish","type":"page","link":"https:\/\/landtech.com.pl\/en\/klauzula-informacyjna\/","title":{"rendered":"Klauzula informacyjna"},"content":{"rendered":"<p>[vc_row css_animation=&#8221;&#8221; row_type=&#8221;row&#8221; use_row_as_full_screen_section=&#8221;no&#8221; type=&#8221;grid&#8221; angled_section=&#8221;no&#8221; text_align=&#8221;left&#8221; background_image_as_pattern=&#8221;without_pattern&#8221; z_index=&#8221;&#8221;][vc_column css=&#8221;.vc_custom_1570105185763{padding-top: 70px !important;padding-bottom: 70px !important;}&#8221;][vc_column_text]<\/p>\n<ol>\n<li>Administratorem Pani \/ Pana danych osobowych jest\u00a0 Landtech Sp. z o.o. z siedzib\u0105 w Piastowie (05-820) przy ul. ul. Siemiradzkiego 25.<\/li>\n<li>Kontakt z Inspektorem Ochrony Danych &#8211; inspektor@landtech.com.pl<\/li>\n<li>Dane osobowe zosta\u0142y pozyskane bezpo\u015brednio od osoby, kt\u00f3rej dotycz\u0105 lub od innych os\u00f3b (w szczeg\u00f3lno\u015bci od jej pracodawcy, pracownika lub innego wsp\u00f3\u0142pracownika).<\/li>\n<li>Podanie danych osobowych jest dobrowolne, ale niezb\u0119dne w celu uzyskania oferty produkt\u00f3w i us\u0142ug Landtech, a tak\u017ce w celu zawarcia i wykonywania umowy.<\/li>\n<li>Cele przetwarzania danych osobowych i podstawa prawna przetwarzania:\n<ol>\n<li>prezentacja oferty produkt\u00f3w i us\u0142ug Landtech oraz zawarcie i wykonywanie umowy (art. 6 ust. 1 lit. b RODO w odniesieniu do stron umowy lub art. 6 ust. 1 lit. f RODO w odniesieniu do innych os\u00f3b, w tym przedstawicieli stron);<\/li>\n<li>wype\u0142nienie obowi\u0105zk\u00f3w ksi\u0119gowych i podatkowych przez Landtech (ustawa o rachunkowo\u015bci, art. 6 ust. 1 lit. c RODO);<\/li>\n<li>aktualizacja oferty i jej dopasowanie do oczekiwa\u0144 kontrahenta \u2013 na podstawie wyra\u017conych zg\u00f3d (art. 6 ust. 1 lit. a RODO, art. 10 ustawy o \u015bwiadczeniu us\u0142ug drog\u0105 elektroniczn\u0105, art. 172 ustawy Prawo telekomunikacyjne).<\/li>\n<li>kontakty biznesowe (art. : art. 6 ust. 1 lit f RODO)<\/li>\n<\/ol>\n<\/li>\n<li>Kategorie przetwarzanych danych osobowych: dane kontaktowe, dane niezb\u0119dne do rozlicze\u0144 finansowych.<\/li>\n<li>W odniesieniu do danych innych os\u00f3b ni\u017c strony umowy (w tym przedstawicieli stron) prawnie uzasadnionym interesem, realizowanym przez Landtch (administratora) i jej kontrahenta (osob\u0119 trzeci\u0105) jest przedstawienie oferty Landtech oraz \u2013 w razie zawarcia umowy \u2013 realizacja praw i obowi\u0105zk\u00f3w w tej umowie okre\u015blonych lub wynikaj\u0105cych z przepis\u00f3w prawa.<\/li>\n<li>Odbiorcami danych mog\u0105 by\u0107 podmioty dostarczaj\u0105ce Landtech us\u0142ugi marketingowe i informatyczne, doradcy prawni oraz inne podmioty w zakresie, w jakim jest to niezb\u0119dne do wype\u0142nienia obowi\u0105zk\u00f3w wynikaj\u0105cych z przepis\u00f3w prawa lub do osi\u0105gni\u0119cia cel\u00f3w, o kt\u00f3rych mowa w pkt. 4 powy\u017cej.<\/li>\n<li>Dane osobowe b\u0119d\u0105 przetwarzane do momentu osi\u0105gni\u0119cia cel\u00f3w okre\u015blonych w pkt. 4 powy\u017cej, w tym:\n<ol>\n<li>w razie zawarcia umowy \u2013 przez ca\u0142y okres jej obowi\u0105zywania oraz po jej rozwi\u0105zaniu lub wyga\u015bni\u0119ciu \u2013 do momentu up\u0142ywu okresu przedawnienia ewentualnych roszcze\u0144;<\/li>\n<li>w celach ksi\u0119gowych i podatkowych \u2013 przez okres wymagany przepisami prawa;<\/li>\n<li>w odniesieniu do danych przetwarzanych na podstawie zgody \u2013 do momentu cofni\u0119cia tej zgody.<\/li>\n<\/ol>\n<\/li>\n<li>Osoba, kt\u00f3rej dane dotycz\u0105 ma prawo dost\u0119pu do swoich danych, ich sprostowania, usuni\u0119cia lub ograniczenia przetwarzania, prawo do przenoszenia danych, a tak\u017ce do wniesienia skargi do Prezesa Urz\u0119du Ochrony Danych Osobowych.<\/li>\n<li>Osoba, kt\u00f3rej dane dotycz\u0105, ma prawo do cofni\u0119cia udzielonych zg\u00f3d w dowolnym momencie, bez wp\u0142ywu na zgodno\u015b\u0107 z prawem przetwarzania, kt\u00f3rego dokonano na podstawie zgody przed jej cofni\u0119ciem, a tak\u017ce prawo wniesienia sprzeciwu wobec przetwarzania danych osobowych na potrzeby marketingu bezpo\u015bredniego produkt\u00f3w i us\u0142ug Landtech.<\/li>\n<\/ol>\n<p>[\/vc_column_text][vc_raw_html]JTNDcCUzRSUyNm5ic3AlM0IlM0MlMkZwJTNFJTBBJTNDcCUzRSUyNm5ic3AlM0IlM0MlMkZwJTNFJTBBJTNDcCUzRVByemV0d2FyemFuaWUlMjBkYW55Y2glMjB6YSVDNSU4MiVDNCU4NWN6bmlraSUzQSUzQyUyRnAlM0UlMEElM0N1bCUyMHR5cGUlM0QlMjJkaXNjJTIyJTNFJTBBJTNDbGklM0VLb250cmFoZW5jaSUyMGklMjBhYm9uZW5jaSUyMCUyNm5kYXNoJTNCJTIwJTNDYSUyMGhyZWYlM0QlMjJodHRwcyUzQSUyRiUyRmxhbmR0ZWNoLmNvbS5wbCUyRndwLWNvbnRlbnQlMkZ1cGxvYWRzJTJGMjAyMyUyRjA5JTJGS29udHJhaGVuY2ktaS1hYm9uZW5jaV9pbmZvcm1hY2phLW8tcHJ6ZXR3YXJ6YW5pdS1kYW55Y2gucGRmJTIyJTNFTElOSyUzQyUyRmElM0UlM0MlMkZsaSUzRSUwQSUzQ2xpJTNFTW9uaXRvcmluZyUyMHdpenlqbnklMjAlMjZuZGFzaCUzQiUyMCUzQ2ElMjBocmVmJTNEJTIyaHR0cHMlM0ElMkYlMkZsYW5kdGVjaC5jb20ucGwlMkZ3cC1jb250ZW50JTJGdXBsb2FkcyUyRjIwMjMlMkYwOSUyRk1vbml0b3Jpbmctd2l6eWpueV9pbmZvcm1hY2phLW8tcHJ6ZXR3YXJ6YW5pdS1kYW55Y2gucGRmJTIyJTNFTElOSyUzQyUyRmElM0UlM0N1JTNFJTNDJTJGdSUzRSUzQyUyRmxpJTNFJTBBJTNDbGklM0VOYWdyeXdhbmllJTIwcm96bSUyNm9hY3V0ZSUzQnclMjAlMjZuZGFzaCUzQiUyMCUzQ2ElMjBocmVmJTNEJTIyaHR0cHMlM0ElMkYlMkZsYW5kdGVjaC5jb20ucGwlMkZ3cC1jb250ZW50JTJGdXBsb2FkcyUyRjIwMjMlMkYwOSUyRk5hZ3J5d2FuaWUtcm96bW93LV9pbmZvcm1hY2phLW8tcHJ6ZXR3YXJ6YW5pdS1kYW55Y2gtLnBkZiUyMiUzRUxJTkslM0MlMkZhJTNFJTNDdSUzRSUzQyUyRnUlM0UlM0MlMkZsaSUzRSUwQSUzQ2xpJTNFUmVrcnV0YWNqYSUyMCUyNm5kYXNoJTNCJTIwJTNDYSUyMGhyZWYlM0QlMjJodHRwcyUzQSUyRiUyRmxhbmR0ZWNoLmNvbS5wbCUyRndwLWNvbnRlbnQlMkZ1cGxvYWRzJTJGMjAyMyUyRjA5JTJGUmVrdXRhY2phX2luZm9ybWFjamEtby1wcnpldHdhcnphbml1LWRhbnljaC5wZGYlMjIlM0VMSU5LJTNDJTJGYSUzRSUzQyUyRmxpJTNFJTBBJTNDJTJGdWwlM0U=[\/vc_raw_html][\/vc_column][\/vc_row]<\/p>\n","protected":false},"excerpt":{"rendered":"<p>[vc_row css_animation=&#8221;&#8221; row_type=&#8221;row&#8221; use_row_as_full_screen_section=&#8221;no&#8221; type=&#8221;grid&#8221; angled_section=&#8221;no&#8221; text_align=&#8221;left&#8221; background_image_as_pattern=&#8221;without_pattern&#8221; z_index=&#8221;&#8221;][vc_column css=&#8221;.vc_custom_1570105185763{padding-top: 70px !important;padding-bottom: 70px !important;}&#8221;][vc_column_text] Administratorem Pani \/ Pana danych osobowych jest\u00a0 Landtech Sp. z o.o. z siedzib\u0105 w Piastowie (05-820) przy ul. ul. Siemiradzkiego 25. Kontakt z Inspektorem Ochrony Danych &#8211; inspektor@landtech.com.pl Dane osobowe zosta\u0142y&#8230;<\/p>\n","protected":false},"author":5,"featured_media":0,"parent":0,"menu_order":0,"comment_status":"closed","ping_status":"closed","template":"full_width.php","meta":{"footnotes":""},"_links":{"self":[{"href":"https:\/\/landtech.com.pl\/en\/wp-json\/wp\/v2\/pages\/1361"}],"collection":[{"href":"https:\/\/landtech.com.pl\/en\/wp-json\/wp\/v2\/pages"}],"about":[{"href":"https:\/\/landtech.com.pl\/en\/wp-json\/wp\/v2\/types\/page"}],"author":[{"embeddable":true,"href":"https:\/\/landtech.com.pl\/en\/wp-json\/wp\/v2\/users\/5"}],"replies":[{"embeddable":true,"href":"https:\/\/landtech.com.pl\/en\/wp-json\/wp\/v2\/comments?post=1361"}],"version-history":[{"count":9,"href":"https:\/\/landtech.com.pl\/en\/wp-json\/wp\/v2\/pages\/1361\/revisions"}],"predecessor-version":[{"id":5072,"href":"https:\/\/landtech.com.pl\/en\/wp-json\/wp\/v2\/pages\/1361\/revisions\/5072"}],"wp:attachment":[{"href":"https:\/\/landtech.com.pl\/en\/wp-json\/wp\/v2\/media?parent=1361"}],"curies":[{"name":"wp","href":"https:\/\/api.w.org\/{rel}","templated":true}]}}