{"id":1403,"date":"2019-10-06T12:50:40","date_gmt":"2019-10-06T10:50:40","guid":{"rendered":"https:\/\/landtech.com.pl\/?page_id=1403"},"modified":"2019-10-06T12:51:37","modified_gmt":"2019-10-06T10:51:37","slug":"regulamin-serwisu","status":"publish","type":"page","link":"https:\/\/landtech.com.pl\/en\/regulamin-serwisu\/","title":{"rendered":"Regulamin serwisu"},"content":{"rendered":"<p>[vc_row css_animation=&#8221;&#8221; row_type=&#8221;row&#8221; use_row_as_full_screen_section=&#8221;no&#8221; type=&#8221;full_width&#8221; angled_section=&#8221;no&#8221; text_align=&#8221;left&#8221; background_image_as_pattern=&#8221;without_pattern&#8221;][vc_column][vc_row_inner row_type=&#8221;row&#8221; type=&#8221;grid&#8221; text_align=&#8221;left&#8221; css_animation=&#8221;&#8221; css=&#8221;.vc_custom_1570358761814{padding-top: 70px !important;}&#8221;][vc_column_inner][vc_column_text]<\/p>\n<h3 style=\"text-align: center;\">DEFINICJE<\/h3>\n<p>[\/vc_column_text][vc_separator type=&#8221;small&#8221; position=&#8221;center&#8221; color=&#8221;#ea2227&#8243;][\/vc_column_inner][\/vc_row_inner][vc_row_inner row_type=&#8221;row&#8221; type=&#8221;grid&#8221; text_align=&#8221;left&#8221; css_animation=&#8221;&#8221; css=&#8221;.vc_custom_1570358771053{padding-top: 35px !important;}&#8221;][vc_column_inner][vc_column_text]<strong>\u00a0<\/strong><em>Serwis<\/em> \u2013 Prowadzony przez Administratora w j\u0119zyku polskim serwis dost\u0119pny pod adresem www.landtech.com.pl<\/p>\n<p><em>U\u017cytkownik<\/em> \u2013 Pe\u0142noletnia osoba fizyczna, kt\u00f3ra zaakceptowa\u0142a niniejszy regulamin.<\/p>\n<p><em>Administrator<\/em> \u2013 Landtech Sp. z o.o. z siedzib\u0105 w Piastowie, ul. Elizy Orzeszkowej 10, NIP:\u00a05342374686, REGON: 141187940, Kapita\u0142 zak\u0142adowy: 500 000 z\u0142, KRS: 0000592610, \u00a0Miejsce zarejestrowania: S\u0105d Rejonowy dla m. st. Warszawy w Warszawie, XIV Wydzia\u0142 Gospodarczy KRS<\/p>\n<p><em>Komputer<\/em> \u2013 Komputer osobisty lub inne urz\u0105dzenie pozwalaj\u0105ce na korzystanie z zasob\u00f3w Internetu, skrzynki pocztowej e-mail oraz przegl\u0105darki Internetu umo\u017cliwiaj\u0105cej wy\u015bwietlanie stron internetowych.<\/p>\n<p><em>Regulamin<\/em> \u2013 Niniejszy regulamin Serwisu Landtech<\/p>\n<p>[\/vc_column_text][\/vc_column_inner][\/vc_row_inner][vc_row_inner row_type=&#8221;row&#8221; type=&#8221;grid&#8221; text_align=&#8221;left&#8221; css_animation=&#8221;&#8221; css=&#8221;.vc_custom_1570358779838{padding-top: 35px !important;}&#8221;][vc_column_inner][vc_column_text]<\/p>\n<h3 style=\"text-align: center;\">Postanowienia og\u00f3lne<strong><br \/>\n<\/strong><\/h3>\n<p>[\/vc_column_text][vc_separator type=&#8221;small&#8221; position=&#8221;center&#8221; color=&#8221;#ea2227&#8243;][\/vc_column_inner][\/vc_row_inner][vc_row_inner row_type=&#8221;row&#8221; type=&#8221;grid&#8221; text_align=&#8221;left&#8221; css_animation=&#8221;&#8221; css=&#8221;.vc_custom_1570358800087{padding-top: 35px !important;}&#8221;][vc_column_inner][vc_column_text]<\/p>\n<ol>\n<li>Regulamin okre\u015bla zasady korzystania z Serwisu, prawa i obowi\u0105zki U\u017cytkownik\u00f3w oraz Administratora. Wszelkie prawa do Serwisu wraz z jego zawarto\u015bci\u0105 przys\u0142uguj\u0105 Administratorowi. Administrator zapewnia informacj\u0119 techniczn\u0105 w ramach Serwisu.<\/li>\n<\/ol>\n<p>[\/vc_column_text][\/vc_column_inner][\/vc_row_inner][vc_row_inner row_type=&#8221;row&#8221; type=&#8221;grid&#8221; text_align=&#8221;left&#8221; css_animation=&#8221;&#8221; css=&#8221;.vc_custom_1570358809634{padding-top: 35px !important;}&#8221;][vc_column_inner][vc_column_text]<\/p>\n<h3 style=\"text-align: center;\">Zasady dzia\u0142ania serwisu<strong><br \/>\n<\/strong><\/h3>\n<p>[\/vc_column_text][vc_separator type=&#8221;small&#8221; position=&#8221;center&#8221; color=&#8221;#ea2227&#8243;][\/vc_column_inner][\/vc_row_inner][vc_row_inner row_type=&#8221;row&#8221; type=&#8221;grid&#8221; text_align=&#8221;left&#8221; css_animation=&#8221;&#8221; css=&#8221;.vc_custom_1570358820940{padding-top: 35px !important;}&#8221;][vc_column_inner][vc_column_text]<\/p>\n<ol>\n<li>Odwiedzanie Serwisu jest nieodp\u0142atne.<\/li>\n<li>Administrator nie ponosi odpowiedzialno\u015bci za jako\u015b\u0107 przekazu i odbioru materia\u0142\u00f3w zamieszczonych w serwisie, uzale\u017cnion\u0105 od przepustowo\u015bci internetowej sieci \u0142\u0105cz\u0105cych Administratora z U\u017cytkownikiem, indywidualnej konfiguracji komputera U\u017cytkownika oraz czynnik\u00f3w od Administratora niezale\u017cnych.<\/li>\n<li>Niedopuszczalne jest korzystanie przez U\u017cytkownik\u00f3w z Serwisu w spos\u00f3b sprzeczny z prawem, postanowieniami Regulaminu, zasadami wsp\u00f3\u0142\u017cycia spo\u0142ecznego lub dobrymi obyczajami. Dzia\u0142anie takie uzasadnia natychmiastowe zaprzestanie \u015bwiadczenia us\u0142ug dla danego U\u017cytkownika.<\/li>\n<li>Administrator zastrzega sobie prawo ograniczenia dost\u0119pu do wybranych us\u0142ug oferowanych za po\u015brednictwem Serwisu dla okre\u015blonych grup U\u017cytkownik\u00f3w, w szczeg\u00f3lno\u015bci dla os\u00f3b poni\u017cej 18 roku \u017cycia, na podstawie powszechnie obowi\u0105zuj\u0105cych przepis\u00f3w prawa.<\/li>\n<li>Administrator zastrzega sobie prawo do czasowego wy\u0142\u0105czenia Serwisu w celu jego zmiany, dodawania us\u0142ug lub przeprowadzania konserwacji.<\/li>\n<\/ol>\n<p>[\/vc_column_text][\/vc_column_inner][\/vc_row_inner][vc_row_inner row_type=&#8221;row&#8221; type=&#8221;grid&#8221; text_align=&#8221;left&#8221; css_animation=&#8221;&#8221; css=&#8221;.vc_custom_1570358830230{padding-top: 35px !important;}&#8221;][vc_column_inner][vc_column_text]<\/p>\n<h3 style=\"text-align: center;\">Zasady przetwarzania danych osobowych<\/h3>\n<p>[\/vc_column_text][vc_separator type=&#8221;small&#8221; position=&#8221;center&#8221; color=&#8221;#ea2227&#8243;][\/vc_column_inner][\/vc_row_inner][vc_row_inner row_type=&#8221;row&#8221; type=&#8221;grid&#8221; text_align=&#8221;left&#8221; css_animation=&#8221;&#8221; css=&#8221;.vc_custom_1570358840106{padding-top: 35px !important;}&#8221;][vc_column_inner][vc_column_text]<\/p>\n<ol>\n<li>Zasady przetwarzania danych osobowych oraz uprawnienia U\u017cytkownika okre\u015blone zosta\u0142y w dokumencie <a href=\"http:\/\/landtech.com.pl\/polityka-prywatnosci\/\">\u201ePolityka Prywatno\u015bci\u201d <\/a><\/li>\n<\/ol>\n<p>[\/vc_column_text][\/vc_column_inner][\/vc_row_inner][vc_row_inner row_type=&#8221;row&#8221; type=&#8221;grid&#8221; text_align=&#8221;left&#8221; css_animation=&#8221;&#8221; css=&#8221;.vc_custom_1570358612400{padding-top: 70px !important;}&#8221;][vc_column_inner][vc_column_text]<\/p>\n<h3 style=\"text-align: center;\">Postanowienia ko\u0144cowe<\/h3>\n<p>[\/vc_column_text][vc_separator type=&#8221;small&#8221; position=&#8221;center&#8221; color=&#8221;#ea2227&#8243;][\/vc_column_inner][\/vc_row_inner][vc_row_inner row_type=&#8221;row&#8221; type=&#8221;grid&#8221; text_align=&#8221;left&#8221; css_animation=&#8221;&#8221; css=&#8221;.vc_custom_1570358850761{padding-top: 35px !important;padding-bottom: 70px !important;}&#8221;][vc_column_inner][vc_column_text]<\/p>\n<ol>\n<li>Regulamin jest udost\u0119pniony w Serwisie w spos\u00f3b umo\u017cliwiaj\u0105cy pozyskiwanie, odtwarzanie i utrwalanie jego tre\u015bci.<\/li>\n<li>Administrator zastrzega sobie prawo do zmiany tre\u015bci Regulaminu bez podania przyczyn i bez uprzedzenia. Zmiany wchodz\u0105 w \u017cycie wraz z umieszczeniem zmodyfikowanego tekstu Regulaminu w Serwisie.<\/li>\n<li>W sprawach nieuregulowanych Regulaminem zastosowanie znajduj\u0105 w szczeg\u00f3lno\u015bci przepisy kodeksu cywilnego, ustawy o ochronie niekt\u00f3rych praw konsument\u00f3w oraz ustawy o ochronie danych osobowych.<\/li>\n<\/ol>\n<p>[\/vc_column_text][\/vc_column_inner][\/vc_row_inner][\/vc_column][\/vc_row]<\/p>\n","protected":false},"excerpt":{"rendered":"<p>[vc_row css_animation=&#8221;&#8221; row_type=&#8221;row&#8221; use_row_as_full_screen_section=&#8221;no&#8221; type=&#8221;full_width&#8221; angled_section=&#8221;no&#8221; text_align=&#8221;left&#8221; background_image_as_pattern=&#8221;without_pattern&#8221;][vc_column][vc_row_inner row_type=&#8221;row&#8221; type=&#8221;grid&#8221; text_align=&#8221;left&#8221; css_animation=&#8221;&#8221; css=&#8221;.vc_custom_1570358761814{padding-top: 70px !important;}&#8221;][vc_column_inner][vc_column_text] DEFINICJE [\/vc_column_text][vc_separator type=&#8221;small&#8221; position=&#8221;center&#8221; color=&#8221;#ea2227&#8243;][\/vc_column_inner][\/vc_row_inner][vc_row_inner row_type=&#8221;row&#8221; type=&#8221;grid&#8221; text_align=&#8221;left&#8221; css_animation=&#8221;&#8221; css=&#8221;.vc_custom_1570358771053{padding-top: 35px !important;}&#8221;][vc_column_inner][vc_column_text]\u00a0Serwis \u2013 Prowadzony przez Administratora w j\u0119zyku polskim serwis dost\u0119pny pod adresem www.landtech.com.pl U\u017cytkownik \u2013 Pe\u0142noletnia osoba fizyczna, kt\u00f3ra&#8230;<\/p>\n","protected":false},"author":5,"featured_media":0,"parent":0,"menu_order":0,"comment_status":"closed","ping_status":"closed","template":"full_width.php","meta":{"footnotes":""},"_links":{"self":[{"href":"https:\/\/landtech.com.pl\/en\/wp-json\/wp\/v2\/pages\/1403"}],"collection":[{"href":"https:\/\/landtech.com.pl\/en\/wp-json\/wp\/v2\/pages"}],"about":[{"href":"https:\/\/landtech.com.pl\/en\/wp-json\/wp\/v2\/types\/page"}],"author":[{"embeddable":true,"href":"https:\/\/landtech.com.pl\/en\/wp-json\/wp\/v2\/users\/5"}],"replies":[{"embeddable":true,"href":"https:\/\/landtech.com.pl\/en\/wp-json\/wp\/v2\/comments?post=1403"}],"version-history":[{"count":10,"href":"https:\/\/landtech.com.pl\/en\/wp-json\/wp\/v2\/pages\/1403\/revisions"}],"predecessor-version":[{"id":1414,"href":"https:\/\/landtech.com.pl\/en\/wp-json\/wp\/v2\/pages\/1403\/revisions\/1414"}],"wp:attachment":[{"href":"https:\/\/landtech.com.pl\/en\/wp-json\/wp\/v2\/media?parent=1403"}],"curies":[{"name":"wp","href":"https:\/\/api.w.org\/{rel}","templated":true}]}}