{"id":1835,"date":"2020-07-16T19:29:28","date_gmt":"2020-07-16T17:29:28","guid":{"rendered":"https:\/\/landtech.com.pl\/?page_id=1835"},"modified":"2020-08-10T08:13:40","modified_gmt":"2020-08-10T06:13:40","slug":"kariera","status":"publish","type":"page","link":"https:\/\/landtech.com.pl\/en\/kariera\/","title":{"rendered":"Kariera"},"content":{"rendered":"<p>[vc_row css_animation=&#8221;&#8221; row_type=&#8221;row&#8221; use_row_as_full_screen_section=&#8221;yes&#8221; type=&#8221;full_width&#8221; angled_section=&#8221;no&#8221; text_align=&#8221;left&#8221; background_image_as_pattern=&#8221;without_pattern&#8221; z_index=&#8221;&#8221;][vc_column parallax=&#8221;content-moving&#8221; parallax_image=&#8221;1944&#8243;][vc_empty_space height=&#8221;200px&#8221;][vc_row_inner row_type=&#8221;row&#8221; type=&#8221;grid&#8221; text_align=&#8221;left&#8221; css_animation=&#8221;&#8221;][vc_column_inner width=&#8221;1\/4&#8243;][\/vc_column_inner][vc_column_inner width=&#8221;3\/4&#8243;][vc_column_text]<\/p>\n<h1 style=\"text-align: right;\"><strong><span style=\"color: #ffffff;\">Znajd\u017a swoje miejsce w naszym zespole<\/span><\/strong><\/h1>\n<p>[\/vc_column_text][vc_separator type=&#8221;small&#8221; position=&#8221;right&#8221; color=&#8221;#dd3333&#8243;][vc_column_text]<\/p>\n<h4 style=\"text-align: right;\"><span style=\"color: #ffffff;\">Wsp\u00f3\u0142praca daje nam przyjemno\u015b\u0107, bo lubimy siebie nawzajem.<br \/>\n<\/span><\/h4>\n<h2 style=\"text-align: right;\"><strong><span style=\"color: #ffffff;\">\u00a0<\/span><\/strong><\/h2>\n<p>[\/vc_column_text][\/vc_column_inner][\/vc_row_inner][vc_empty_space height=&#8221;70px&#8221;][\/vc_column][\/vc_row][vc_row css_animation=&#8221;&#8221; row_type=&#8221;row&#8221; use_row_as_full_screen_section=&#8221;no&#8221; type=&#8221;full_width&#8221; angled_section=&#8221;no&#8221; text_align=&#8221;left&#8221; background_image_as_pattern=&#8221;without_pattern&#8221;][vc_column][vc_row_inner row_type=&#8221;row&#8221; use_as_box=&#8221;use_row_as_box&#8221; type=&#8221;full_width&#8221; text_align=&#8221;center&#8221; css_animation=&#8221;&#8221; css=&#8221;.vc_custom_1594919621280{margin-top: 0px !important;margin-right: 0px !important;margin-bottom: 0px !important;margin-left: 0px !important;border-top-width: 0px !important;border-right-width: 0px !important;border-bottom-width: 0px !important;border-left-width: 0px !important;padding-top: 0px !important;padding-right: 0px !important;padding-bottom: 0px !important;padding-left: 0px !important;}&#8221;][vc_column_inner width=&#8221;1\/2&#8243; css=&#8221;.vc_custom_1594919608700{margin-top: 0px !important;margin-right: 0px !important;margin-bottom: 0px !important;margin-left: 0px !important;border-top-width: 0px !important;border-right-width: 0px !important;border-bottom-width: 0px !important;border-left-width: 0px !important;padding-top: 0px !important;padding-right: 0px !important;padding-bottom: 0px !important;padding-left: 0px !important;}&#8221;][qode_elements_holder number_of_columns=&#8221;one_column&#8221;][qode_elements_holder_item vertical_alignment=&#8221;middle&#8221; horizontal_alignment=&#8221;center&#8221; advanced_animations=&#8221;no&#8221; item_padding=&#8221;72px 42px 25px 25px&#8221;][vc_column_text]<\/p>\n<h4 style=\"text-align: right;\"><strong><span style=\"color: #333333;\">Doceniamy, \u017ce jeste\u015b<\/span><br \/>\n<\/strong><\/h4>\n<p>[\/vc_column_text][vc_separator type=&#8221;small&#8221; position=&#8221;right&#8221; color=&#8221;#dd3333&#8243;][vc_column_text]<\/p>\n<p style=\"text-align: right;\"><span style=\"color: #333333;\">Dajemy Ci nie tylko prac\u0119, ale i rozw\u00f3j \u2013 szkolenia, dofinansowania, karnety Mulutisport i inne korzy\u015bci<\/span><\/p>\n<p>[\/vc_column_text][\/qode_elements_holder_item][\/qode_elements_holder][qode_elements_holder number_of_columns=&#8221;one_column&#8221;][qode_elements_holder_item vertical_alignment=&#8221;middle&#8221; horizontal_alignment=&#8221;right&#8221; advanced_animations=&#8221;no&#8221; item_padding=&#8221;42px 42px 25px 25px&#8221;]<a  itemprop=\"url\" href=\"https:\/\/landtech.com.pl\/kariera\/praca-w-landtech\/\" target=\"_self\" data-hover-border-color=#dd3333  class=\"qbutton  medium enlarge\" style=\"color: #dd3333; border-radius: 2px;-moz-border-radius: 2px;-webkit-border-radius: 2px; background-color: rgba(0,0,0,0.01);\">SPRAWD\u0179<\/a>[\/qode_elements_holder_item][\/qode_elements_holder][\/vc_column_inner][vc_column_inner width=&#8221;1\/2&#8243; css=&#8221;.vc_custom_1594920820419{margin-top: 0px !important;margin-right: 0px !important;margin-bottom: 0px !important;margin-left: 0px !important;border-top-width: 0px !important;border-right-width: 0px !important;border-bottom-width: 0px !important;border-left-width: 0px !important;padding-top: 0px !important;padding-right: 0px !important;padding-bottom: 0px !important;padding-left: 0px !important;}&#8221;][qode_elements_holder number_of_columns=&#8221;one_column&#8221;][qode_elements_holder_item advanced_animations=&#8221;no&#8221;][vc_single_image image=&#8221;2293&#8243; img_size=&#8221;1200&#215;600&#8243; alignment=&#8221;center&#8221; onclick=&#8221;custom_link&#8221; qode_css_animation=&#8221;&#8221; css=&#8221;.vc_custom_1597039992107{margin-top: 0px !important;margin-bottom: 0px !important;border-top-width: 0px !important;border-bottom-width: 0px !important;padding-top: 0px !important;padding-bottom: 0px !important;padding-left: 0px !important;}&#8221;][\/qode_elements_holder_item][\/qode_elements_holder][\/vc_column_inner][\/vc_row_inner][vc_row_inner row_type=&#8221;row&#8221; type=&#8221;full_width&#8221; text_align=&#8221;left&#8221; css_animation=&#8221;&#8221; css=&#8221;.vc_custom_1594918047634{margin-top: 0px !important;margin-bottom: 0px !important;border-top-width: 0px !important;border-bottom-width: 0px !important;padding-top: 0px !important;padding-bottom: 0px !important;}&#8221;][vc_column_inner width=&#8221;1\/2&#8243; css=&#8221;.vc_custom_1594920784979{margin-top: 0px !important;margin-right: 0px !important;margin-bottom: 0px !important;margin-left: 0px !important;border-top-width: 0px !important;border-right-width: 0px !important;border-bottom-width: 0px !important;border-left-width: 0px !important;padding-top: 0px !important;padding-right: 0px !important;padding-bottom: 0px !important;padding-left: 0px !important;background-position: center !important;background-repeat: no-repeat !important;background-size: cover !important;}&#8221;][qode_elements_holder number_of_columns=&#8221;one_column&#8221;][qode_elements_holder_item advanced_animations=&#8221;no&#8221;][vc_single_image image=&#8221;1816&#8243; img_size=&#8221;1200&#215;600&#8243; alignment=&#8221;center&#8221; onclick=&#8221;custom_link&#8221; qode_css_animation=&#8221;&#8221; css=&#8221;.vc_custom_1595401444345{margin-top: 0px !important;margin-bottom: 0px !important;border-top-width: 0px !important;border-bottom-width: 0px !important;padding-top: 0px !important;padding-right: 0px !important;padding-bottom: 0px !important;}&#8221;][\/qode_elements_holder_item][\/qode_elements_holder][\/vc_column_inner][vc_column_inner width=&#8221;1\/2&#8243; css=&#8221;.vc_custom_1594919664550{margin-top: 0px !important;margin-right: 0px !important;margin-bottom: 0px !important;margin-left: 0px !important;border-top-width: 0px !important;border-right-width: 0px !important;border-bottom-width: 0px !important;border-left-width: 0px !important;padding-top: 0px !important;padding-right: 0px !important;padding-bottom: 0px !important;padding-left: 0px !important;}&#8221;][qode_elements_holder number_of_columns=&#8221;one_column&#8221;][qode_elements_holder_item vertical_alignment=&#8221;middle&#8221; horizontal_alignment=&#8221;left&#8221; advanced_animations=&#8221;no&#8221; item_padding=&#8221;75px 25px 25px 42px&#8221;][vc_column_text]<\/p>\n<h4 style=\"text-align: left;\"><strong><span style=\"color: #333333;\">Aktualne oferty pracy<\/span><br \/>\n<\/strong><\/h4>\n<p>[\/vc_column_text][vc_separator type=&#8221;small&#8221; position=&#8221;left&#8221; color=&#8221;#dd3333&#8243;][vc_column_text css=&#8221;.vc_custom_1597033212825{padding-top: 0px !important;padding-right: 0px !important;padding-bottom: 0px !important;padding-left: 0px !important;}&#8221;]<span style=\"color: #333333;\">Sukcesy powoduj\u0105, \u017ce systematycznie nas przybywa. Sprawd\u017a, mo\u017ce szukamy kogo\u015b takiego jak Ty?<\/span>[\/vc_column_text][\/qode_elements_holder_item][\/qode_elements_holder][qode_elements_holder number_of_columns=&#8221;one_column&#8221;][qode_elements_holder_item vertical_alignment=&#8221;middle&#8221; horizontal_alignment=&#8221;left&#8221; advanced_animations=&#8221;no&#8221; item_padding=&#8221;42px 42px 42px 42px&#8221;]<a  itemprop=\"url\" href=\"https:\/\/landtech.com.pl\/kariera\/oferty-pracy\/\" target=\"_self\" data-hover-border-color=#e52429  class=\"qbutton  medium enlarge\" style=\"color: #e52429; background-color: rgba(255,255,255,0.01);\">OFERTY PRACY<\/a>[\/qode_elements_holder_item][\/qode_elements_holder][\/vc_column_inner][\/vc_row_inner][vc_row_inner row_type=&#8221;row&#8221; use_as_box=&#8221;use_row_as_box&#8221; type=&#8221;full_width&#8221; text_align=&#8221;center&#8221; css_animation=&#8221;&#8221; css=&#8221;.vc_custom_1594919621280{margin-top: 0px !important;margin-right: 0px !important;margin-bottom: 0px !important;margin-left: 0px !important;border-top-width: 0px !important;border-right-width: 0px !important;border-bottom-width: 0px !important;border-left-width: 0px !important;padding-top: 0px !important;padding-right: 0px !important;padding-bottom: 0px !important;padding-left: 0px !important;}&#8221;][vc_column_inner width=&#8221;1\/2&#8243; css=&#8221;.vc_custom_1594919608700{margin-top: 0px !important;margin-right: 0px !important;margin-bottom: 0px !important;margin-left: 0px !important;border-top-width: 0px !important;border-right-width: 0px !important;border-bottom-width: 0px !important;border-left-width: 0px !important;padding-top: 0px !important;padding-right: 0px !important;padding-bottom: 0px !important;padding-left: 0px !important;}&#8221;][qode_elements_holder number_of_columns=&#8221;one_column&#8221;][qode_elements_holder_item vertical_alignment=&#8221;middle&#8221; horizontal_alignment=&#8221;center&#8221; advanced_animations=&#8221;no&#8221; item_padding=&#8221;72px 42px 25px 25px&#8221;][vc_column_text]<\/p>\n<h4 style=\"text-align: right;\"><strong><span style=\"color: #333333;\">Nabierz praktyki<\/span><\/strong><\/h4>\n<p>[\/vc_column_text][vc_separator type=&#8221;small&#8221; position=&#8221;right&#8221; color=&#8221;#dd3333&#8243;][vc_column_text]<\/p>\n<p style=\"text-align: right;\"><span style=\"color: #333333;\">Je\u015bli si\u0119 uczy\u0107\u00a0 &#8211; to od takich, kt\u00f3rzy s\u0105 \u015bwietni w swoim fachu!<\/span><\/p>\n<p>[\/vc_column_text][\/qode_elements_holder_item][\/qode_elements_holder][qode_elements_holder number_of_columns=&#8221;one_column&#8221;][qode_elements_holder_item vertical_alignment=&#8221;middle&#8221; horizontal_alignment=&#8221;right&#8221; advanced_animations=&#8221;no&#8221; item_padding=&#8221;42px 42px 25px 25px&#8221;]<a  itemprop=\"url\" href=\"https:\/\/landtech.com.pl\/kontakt\/\" target=\"_self\" data-hover-border-color=#dd3333  class=\"qbutton  medium enlarge\" style=\"color: #dd3333; border-radius: 2px;-moz-border-radius: 2px;-webkit-border-radius: 2px; background-color: rgba(0,0,0,0.01);\">KONTAKT<\/a>[\/qode_elements_holder_item][\/qode_elements_holder][\/vc_column_inner][vc_column_inner width=&#8221;1\/2&#8243; css=&#8221;.vc_custom_1594920820419{margin-top: 0px !important;margin-right: 0px !important;margin-bottom: 0px !important;margin-left: 0px !important;border-top-width: 0px !important;border-right-width: 0px !important;border-bottom-width: 0px !important;border-left-width: 0px !important;padding-top: 0px !important;padding-right: 0px !important;padding-bottom: 0px !important;padding-left: 0px !important;}&#8221;][qode_elements_holder number_of_columns=&#8221;one_column&#8221;][qode_elements_holder_item advanced_animations=&#8221;no&#8221;][vc_single_image image=&#8221;1820&#8243; img_size=&#8221;1200&#215;600&#8243; alignment=&#8221;center&#8221; onclick=&#8221;custom_link&#8221; qode_css_animation=&#8221;&#8221; css=&#8221;.vc_custom_1595401450662{margin-top: 0px !important;margin-bottom: 0px !important;border-top-width: 0px !important;border-bottom-width: 0px !important;padding-top: 0px !important;padding-bottom: 0px !important;padding-left: 0px !important;}&#8221;][\/qode_elements_holder_item][\/qode_elements_holder][\/vc_column_inner][\/vc_row_inner][\/vc_column][\/vc_row]<\/p>\n","protected":false},"excerpt":{"rendered":"<p>[vc_row css_animation=&#8221;&#8221; row_type=&#8221;row&#8221; use_row_as_full_screen_section=&#8221;yes&#8221; type=&#8221;full_width&#8221; angled_section=&#8221;no&#8221; text_align=&#8221;left&#8221; background_image_as_pattern=&#8221;without_pattern&#8221; z_index=&#8221;&#8221;][vc_column parallax=&#8221;content-moving&#8221; parallax_image=&#8221;1944&#8243;][vc_empty_space height=&#8221;200px&#8221;][vc_row_inner row_type=&#8221;row&#8221; type=&#8221;grid&#8221; text_align=&#8221;left&#8221; css_animation=&#8221;&#8221;][vc_column_inner width=&#8221;1\/4&#8243;][\/vc_column_inner][vc_column_inner width=&#8221;3\/4&#8243;][vc_column_text] Znajd\u017a swoje miejsce w naszym zespole [\/vc_column_text][vc_separator type=&#8221;small&#8221; position=&#8221;right&#8221; color=&#8221;#dd3333&#8243;][vc_column_text] Wsp\u00f3\u0142praca daje nam przyjemno\u015b\u0107, bo lubimy siebie nawzajem. \u00a0 [\/vc_column_text][\/vc_column_inner][\/vc_row_inner][vc_empty_space height=&#8221;70px&#8221;][\/vc_column][\/vc_row][vc_row css_animation=&#8221;&#8221; row_type=&#8221;row&#8221; use_row_as_full_screen_section=&#8221;no&#8221; type=&#8221;full_width&#8221; angled_section=&#8221;no&#8221; text_align=&#8221;left&#8221;&#8230;<\/p>\n","protected":false},"author":5,"featured_media":0,"parent":0,"menu_order":0,"comment_status":"closed","ping_status":"closed","template":"full_width.php","meta":{"footnotes":""},"_links":{"self":[{"href":"https:\/\/landtech.com.pl\/en\/wp-json\/wp\/v2\/pages\/1835"}],"collection":[{"href":"https:\/\/landtech.com.pl\/en\/wp-json\/wp\/v2\/pages"}],"about":[{"href":"https:\/\/landtech.com.pl\/en\/wp-json\/wp\/v2\/types\/page"}],"author":[{"embeddable":true,"href":"https:\/\/landtech.com.pl\/en\/wp-json\/wp\/v2\/users\/5"}],"replies":[{"embeddable":true,"href":"https:\/\/landtech.com.pl\/en\/wp-json\/wp\/v2\/comments?post=1835"}],"version-history":[{"count":126,"href":"https:\/\/landtech.com.pl\/en\/wp-json\/wp\/v2\/pages\/1835\/revisions"}],"predecessor-version":[{"id":2332,"href":"https:\/\/landtech.com.pl\/en\/wp-json\/wp\/v2\/pages\/1835\/revisions\/2332"}],"wp:attachment":[{"href":"https:\/\/landtech.com.pl\/en\/wp-json\/wp\/v2\/media?parent=1835"}],"curies":[{"name":"wp","href":"https:\/\/api.w.org\/{rel}","templated":true}]}}