{"id":186,"date":"2018-03-21T09:21:31","date_gmt":"2018-03-21T09:21:31","guid":{"rendered":"http:\/\/bridge191.qodeinteractive.com\/?page_id=186"},"modified":"2020-08-10T08:10:49","modified_gmt":"2020-08-10T06:10:49","slug":"jak-pracujemy","status":"publish","type":"page","link":"https:\/\/landtech.com.pl\/en\/jak-pracujemy\/","title":{"rendered":"Jak pracujemy"},"content":{"rendered":"<p>[vc_row css_animation=&#8221;&#8221; row_type=&#8221;row&#8221; use_row_as_full_screen_section=&#8221;no&#8221; type=&#8221;full_width&#8221; angled_section=&#8221;no&#8221; text_align=&#8221;left&#8221; background_image_as_pattern=&#8221;without_pattern&#8221;][vc_column parallax=&#8221;content-moving&#8221; parallax_image=&#8221;1949&#8243;][vc_empty_space height=&#8221;200px&#8221;][vc_row_inner row_type=&#8221;row&#8221; type=&#8221;grid&#8221; text_align=&#8221;left&#8221; css_animation=&#8221;&#8221;][vc_column_inner][vc_column_text]<\/p>\n<h1 style=\"text-align: center;\"><span style=\"color: #ffffff;\">Na czym polega sukces?<\/span><\/h1>\n<p>[\/vc_column_text][vc_separator type=&#8221;small&#8221; position=&#8221;center&#8221; color=&#8221;#dd3333&#8243; thickness=&#8221;2px&#8221;][vc_column_text]<\/p>\n<h4 style=\"text-align: center;\"><span style=\"color: #ffffff;\">Robimy rzeczy w\u0142a\u015bciwe, we w\u0142a\u015bciwy spos\u00f3b<\/span><\/h4>\n<h4 style=\"text-align: center;\"><span style=\"color: #3b3b3b;\">\u00a0<\/span><\/h4>\n<p>[\/vc_column_text][\/vc_column_inner][\/vc_row_inner][vc_empty_space height=&#8221;200px&#8221;][\/vc_column][\/vc_row][vc_row css_animation=&#8221;&#8221; row_type=&#8221;row&#8221; use_row_as_full_screen_section=&#8221;no&#8221; type=&#8221;grid&#8221; angled_section=&#8221;no&#8221; text_align=&#8221;left&#8221; background_image_as_pattern=&#8221;without_pattern&#8221; z_index=&#8221;&#8221; css=&#8221;.vc_custom_1570690199975{padding-top: 35px !important;padding-bottom: 70px !important;}&#8221;][vc_column]<div class=\"qode-workflow  qode-workflow-animate\">\n    <span class=\"main-line\" style=\"background-color:#cccccc;\"><\/span>\n    <div class=\"qode-workflow-item\">\n    <span class=\"line\" style=\"background-color:#cccccc;\"><\/span>\n    <div class=\"qode-workflow-item-inner reverse\">\n        <div class=\"qode-workflow-image left\">\n            <img width=\"800\" height=\"512\" src=\"https:\/\/landtech.com.pl\/wp-content\/uploads\/2019\/09\/Landtech-proces-analiza.png\" class=\"attachment-full size-full\" alt=\"\" decoding=\"async\" loading=\"lazy\" srcset=\"https:\/\/landtech.com.pl\/wp-content\/uploads\/2019\/09\/Landtech-proces-analiza.png 800w, https:\/\/landtech.com.pl\/wp-content\/uploads\/2019\/09\/Landtech-proces-analiza-300x192.png 300w, https:\/\/landtech.com.pl\/wp-content\/uploads\/2019\/09\/Landtech-proces-analiza-768x492.png 768w, https:\/\/landtech.com.pl\/wp-content\/uploads\/2019\/09\/Landtech-proces-analiza-700x448.png 700w\" sizes=\"(max-width: 800px) 100vw, 800px\" \/>        <\/div>\n        <div class=\"qode-workflow-text\">\n            <span class=\"circle\" style=\"border-color:#cccccc;background-color:#cccccc;\"><\/span>\n                            <h4>S\u0142uchamy<\/h4>\n                                        <h3 class=\"qode-workflow-subtitle\">Zbieramy niezb\u0119dne informacje<\/h3>\n                                        <p class=\"text\">Wizja i oczekiwania Klienta daj\u0105 pocz\u0105tek \u2013 dlatego nie boimy si\u0119 pyta\u0107. Wa\u017cna jest sytuacja na dzi\u015b i plany rozwoju. Rozwi\u0105zania, kt\u00f3re ma i kt\u00f3re chce posiada\u0107. Jego mo\u017cliwo\u015bci logistyczne i otocznie. Priorytety i obiekcje. Bo telekomunikacja opiera si\u0119 na komunikacji.<\/p>\n                    <\/div>\n    <\/div>\n<\/div><div class=\"qode-workflow-item\">\n    <span class=\"line\" style=\"background-color:#cccccc;\"><\/span>\n    <div class=\"qode-workflow-item-inner \">\n        <div class=\"qode-workflow-image left\">\n            <img width=\"800\" height=\"512\" src=\"https:\/\/landtech.com.pl\/wp-content\/uploads\/2019\/09\/Landtech-proces-analiza-2.png\" class=\"attachment-full size-full\" alt=\"\" decoding=\"async\" loading=\"lazy\" srcset=\"https:\/\/landtech.com.pl\/wp-content\/uploads\/2019\/09\/Landtech-proces-analiza-2.png 800w, https:\/\/landtech.com.pl\/wp-content\/uploads\/2019\/09\/Landtech-proces-analiza-2-300x192.png 300w, https:\/\/landtech.com.pl\/wp-content\/uploads\/2019\/09\/Landtech-proces-analiza-2-768x492.png 768w, https:\/\/landtech.com.pl\/wp-content\/uploads\/2019\/09\/Landtech-proces-analiza-2-700x448.png 700w\" sizes=\"(max-width: 800px) 100vw, 800px\" \/>        <\/div>\n        <div class=\"qode-workflow-text\">\n            <span class=\"circle\" style=\"border-color:#cccccc;background-color:#cccccc;\"><\/span>\n                            <h4>Analizujemy<\/h4>\n                                        <h3 class=\"qode-workflow-subtitle\">Proponujemy najlepsze rozwi\u0105zanie<\/h3>\n                                        <p class=\"text\">Ka\u017cdy projekt poprzedza wizja techniczna \u2013 ogl\u0105damy, mierzymy, sprawdzamy, konsultujemy, uzgadniamy. Szukamy rozwi\u0105za\u0144 do skutku: technologia ma dzia\u0142a\u0107 a Klient ma by\u0107 zadowolony, \u017cadnych kompromis\u00f3w.<\/p>\n                    <\/div>\n    <\/div>\n<\/div><div class=\"qode-workflow-item\">\n    <span class=\"line\" style=\"background-color:#cccccc;\"><\/span>\n    <div class=\"qode-workflow-item-inner reverse\">\n        <div class=\"qode-workflow-image left\">\n            <img width=\"800\" height=\"512\" src=\"https:\/\/landtech.com.pl\/wp-content\/uploads\/2019\/09\/Landtech-proces-wdrozenie.png\" class=\"attachment-full size-full\" alt=\"\" decoding=\"async\" loading=\"lazy\" srcset=\"https:\/\/landtech.com.pl\/wp-content\/uploads\/2019\/09\/Landtech-proces-wdrozenie.png 800w, https:\/\/landtech.com.pl\/wp-content\/uploads\/2019\/09\/Landtech-proces-wdrozenie-300x192.png 300w, https:\/\/landtech.com.pl\/wp-content\/uploads\/2019\/09\/Landtech-proces-wdrozenie-768x492.png 768w, https:\/\/landtech.com.pl\/wp-content\/uploads\/2019\/09\/Landtech-proces-wdrozenie-700x448.png 700w\" sizes=\"(max-width: 800px) 100vw, 800px\" \/>        <\/div>\n        <div class=\"qode-workflow-text\">\n            <span class=\"circle\" style=\"border-color:#cccccc;background-color:#cccccc;\"><\/span>\n                            <h4>Wdra\u017camy<\/h4>\n                                        <h3 class=\"qode-workflow-subtitle\">Przeprowadzamy instalcje<\/h3>\n                                        <p class=\"text\">Realizujemy projekty, kt\u00f3rych jeste\u015bmy pewni. Ale nasz profesjonalizm to nie tylko technologia. To r\u00f3wnie\u017c punktualno\u015b\u0107, sprawno\u015b\u0107 realizacji i estetyka wykonania.<br \/>\nJako\u015b\u0107 \u2013 nie jako\u015b.<\/p>\n                    <\/div>\n    <\/div>\n<\/div><div class=\"qode-workflow-item\">\n    <span class=\"line\" style=\"background-color:#cccccc;\"><\/span>\n    <div class=\"qode-workflow-item-inner \">\n        <div class=\"qode-workflow-image left\">\n            <img width=\"800\" height=\"512\" src=\"https:\/\/landtech.com.pl\/wp-content\/uploads\/2019\/09\/Landtech-proces-monitoring-2.png\" class=\"attachment-full size-full\" alt=\"monitoring sieci\" decoding=\"async\" loading=\"lazy\" srcset=\"https:\/\/landtech.com.pl\/wp-content\/uploads\/2019\/09\/Landtech-proces-monitoring-2.png 800w, https:\/\/landtech.com.pl\/wp-content\/uploads\/2019\/09\/Landtech-proces-monitoring-2-300x192.png 300w, https:\/\/landtech.com.pl\/wp-content\/uploads\/2019\/09\/Landtech-proces-monitoring-2-768x492.png 768w, https:\/\/landtech.com.pl\/wp-content\/uploads\/2019\/09\/Landtech-proces-monitoring-2-700x448.png 700w\" sizes=\"(max-width: 800px) 100vw, 800px\" \/>        <\/div>\n        <div class=\"qode-workflow-text\">\n            <span class=\"circle\" style=\"border-color:#cccccc;background-color:#cccccc;\"><\/span>\n                            <h4>Monitorujemy<\/h4>\n                                        <h3 class=\"qode-workflow-subtitle\">ZAPEWNIAMY CA\u0141ODOBOW\u0104 OBS\u0141UG\u0118 SIECI<\/h3>\n                                        <p class=\"text\">Stale monitorujemy dzia\u0142anie naszych us\u0142ug. Nasi specjali\u015bci czuwaj\u0105, aby Klient m\u00f3g\u0142 spa\u0107 spokojnie.<\/p>\n                    <\/div>\n    <\/div>\n<\/div><\/div>[\/vc_column][\/vc_row][vc_row css_animation=&#8221;&#8221; row_type=&#8221;row&#8221; use_row_as_full_screen_section=&#8221;no&#8221; type=&#8221;full_width&#8221; angled_section=&#8221;no&#8221; text_align=&#8221;left&#8221; background_image_as_pattern=&#8221;without_pattern&#8221; css=&#8221;.vc_custom_1569322424040{padding-top: 35px !important;padding-bottom: 70px !important;background-color: #ffffff !important;}&#8221; z_index=&#8221;&#8221;][vc_column][vc_row_inner row_type=&#8221;row&#8221; type=&#8221;grid&#8221; text_align=&#8221;left&#8221; css_animation=&#8221;&#8221;][vc_column_inner][vc_empty_space][vc_raw_html]JTVCbG9nb3Nob3djYXNlJTVE[\/vc_raw_html][\/vc_column_inner][\/vc_row_inner][\/vc_column][\/vc_row]<\/p>\n","protected":false},"excerpt":{"rendered":"<p>[vc_row css_animation=&#8221;&#8221; row_type=&#8221;row&#8221; use_row_as_full_screen_section=&#8221;no&#8221; type=&#8221;full_width&#8221; angled_section=&#8221;no&#8221; text_align=&#8221;left&#8221; background_image_as_pattern=&#8221;without_pattern&#8221;][vc_column parallax=&#8221;content-moving&#8221; parallax_image=&#8221;1949&#8243;][vc_empty_space height=&#8221;200px&#8221;][vc_row_inner row_type=&#8221;row&#8221; type=&#8221;grid&#8221; text_align=&#8221;left&#8221; css_animation=&#8221;&#8221;][vc_column_inner][vc_column_text] Na czym polega sukces? [\/vc_column_text][vc_separator type=&#8221;small&#8221; position=&#8221;center&#8221; color=&#8221;#dd3333&#8243; thickness=&#8221;2px&#8221;][vc_column_text] Robimy rzeczy w\u0142a\u015bciwe, we w\u0142a\u015bciwy spos\u00f3b \u00a0 [\/vc_column_text][\/vc_column_inner][\/vc_row_inner][vc_empty_space height=&#8221;200px&#8221;][\/vc_column][\/vc_row][vc_row css_animation=&#8221;&#8221; row_type=&#8221;row&#8221; use_row_as_full_screen_section=&#8221;no&#8221; type=&#8221;grid&#8221; angled_section=&#8221;no&#8221; text_align=&#8221;left&#8221; background_image_as_pattern=&#8221;without_pattern&#8221; z_index=&#8221;&#8221; css=&#8221;.vc_custom_1570690199975{padding-top: 35px !important;padding-bottom: 70px&#8230;<\/p>\n","protected":false},"author":5,"featured_media":0,"parent":0,"menu_order":0,"comment_status":"closed","ping_status":"closed","template":"full_width.php","meta":{"footnotes":""},"_links":{"self":[{"href":"https:\/\/landtech.com.pl\/en\/wp-json\/wp\/v2\/pages\/186"}],"collection":[{"href":"https:\/\/landtech.com.pl\/en\/wp-json\/wp\/v2\/pages"}],"about":[{"href":"https:\/\/landtech.com.pl\/en\/wp-json\/wp\/v2\/types\/page"}],"author":[{"embeddable":true,"href":"https:\/\/landtech.com.pl\/en\/wp-json\/wp\/v2\/users\/5"}],"replies":[{"embeddable":true,"href":"https:\/\/landtech.com.pl\/en\/wp-json\/wp\/v2\/comments?post=186"}],"version-history":[{"count":36,"href":"https:\/\/landtech.com.pl\/en\/wp-json\/wp\/v2\/pages\/186\/revisions"}],"predecessor-version":[{"id":2331,"href":"https:\/\/landtech.com.pl\/en\/wp-json\/wp\/v2\/pages\/186\/revisions\/2331"}],"wp:attachment":[{"href":"https:\/\/landtech.com.pl\/en\/wp-json\/wp\/v2\/media?parent=186"}],"curies":[{"name":"wp","href":"https:\/\/api.w.org\/{rel}","templated":true}]}}