{"id":1960,"date":"2020-08-03T15:08:18","date_gmt":"2020-08-03T13:08:18","guid":{"rendered":"https:\/\/landtech.com.pl\/?page_id=1960"},"modified":"2020-08-13T15:02:02","modified_gmt":"2020-08-13T13:02:02","slug":"praca-w-landtech","status":"publish","type":"page","link":"https:\/\/landtech.com.pl\/en\/kariera\/praca-w-landtech\/","title":{"rendered":"Praca w landtech"},"content":{"rendered":"<p>[vc_row css_animation=&#8221;&#8221; row_type=&#8221;row&#8221; use_row_as_full_screen_section=&#8221;no&#8221; type=&#8221;full_width&#8221; angled_section=&#8221;no&#8221; text_align=&#8221;left&#8221; background_image_as_pattern=&#8221;without_pattern&#8221;][vc_column parallax=&#8221;content-moving&#8221; parallax_image=&#8221;1944&#8243;][vc_empty_space height=&#8221;200px&#8221;][vc_row_inner row_type=&#8221;row&#8221; type=&#8221;grid&#8221; text_align=&#8221;left&#8221; css_animation=&#8221;&#8221;][vc_column_inner][vc_column_text]<\/p>\n<h1 style=\"text-align: right;\"><span style=\"color: #ffffff;\"><strong>Jeste\u015bmy przyjazn\u0105, rodzinn\u0105 firm\u0105<\/strong><\/span><\/h1>\n<p>[\/vc_column_text][vc_separator type=&#8221;small&#8221; position=&#8221;right&#8221; color=&#8221;#e51616&#8243; thickness=&#8221;10px&#8221;][vc_column_text]<\/p>\n<h4 style=\"text-align: right;\"><span style=\"color: #ffffff;\">Zobacz, co mo\u017cemy ci zaoferowa\u0107<br \/>\n<\/span><\/h4>\n<p>[\/vc_column_text][\/vc_column_inner][\/vc_row_inner][vc_empty_space height=&#8221;200px&#8221;][\/vc_column][\/vc_row][vc_row css_animation=&#8221;&#8221; row_type=&#8221;row&#8221; use_row_as_full_screen_section=&#8221;no&#8221; type=&#8221;full_width&#8221; angled_section=&#8221;no&#8221; text_align=&#8221;left&#8221; background_image_as_pattern=&#8221;without_pattern&#8221; z_index=&#8221;&#8221; background_color=&#8221;#ffffff&#8221;][vc_column][vc_empty_space height=&#8221;80px&#8221;][vc_row_inner row_type=&#8221;row&#8221; type=&#8221;grid&#8221; text_align=&#8221;center&#8221; css_animation=&#8221;&#8221;][vc_column_inner width=&#8221;1\/3&#8243;][qode_elements_holder number_of_columns=&#8221;one_column&#8221;][qode_elements_holder_item advanced_animations=&#8221;no&#8221;][vc_single_image image=&#8221;2413&#8243; img_size=&#8221;70&#215;70&#8243; qode_css_animation=&#8221;&#8221;][vc_empty_space height=&#8221;22px&#8221;][vc_column_text]<\/p>\n<h5 style=\"text-align: left;\"><span style=\"color: #333333;\">Karta Multisport<\/span><\/h5>\n<p>[\/vc_column_text][vc_separator type=&#8221;small&#8221; position=&#8221;left&#8221; color=&#8221;#e51616&#8243; thickness=&#8221;10px&#8221;][vc_column_text]<\/p>\n<p style=\"text-align: left;\">Najpopularniejsze obiekty sportowe na terenie ca\u0142ego kraju w jednym karnecie<\/p>\n<p>[\/vc_column_text][vc_empty_space][\/qode_elements_holder_item][\/qode_elements_holder][\/vc_column_inner][vc_column_inner width=&#8221;1\/3&#8243;][qode_elements_holder number_of_columns=&#8221;one_column&#8221;][qode_elements_holder_item vertical_alignment=&#8221;middle&#8221; horizontal_alignment=&#8221;left&#8221; advanced_animations=&#8221;no&#8221; item_padding=&#8221;35px35px35px35px&#8221;][vc_single_image image=&#8221;2414&#8243; img_size=&#8221;70&#215;70&#8243; qode_css_animation=&#8221;&#8221;][vc_empty_space height=&#8221;22px&#8221;][vc_column_text]<\/p>\n<h5 style=\"text-align: left;\"><span style=\"color: #333333;\">Prywatna opieka medyczna<\/span><\/h5>\n<p>[\/vc_column_text][vc_separator type=&#8221;small&#8221; position=&#8221;left&#8221; color=&#8221;#e51616&#8243; thickness=&#8221;10px&#8221;][vc_column_text]Indywidualny dost\u0119p do lekarzy specjalist\u00f3w, wizyt domowych, zabieg\u00f3w rehabilitacyjnych[\/vc_column_text][vc_empty_space][\/qode_elements_holder_item][\/qode_elements_holder][\/vc_column_inner][vc_column_inner width=&#8221;1\/3&#8243;][qode_elements_holder number_of_columns=&#8221;one_column&#8221;][qode_elements_holder_item advanced_animations=&#8221;no&#8221;][vc_single_image image=&#8221;2415&#8243; img_size=&#8221;70&#215;70&#8243; qode_css_animation=&#8221;&#8221;][vc_empty_space height=&#8221;22px&#8221;][vc_column_text]<\/p>\n<h5 style=\"text-align: left;\"><span style=\"color: #333333;\">Dofinansowanie do okular\u00f3w<\/span><\/h5>\n<p>[\/vc_column_text][vc_separator type=&#8221;small&#8221; position=&#8221;left&#8221; color=&#8221;#e51616&#8243; thickness=&#8221;10px&#8221;][vc_column_text]<\/p>\n<p style=\"text-align: left;\">Udzia\u0142 finansowy w zakupie okular\u00f3w korekcyjnych<\/p>\n<p>[\/vc_column_text][vc_empty_space][\/qode_elements_holder_item][\/qode_elements_holder][\/vc_column_inner][\/vc_row_inner][vc_row_inner row_type=&#8221;row&#8221; type=&#8221;grid&#8221; text_align=&#8221;center&#8221; css_animation=&#8221;&#8221;][vc_column_inner width=&#8221;1\/3&#8243;][qode_elements_holder number_of_columns=&#8221;one_column&#8221;][qode_elements_holder_item advanced_animations=&#8221;no&#8221;][vc_single_image image=&#8221;2416&#8243; img_size=&#8221;70&#215;70&#8243; qode_css_animation=&#8221;&#8221;][vc_empty_space height=&#8221;22px&#8221;][vc_column_text]<\/p>\n<h5 style=\"text-align: left;\"><span style=\"color: #333333;\">Nauka j\u0119zyka angielskiego<\/span><\/h5>\n<p>[\/vc_column_text][vc_separator type=&#8221;small&#8221; position=&#8221;left&#8221; color=&#8221;#e51616&#8243; thickness=&#8221;10px&#8221;][vc_column_text]<\/p>\n<p style=\"text-align: left;\">Dofinansowanie nauki ka\u017cdego z pracownik\u00f3w<\/p>\n<p>[\/vc_column_text][vc_empty_space][vc_column_text][\/vc_column_text][\/qode_elements_holder_item][\/qode_elements_holder][\/vc_column_inner][vc_column_inner width=&#8221;1\/3&#8243;][qode_elements_holder number_of_columns=&#8221;one_column&#8221;][qode_elements_holder_item vertical_alignment=&#8221;middle&#8221; horizontal_alignment=&#8221;left&#8221; advanced_animations=&#8221;no&#8221; item_padding=&#8221;35px35px35px35px&#8221;][vc_single_image image=&#8221;2412&#8243; img_size=&#8221;70&#215;70&#8243; qode_css_animation=&#8221;&#8221;][vc_empty_space height=&#8221;22px&#8221;][vc_column_text]<\/p>\n<h5 style=\"text-align: left;\"><span style=\"color: #333333;\">Specjalistyczne szkolenia<br \/>\n<\/span><\/h5>\n<p>[\/vc_column_text][vc_separator type=&#8221;small&#8221; position=&#8221;left&#8221; color=&#8221;#e51616&#8243; thickness=&#8221;10px&#8221;][vc_column_text]<\/p>\n<p style=\"text-align: left;\">Pog\u0142\u0119bianie i rozw\u00f3j kompetencji eksperckich<\/p>\n<p>[\/vc_column_text][vc_empty_space][\/qode_elements_holder_item][\/qode_elements_holder][\/vc_column_inner][vc_column_inner width=&#8221;1\/3&#8243;][qode_elements_holder number_of_columns=&#8221;one_column&#8221;][qode_elements_holder_item advanced_animations=&#8221;no&#8221;][vc_single_image image=&#8221;2419&#8243; img_size=&#8221;70&#215;70&#8243; qode_css_animation=&#8221;&#8221;][vc_empty_space height=&#8221;22px&#8221;][vc_column_text]<\/p>\n<h5 style=\"text-align: left;\"><span style=\"color: #333333;\">Mo\u017cliwo\u015b\u0107 pracy zdalnej<\/span><\/h5>\n<p>[\/vc_column_text][vc_separator type=&#8221;small&#8221; position=&#8221;left&#8221; color=&#8221;#e51616&#8243; thickness=&#8221;10px&#8221;][vc_column_text]<\/p>\n<p style=\"text-align: left;\">Home-office nie tylko w czasie pandemii<\/p>\n<p>[\/vc_column_text][vc_empty_space][\/qode_elements_holder_item][\/qode_elements_holder][\/vc_column_inner][\/vc_row_inner][vc_row_inner row_type=&#8221;row&#8221; type=&#8221;grid&#8221; text_align=&#8221;center&#8221; css_animation=&#8221;&#8221;][vc_column_inner width=&#8221;1\/3&#8243;][qode_elements_holder number_of_columns=&#8221;one_column&#8221;][qode_elements_holder_item advanced_animations=&#8221;no&#8221;][vc_single_image image=&#8221;2420&#8243; img_size=&#8221;70&#215;70&#8243; qode_css_animation=&#8221;&#8221;][vc_empty_space height=&#8221;22px&#8221;][vc_column_text]<\/p>\n<h5 style=\"text-align: left;\"><span style=\"color: #333333;\">Umowa B2B<\/span><\/h5>\n<p>[\/vc_column_text][vc_separator type=&#8221;small&#8221; position=&#8221;left&#8221; color=&#8221;#e51616&#8243; thickness=&#8221;10px&#8221;][vc_column_text]<\/p>\n<p style=\"text-align: left;\">Mo\u017cliwo\u015b\u0107 zatrudnienia w formie umowy biznesowej<\/p>\n<p>[\/vc_column_text][vc_empty_space][\/qode_elements_holder_item][\/qode_elements_holder][\/vc_column_inner][vc_column_inner width=&#8221;1\/3&#8243;][qode_elements_holder number_of_columns=&#8221;one_column&#8221;][qode_elements_holder_item vertical_alignment=&#8221;middle&#8221; horizontal_alignment=&#8221;left&#8221; advanced_animations=&#8221;no&#8221; item_padding=&#8221;35px35px35px35px&#8221;][vc_single_image image=&#8221;2421&#8243; img_size=&#8221;70&#215;70&#8243; qode_css_animation=&#8221;&#8221;][vc_empty_space height=&#8221;22px&#8221;][vc_column_text]<\/p>\n<h5 style=\"text-align: left;\"><span style=\"color: #333333;\">System premiowy<\/span><\/h5>\n<p>[\/vc_column_text][vc_separator type=&#8221;small&#8221; position=&#8221;left&#8221; color=&#8221;#e51616&#8243; thickness=&#8221;10px&#8221;][vc_column_text]Dodatkowe wynagrodzenie powi\u0105zane z osi\u0105ganymi efektami[\/vc_column_text][vc_empty_space][\/qode_elements_holder_item][\/qode_elements_holder][\/vc_column_inner][vc_column_inner width=&#8221;1\/3&#8243;][qode_elements_holder number_of_columns=&#8221;one_column&#8221;][qode_elements_holder_item advanced_animations=&#8221;no&#8221;][vc_single_image image=&#8221;2418&#8243; img_size=&#8221;70&#215;70&#8243; qode_css_animation=&#8221;&#8221;][vc_empty_space height=&#8221;22px&#8221;][vc_column_text]<\/p>\n<h5 style=\"text-align: left;\"><span style=\"color: #333333;\">Po\u017cyczki pracownicze<br \/>\n<\/span><\/h5>\n<p>[\/vc_column_text][vc_separator type=&#8221;small&#8221; position=&#8221;left&#8221; color=&#8221;#e51616&#8243; thickness=&#8221;10px&#8221;][vc_column_text]<\/p>\n<p style=\"text-align: left;\">Nisko-oprocentowane po\u017cyczki dla os\u00f3b w trudnej sytuacji (np. mieszkaniowej)<\/p>\n<p>[\/vc_column_text][vc_empty_space][\/qode_elements_holder_item][\/qode_elements_holder][\/vc_column_inner][\/vc_row_inner][vc_row_inner row_type=&#8221;row&#8221; type=&#8221;grid&#8221; text_align=&#8221;center&#8221; css_animation=&#8221;&#8221;][vc_column_inner width=&#8221;1\/3&#8243;][qode_elements_holder number_of_columns=&#8221;one_column&#8221;][qode_elements_holder_item advanced_animations=&#8221;no&#8221;][vc_single_image image=&#8221;2422&#8243; img_size=&#8221;70&#215;70&#8243; qode_css_animation=&#8221;&#8221;][vc_empty_space height=&#8221;22px&#8221;][vc_column_text]<\/p>\n<h5 style=\"text-align: left;\"><span style=\"color: #333333;\">Parking na terenie firmy<\/span><\/h5>\n<p>[\/vc_column_text][vc_separator type=&#8221;small&#8221; position=&#8221;left&#8221; color=&#8221;#e51616&#8243; thickness=&#8221;10px&#8221;][vc_column_text]<\/p>\n<p style=\"text-align: left;\">Gwarantowane miejsce obok biura<\/p>\n<p>[\/vc_column_text][\/qode_elements_holder_item][\/qode_elements_holder][\/vc_column_inner][vc_column_inner width=&#8221;1\/3&#8243;][qode_elements_holder number_of_columns=&#8221;one_column&#8221;][qode_elements_holder_item vertical_alignment=&#8221;middle&#8221; horizontal_alignment=&#8221;left&#8221; advanced_animations=&#8221;no&#8221; item_padding=&#8221;35px35px35px35px&#8221;][vc_single_image image=&#8221;2423&#8243; img_size=&#8221;70&#215;70&#8243; qode_css_animation=&#8221;&#8221;][vc_empty_space height=&#8221;22px&#8221;][vc_column_text]<\/p>\n<h5 style=\"text-align: left;\"><span style=\"color: #333333;\">Imprezy integracyjne<\/span><\/h5>\n<p>[\/vc_column_text][vc_separator type=&#8221;small&#8221; position=&#8221;left&#8221; color=&#8221;#e51616&#8243; thickness=&#8221;10px&#8221;][vc_column_text]<\/p>\n<p style=\"text-align: left;\">\u015awi\u0119towanie sukces\u00f3w i uczestnictwo w wa\u017cnych wydarzeniach z \u017cycia firmy<\/p>\n<p>[\/vc_column_text][\/qode_elements_holder_item][\/qode_elements_holder][\/vc_column_inner][vc_column_inner width=&#8221;1\/3&#8243;][qode_elements_holder number_of_columns=&#8221;one_column&#8221;][qode_elements_holder_item advanced_animations=&#8221;no&#8221;][vc_single_image image=&#8221;2417&#8243; img_size=&#8221;70&#215;70&#8243; qode_css_animation=&#8221;&#8221;][vc_empty_space height=&#8221;22px&#8221;][vc_column_text]<\/p>\n<h5 style=\"text-align: left;\"><span style=\"color: #333333;\">Dru\u017cyny sportowe<br \/>\n<\/span><\/h5>\n<p>[\/vc_column_text][vc_separator type=&#8221;small&#8221; position=&#8221;left&#8221; color=&#8221;#e51616&#8243; thickness=&#8221;10px&#8221;][vc_column_text]<\/p>\n<p style=\"text-align: left;\">Uczestnictwo w zawodach pi\u0142karskich czy w wewn\u0105trz firmowych rozgrywkach Counter-Strike<\/p>\n<p>[\/vc_column_text][vc_empty_space][\/qode_elements_holder_item][\/qode_elements_holder][\/vc_column_inner][\/vc_row_inner][vc_empty_space height=&#8221;80px&#8221;][\/vc_column][\/vc_row][vc_row css_animation=&#8221;&#8221; row_type=&#8221;row&#8221; use_row_as_full_screen_section=&#8221;no&#8221; type=&#8221;full_width&#8221; angled_section=&#8221;no&#8221; text_align=&#8221;left&#8221; background_image_as_pattern=&#8221;without_pattern&#8221;][vc_column parallax=&#8221;content-moving&#8221; parallax_image=&#8221;1957&#8243;][vc_empty_space height=&#8221;122px&#8221;][vc_row_inner row_type=&#8221;row&#8221; type=&#8221;grid&#8221; text_align=&#8221;left&#8221; css_animation=&#8221;&#8221;][vc_column_inner][qode_elements_holder number_of_columns=&#8221;one_column&#8221;][qode_elements_holder_item vertical_alignment=&#8221;middle&#8221; horizontal_alignment=&#8221;center&#8221; advanced_animations=&#8221;no&#8221;][vc_column_text]<\/p>\n<h3 style=\"text-align: center;\"><span style=\"color: #ffffff;\">Nasz\u0105 domen\u0105 jest odwaga, poniewa\u017c wytrwale realizujemy to, w co wierzymy.<\/span><\/h3>\n<p>[\/vc_column_text][\/qode_elements_holder_item][\/qode_elements_holder][\/vc_column_inner][\/vc_row_inner][vc_empty_space height=&#8221;70 px&#8221;][qode_elements_holder number_of_columns=&#8221;one_column&#8221;][qode_elements_holder_item vertical_alignment=&#8221;middle&#8221; horizontal_alignment=&#8221;center&#8221; advanced_animations=&#8221;no&#8221;]<a  itemprop=\"url\" href=\"https:\/\/landtech.com.pl\/o-nas\/\" target=\"_self\" data-hover-background-color=rgba(255,255,255,0.01) data-hover-border-color=#ffffff data-hover-color=#ffffff class=\"qbutton  enlarge\" style=\"color: #ffffff; border-color: #ffffff; background-color: rgba(255,255,255,0.01);\">O nas<\/a><a  itemprop=\"url\" href=\"https:\/\/landtech.com.pl\/kariera\/oferty-pracy\/\" target=\"_self\" data-hover-background-color=#e82429 data-hover-border-color=#e82429 data-hover-color=#ffffff class=\"qbutton  enlarge\" style=\"color: #ffffff; border-color: #e82429; background-color: #e82429;\">Oferty pracy<\/a>[\/qode_elements_holder_item][\/qode_elements_holder][vc_empty_space height=&#8221;122px&#8221;][\/vc_column][\/vc_row]<\/p>\n","protected":false},"excerpt":{"rendered":"<p>[vc_row css_animation=&#8221;&#8221; row_type=&#8221;row&#8221; use_row_as_full_screen_section=&#8221;no&#8221; type=&#8221;full_width&#8221; angled_section=&#8221;no&#8221; text_align=&#8221;left&#8221; background_image_as_pattern=&#8221;without_pattern&#8221;][vc_column parallax=&#8221;content-moving&#8221; parallax_image=&#8221;1944&#8243;][vc_empty_space height=&#8221;200px&#8221;][vc_row_inner row_type=&#8221;row&#8221; type=&#8221;grid&#8221; text_align=&#8221;left&#8221; css_animation=&#8221;&#8221;][vc_column_inner][vc_column_text] Jeste\u015bmy przyjazn\u0105, rodzinn\u0105 firm\u0105 [\/vc_column_text][vc_separator type=&#8221;small&#8221; position=&#8221;right&#8221; color=&#8221;#e51616&#8243; thickness=&#8221;10px&#8221;][vc_column_text] Zobacz, co mo\u017cemy ci zaoferowa\u0107 [\/vc_column_text][\/vc_column_inner][\/vc_row_inner][vc_empty_space height=&#8221;200px&#8221;][\/vc_column][\/vc_row][vc_row css_animation=&#8221;&#8221; row_type=&#8221;row&#8221; use_row_as_full_screen_section=&#8221;no&#8221; type=&#8221;full_width&#8221; angled_section=&#8221;no&#8221; text_align=&#8221;left&#8221; background_image_as_pattern=&#8221;without_pattern&#8221; z_index=&#8221;&#8221; background_color=&#8221;#ffffff&#8221;][vc_column][vc_empty_space height=&#8221;80px&#8221;][vc_row_inner row_type=&#8221;row&#8221; type=&#8221;grid&#8221; text_align=&#8221;center&#8221; css_animation=&#8221;&#8221;][vc_column_inner&#8230;<\/p>\n","protected":false},"author":5,"featured_media":0,"parent":1835,"menu_order":0,"comment_status":"closed","ping_status":"closed","template":"full_width.php","meta":{"footnotes":""},"_links":{"self":[{"href":"https:\/\/landtech.com.pl\/en\/wp-json\/wp\/v2\/pages\/1960"}],"collection":[{"href":"https:\/\/landtech.com.pl\/en\/wp-json\/wp\/v2\/pages"}],"about":[{"href":"https:\/\/landtech.com.pl\/en\/wp-json\/wp\/v2\/types\/page"}],"author":[{"embeddable":true,"href":"https:\/\/landtech.com.pl\/en\/wp-json\/wp\/v2\/users\/5"}],"replies":[{"embeddable":true,"href":"https:\/\/landtech.com.pl\/en\/wp-json\/wp\/v2\/comments?post=1960"}],"version-history":[{"count":107,"href":"https:\/\/landtech.com.pl\/en\/wp-json\/wp\/v2\/pages\/1960\/revisions"}],"predecessor-version":[{"id":2425,"href":"https:\/\/landtech.com.pl\/en\/wp-json\/wp\/v2\/pages\/1960\/revisions\/2425"}],"up":[{"embeddable":true,"href":"https:\/\/landtech.com.pl\/en\/wp-json\/wp\/v2\/pages\/1835"}],"wp:attachment":[{"href":"https:\/\/landtech.com.pl\/en\/wp-json\/wp\/v2\/media?parent=1960"}],"curies":[{"name":"wp","href":"https:\/\/api.w.org\/{rel}","templated":true}]}}