{"id":206,"date":"2018-03-21T10:21:06","date_gmt":"2018-03-21T10:21:06","guid":{"rendered":"http:\/\/bridge191.qodeinteractive.com\/?page_id=206"},"modified":"2020-08-24T18:35:12","modified_gmt":"2020-08-24T16:35:12","slug":"oferta","status":"publish","type":"page","link":"https:\/\/landtech.com.pl\/en\/oferta\/","title":{"rendered":"Oferta"},"content":{"rendered":"<p>[vc_row css_animation=&#8221;&#8221; row_type=&#8221;row&#8221; use_row_as_full_screen_section=&#8221;no&#8221; type=&#8221;full_width&#8221; angled_section=&#8221;no&#8221; text_align=&#8221;left&#8221; background_image_as_pattern=&#8221;without_pattern&#8221;][vc_column parallax=&#8221;content-moving&#8221; parallax_image=&#8221;2060&#8243;][vc_empty_space height=&#8221;200px&#8221;][vc_row_inner row_type=&#8221;row&#8221; type=&#8221;grid&#8221; text_align=&#8221;left&#8221; css_animation=&#8221;&#8221;][vc_column_inner][vc_column_text]<\/p>\n<h1 class=\"with-breaker animate-me fadeInUp animated\" style=\"text-align: right;\"><span style=\"color: #333333;\"><span style=\"color: #ffffff;\">Chcesz zobaczy\u0107 co robimy i jak pracujemy<\/span><br \/>\n<\/span><\/h1>\n<p>[\/vc_column_text][vc_separator type=&#8221;small&#8221; position=&#8221;right&#8221; color=&#8221;#ec2224&#8243;][vc_column_text]<\/p>\n<h4 style=\"text-align: right;\"><span style=\"color: #ffffff;\">Zapoznaj si\u0119 z nasz\u0105 ofert\u0105<\/span><\/h4>\n<p>[\/vc_column_text][\/vc_column_inner][\/vc_row_inner][vc_empty_space height=&#8221;200px&#8221;][\/vc_column][\/vc_row][vc_row css_animation=&#8221;&#8221; row_type=&#8221;row&#8221; use_row_as_full_screen_section=&#8221;no&#8221; type=&#8221;grid&#8221; angled_section=&#8221;no&#8221; text_align=&#8221;left&#8221; background_image_as_pattern=&#8221;without_pattern&#8221; z_index=&#8221;&#8221; css=&#8221;.vc_custom_1595491351745{background-color: #f7f7f7 !important;background-position: center !important;background-repeat: no-repeat !important;background-size: cover !important;}&#8221;][vc_column width=&#8221;1\/2&#8243;][qode_elements_holder number_of_columns=&#8221;one_column&#8221;][qode_elements_holder_item vertical_alignment=&#8221;middle&#8221; horizontal_alignment=&#8221;right&#8221; advanced_animations=&#8221;no&#8221; item_padding=&#8221;90px 0px 0px 0px&#8221;][vc_column_text]<\/p>\n<h4 style=\"text-align: right;\"><span style=\"color: #333333;\">Je\u015bli szukasz <strong>niezawodnych i szybkich \u0142\u0105czy<\/strong>, gwarantuj\u0105cych <strong>stabiln\u0105 transmisj\u0119 danych<\/strong> i sprawny dost\u0119p do Internetu, oferowanych przez profesjonaln\u0105 ekip\u0119 \u2013 trafi\u0142e\u015b pod w\u0142a\u015bciwy adres.<\/span><\/h4>\n<p><span style=\"color: #333333;\"><strong>\u00a0<\/strong><\/span>[\/vc_column_text][vc_empty_space]<a  itemprop=\"url\" href=\"https:\/\/landtech.com.pl\/kontakt\/\" target=\"_self\" data-hover-background-color=rgba(255,255,255,0.01) data-hover-border-color=#e62429  class=\"qbutton  medium enlarge\" style=\"color: #e62429; border-color: #e62429; background-color: rgba(0,0,0,0.01);\">Kontakt<\/a>[\/qode_elements_holder_item][\/qode_elements_holder][\/vc_column][vc_column width=&#8221;1\/2&#8243;][qode_elements_holder number_of_columns=&#8221;one_column&#8221;][qode_elements_holder_item advanced_animations=&#8221;no&#8221;][vc_single_image image=&#8221;2022&#8243; img_size=&#8221;full&#8221; qode_css_animation=&#8221;&#8221; css=&#8221;.vc_custom_1595490964842{padding-bottom: 0px !important;}&#8221;][\/qode_elements_holder_item][\/qode_elements_holder][\/vc_column][\/vc_row][vc_row css_animation=&#8221;&#8221; row_type=&#8221;row&#8221; use_row_as_full_screen_section=&#8221;no&#8221; type=&#8221;full_width&#8221; angled_section=&#8221;no&#8221; text_align=&#8221;left&#8221; background_image_as_pattern=&#8221;without_pattern&#8221; z_index=&#8221;&#8221; css=&#8221;.vc_custom_1597825348474{background-color: #ffffff !important;}&#8221;][vc_column][vc_row_inner row_type=&#8221;row&#8221; type=&#8221;full_width&#8221; text_align=&#8221;left&#8221; css_animation=&#8221;&#8221;][vc_column_inner width=&#8221;1\/4&#8243; css=&#8221;.vc_custom_1597839158261{background-image: url(https:\/\/landtech.com.pl\/wp-content\/uploads\/2020\/08\/Telecommunication-manual-high-worker-engineer-repairing-Landtech-2.jpg?id=2466) !important;background-position: center !important;background-repeat: no-repeat !important;background-size: cover !important;}&#8221;][qode_elements_holder number_of_columns=&#8221;one_column&#8221;][qode_elements_holder_item vertical_alignment=&#8221;middle&#8221; horizontal_alignment=&#8221;center&#8221; advanced_animations=&#8221;no&#8221; item_padding=&#8221;70px 10px 70px 10px&#8221;][vc_column_text]<\/p>\n<h5 style=\"text-align: center;\"><span style=\"color: #ffffff;\">INTERNET DLA FIRM<\/span><\/h5>\n<p>[\/vc_column_text][vc_empty_space]<a  itemprop=\"url\" href=\"https:\/\/landtech.com.pl\/oferta\/internet-dla-firm\/\" target=\"_self\" data-hover-border-color=#ffffff  class=\"qbutton  medium enlarge\" style=\"color: #ffffff; border-color: #ffffff; background-color: rgba(255,255,255,0.01);\">Wi\u0119cej<\/a>[vc_empty_space][\/qode_elements_holder_item][\/qode_elements_holder][\/vc_column_inner][vc_column_inner width=&#8221;1\/4&#8243; css=&#8221;.vc_custom_1595503771640{background-image: url(https:\/\/landtech.com.pl\/wp-content\/uploads\/2020\/07\/oferta-landtech-telekomunikacja-biznes-internet-utrzymanie-sieci-2.jpg?id=2029) !important;background-position: center !important;background-repeat: no-repeat !important;background-size: cover !important;}&#8221;][qode_elements_holder number_of_columns=&#8221;one_column&#8221;][qode_elements_holder_item vertical_alignment=&#8221;middle&#8221; horizontal_alignment=&#8221;center&#8221; advanced_animations=&#8221;no&#8221; item_padding=&#8221;70px 10px 70px 10px&#8221;][vc_column_text]<\/p>\n<h5 style=\"text-align: center;\"><span style=\"color: #ffffff;\">BUDOWA SIECI<br \/>\n<\/span><\/h5>\n<p>[\/vc_column_text][vc_empty_space]<a  itemprop=\"url\" href=\"https:\/\/landtech.com.pl\/oferta\/budowa-sieci\/\" target=\"_self\" data-hover-border-color=#ffffff  class=\"qbutton  medium enlarge\" style=\"color: #ffffff; border-color: #ffffff; background-color: rgba(255,255,255,0.01);\">Wi\u0119cej<\/a>[vc_empty_space][\/qode_elements_holder_item][\/qode_elements_holder][\/vc_column_inner][vc_column_inner width=&#8221;1\/4&#8243; css=&#8221;.vc_custom_1597839171183{background-image: url(https:\/\/landtech.com.pl\/wp-content\/uploads\/2020\/08\/Oferta-internet-transmisja-danych-landtech-2.jpg?id=2465) !important;background-position: center !important;background-repeat: no-repeat !important;background-size: cover !important;}&#8221;][qode_elements_holder number_of_columns=&#8221;one_column&#8221;][qode_elements_holder_item vertical_alignment=&#8221;middle&#8221; horizontal_alignment=&#8221;center&#8221; advanced_animations=&#8221;no&#8221; item_padding=&#8221;70px 10px 70px 10px&#8221;][vc_column_text]<\/p>\n<h5 style=\"text-align: center;\"><span style=\"color: #ffffff;\">TRANSMISJA DANYCH<br \/>\n<\/span><\/h5>\n<p>[\/vc_column_text][vc_empty_space]<a  itemprop=\"url\" href=\"https:\/\/landtech.com.pl\/oferta\/transmisja-danych\/\" target=\"_self\" data-hover-border-color=#ffffff  class=\"qbutton  medium enlarge\" style=\"color: #ffffff; border-color: #ffffff; background-color: rgba(255,255,255,0.01);\">Wi\u0119cej<\/a>[vc_empty_space][\/qode_elements_holder_item][\/qode_elements_holder][\/vc_column_inner][vc_column_inner width=&#8221;1\/4&#8243; css=&#8221;.vc_custom_1597839184679{background-image: url(https:\/\/landtech.com.pl\/wp-content\/uploads\/2020\/07\/Home-landtech-telekomunikacja-biznes-internet-1a.jpg?id=1818) !important;background-position: center !important;background-repeat: no-repeat !important;background-size: cover !important;}&#8221;][qode_elements_holder number_of_columns=&#8221;one_column&#8221;][qode_elements_holder_item vertical_alignment=&#8221;middle&#8221; horizontal_alignment=&#8221;center&#8221; advanced_animations=&#8221;no&#8221; item_padding=&#8221;70px 10px 70px 10px&#8221;][vc_column_text]<\/p>\n<h5 style=\"text-align: center;\"><span style=\"color: #ffffff;\">POZOSTA\u0141E US\u0141UGI<br \/>\n<\/span><\/h5>\n<p>[\/vc_column_text][vc_empty_space]<a  itemprop=\"url\" href=\"\" target=\"_self\" data-hover-border-color=#ffffff  class=\"qbutton  medium enlarge\" style=\"color: #ffffff; border-color: #ffffff; background-color: rgba(255,255,255,0.01);\">Wi\u0119cej<\/a>[vc_empty_space][\/qode_elements_holder_item][\/qode_elements_holder][\/vc_column_inner][\/vc_row_inner][\/vc_column][\/vc_row][vc_row css_animation=&#8221;&#8221; row_type=&#8221;row&#8221; use_row_as_full_screen_section=&#8221;no&#8221; type=&#8221;grid&#8221; angled_section=&#8221;no&#8221; text_align=&#8221;left&#8221; background_image_as_pattern=&#8221;without_pattern&#8221; z_index=&#8221;&#8221; css=&#8221;.vc_custom_1595486323117{padding-top: 110px !important;padding-bottom: 35px !important;background-image: url(https:\/\/landtech.com.pl\/wp-content\/uploads\/2019\/09\/Home-background-image-3.png?id=418) !important;background-position: center !important;background-repeat: no-repeat !important;background-size: cover !important;}&#8221;][vc_column][vc_column_text]<\/p>\n<h4 style=\"text-align: center;\"><span style=\"color: #333333;\"> Nie znamy Ci\u0119, ale jeste\u015bmy przekonani, \u017ce <strong>Tw\u00f3j biznes potrzebuje<\/strong> rozwi\u0105za\u0144\u00a0<\/span><\/h4>\n<p>[\/vc_column_text][vc_empty_space height=&#8221;52px&#8221;][vc_row_inner row_type=&#8221;row&#8221; type=&#8221;grid&#8221; text_align=&#8221;left&#8221; css_animation=&#8221;&#8221;][vc_column_inner width=&#8221;1\/4&#8243;][qode_elements_holder number_of_columns=&#8221;one_column&#8221;][qode_elements_holder_item vertical_alignment=&#8221;middle&#8221; horizontal_alignment=&#8221;center&#8221; advanced_animations=&#8221;no&#8221;][vc_single_image image=&#8221;1418&#8243; img_size=&#8221;full&#8221; alignment=&#8221;center&#8221; qode_css_animation=&#8221;&#8221;][vc_column_text]<\/p>\n<h4 style=\"text-align: center;\"><span style=\"color: #333333;\">Szybkich<\/span><\/h4>\n<p>[\/vc_column_text][\/qode_elements_holder_item][\/qode_elements_holder][\/vc_column_inner][vc_column_inner width=&#8221;1\/4&#8243;][qode_elements_holder number_of_columns=&#8221;one_column&#8221;][qode_elements_holder_item vertical_alignment=&#8221;middle&#8221; horizontal_alignment=&#8221;center&#8221; advanced_animations=&#8221;no&#8221;][vc_single_image image=&#8221;1419&#8243; img_size=&#8221;full&#8221; alignment=&#8221;center&#8221; qode_css_animation=&#8221;&#8221;][vc_column_text]<\/p>\n<h4 style=\"text-align: center;\"><span style=\"color: #333333;\">Stabilnych<\/span><\/h4>\n<p>[\/vc_column_text][\/qode_elements_holder_item][\/qode_elements_holder][\/vc_column_inner][vc_column_inner width=&#8221;1\/4&#8243;][qode_elements_holder number_of_columns=&#8221;one_column&#8221;][qode_elements_holder_item vertical_alignment=&#8221;middle&#8221; horizontal_alignment=&#8221;center&#8221; advanced_animations=&#8221;no&#8221;][vc_single_image image=&#8221;1421&#8243; img_size=&#8221;full&#8221; alignment=&#8221;center&#8221; qode_css_animation=&#8221;&#8221;][vc_column_text]<\/p>\n<h4 style=\"text-align: center;\"><span style=\"color: #333333;\">Niezawodnych<\/span><\/h4>\n<p>[\/vc_column_text][\/qode_elements_holder_item][\/qode_elements_holder][\/vc_column_inner][vc_column_inner width=&#8221;1\/4&#8243;][qode_elements_holder number_of_columns=&#8221;one_column&#8221;][qode_elements_holder_item vertical_alignment=&#8221;middle&#8221; horizontal_alignment=&#8221;center&#8221; advanced_animations=&#8221;no&#8221;][vc_single_image image=&#8221;1420&#8243; img_size=&#8221;full&#8221; alignment=&#8221;center&#8221; qode_css_animation=&#8221;&#8221;][vc_column_text]<\/p>\n<h4 style=\"text-align: center;\"><span style=\"color: #333333;\">Bezpiecznych<\/span><\/h4>\n<p>[\/vc_column_text][\/qode_elements_holder_item][\/qode_elements_holder][\/vc_column_inner][\/vc_row_inner][vc_empty_space height=&#8221;52px&#8221;][vc_column_text]<\/p>\n<p style=\"text-align: center;\">Najlepiej takich, kt\u00f3re po\u0142\u0105cz\u0105 Twoje oczekiwania z dost\u0119pnymi mo\u017cliwo\u015bciami technicznymi, tak\u017ce autorskiego projektu.\u00a0Jako niezale\u017cny operator posiadaj\u0105cy w\u0142asn\u0105 sie\u0107 \u015bwiat\u0142owodow\u0105 oraz \u0142\u0105cza radiowe na terenie ca\u0142ego kraju \u2013 jeste\u015bmy w stanie zapewni\u0107 Ci dost\u0119p do Internetu oraz transmisj\u0119 danych w najwy\u017cszym standardzie rynkowym.<\/p>\n<p style=\"text-align: center;\">My, Landtech. Tw\u00f3j partner w biznesie.<\/p>\n<p style=\"text-align: center;\"><strong>\u00a0<\/strong><\/p>\n<p>[\/vc_column_text][qode_elements_holder number_of_columns=&#8221;one_column&#8221;][qode_elements_holder_item vertical_alignment=&#8221;middle&#8221; horizontal_alignment=&#8221;center&#8221; advanced_animations=&#8221;no&#8221;]<a  itemprop=\"url\" href=\"https:\/\/landtech.com.pl\/kontakt\/\" target=\"_self\" data-hover-background-color=rgba(255,255,255,0.01) data-hover-border-color=#e82429 data-hover-color=#e82429 class=\"qbutton  enlarge\" style=\"color: #e82429; border-color: #e82429; background-color: rgba(255,255,255,0.01);\">Kontakt<\/a><a  itemprop=\"url\" href=\"https:\/\/landtech.com.pl\/referencje\/\" target=\"_self\" data-hover-background-color=rgba(255,255,255,0.01) data-hover-border-color=#e82429 data-hover-color=#e82429 class=\"qbutton  enlarge\" style=\"color: #e82429; border-color: #e82429; background-color: rgba(255,255,255,0.01);\">Referencje<\/a>[\/qode_elements_holder_item][\/qode_elements_holder][\/vc_column][\/vc_row][vc_row css_animation=&#8221;&#8221; row_type=&#8221;row&#8221; use_row_as_full_screen_section=&#8221;no&#8221; type=&#8221;grid&#8221; angled_section=&#8221;no&#8221; text_align=&#8221;left&#8221; background_image_as_pattern=&#8221;without_pattern&#8221; z_index=&#8221;&#8221; css=&#8221;.vc_custom_1595427952488{padding-top: 35px !important;padding-bottom: 35px !important;background-image: url(https:\/\/landtech.com.pl\/wp-content\/uploads\/2020\/07\/opinie-landtech-telekomunikacja-biznes-internet-1.jpg?id=2045) !important;background-position: center !important;background-repeat: no-repeat !important;background-size: cover !important;}&#8221;][vc_column][qode_elements_holder number_of_columns=&#8221;one_column&#8221;][qode_elements_holder_item advanced_animations=&#8221;no&#8221; item_padding=&#8221;215px 18% 178px&#8221;][vc_column_text]<\/p>\n<h1 style=\"text-align: center;\"><span style=\"color: #ffffff;\">Co o nas m\u00f3wi\u0105?<br \/>\n<\/span><\/h1>\n<p>[\/vc_column_text][vc_separator type=&#8221;small&#8221; position=&#8221;center&#8221; color=&#8221;#ec2224&#8243;][vc_empty_space]<div class='testimonials_holder clearfix dark'><div class=\"testimonials testimonials_carousel\" data-show-navigation=\"yes\" data-animation-type=\"fade\" data-animation-speed=\"\" data-auto-rotate-slides=\"3\" data-number-per-slide=\"1\"><ul class=\"slides\"><li id=\"testimonials260\" class=\"testimonial_content\"><div class=\"testimonial_content_inner\"><div class=\"testimonial_text_holder\"><div class=\"testimonial_text_inner\" style=\"\"><p>\"Zadania powierzone firmie Landtech Sp. z o.o. zosta\u0142y wykonane z nale\u017cyt\u0105 staranno\u015bci\u0105, profesjonalnie, terminowo i zgodnie z obowi\u0105zuj\u0105cymi standardami naszej firmy. Dotychczasowa wsp\u00f3\u0142praca pozwala nam poleci\u0107 Landtech Sp. z o.o. firmom i instytucjom poszukuj\u0105cym solidnego dostawcy us\u0142ug telekomunikacyjnych.\"<\/p><p class=\"testimonial_author\" style=\"color: #ffffff;\">T-Mobile Polska S.A.<\/p><\/div><\/div><\/div><\/li><li id=\"testimonials259\" class=\"testimonial_content\"><div class=\"testimonial_content_inner\"><div class=\"testimonial_text_holder\"><div class=\"testimonial_text_inner\" style=\"\"><p>\"Du\u017ce zaanga\u017cowanie, kompetencje oraz bezpo\u015bredni kontakt ze strony wykonawcy pozwoli\u0142y nam na otrzymanie finalnego produktu w postaci sprawnie dzia\u0142aj\u0105cej sieci IT, kt\u00f3ra spe\u0142nia nasze wszystkie wymagania.\"<\/p><p class=\"testimonial_author\" style=\"color: #ffffff;\">Oxylion<\/p><\/div><\/div><\/div><\/li><li id=\"testimonials258\" class=\"testimonial_content\"><div class=\"testimonial_content_inner\"><div class=\"testimonial_text_holder\"><div class=\"testimonial_text_inner\" style=\"\"><p>\"Rozwi\u0105zania Landtech Sp. z o.o. wybrali\u015bmy ze wzgledu na jako\u015b\u0107 oraz terminowo\u015b\u0107 ich realizacji, co dla naszych sklep\u00f3w jest jednym z wa\u017cniejszych element\u00f3w. Firma wyr\u00f3\u017cnia  si\u0119 solidno\u015bci\u0105, profesjonalizmem, a realizacja zam\u00f3wie\u0144 przez pracownik\u00f3w firmy Landtech pokrywa si\u0119 z naszymi oczekiwaniami.\"<\/p><p class=\"testimonial_author\" style=\"color: #ffffff;\">Rossmann SDP Sp. z o.o.<\/p><\/div><\/div><\/div><\/li><li id=\"testimonials257\" class=\"testimonial_content\"><div class=\"testimonial_content_inner\"><div class=\"testimonial_text_holder\"><div class=\"testimonial_text_inner\" style=\"\"><p>\"Wdro\u017cona i zamontowana infrastruktura teleinformatyczna pozwala w prawid\u0142owy spos\u00f3b realizowa\u0107 \u0142\u0105czno\u015b\u0107 pomi\u0119dzy plac\u00f3wkami sprzeda\u017cy, a urz\u0105dzeniami sieciowymi zainstalowanymi w centrali.\"<\/p><p class=\"testimonial_author\" style=\"color: #ffffff;\">\u017babka Polska S.A.<\/p><\/div><\/div><\/div><\/li><li id=\"testimonials231\" class=\"testimonial_content\"><div class=\"testimonial_content_inner\"><div class=\"testimonial_text_holder\"><div class=\"testimonial_text_inner\" style=\"\"><p>\"Bardzo dobre parametry \u0142\u0105cz oraz szybki i sprawny serwis utrzymany jest przez ca\u0142y okres dotychczasowej wsp\u00f3\u0142pracy. \u0141\u0105cza charakteryzuj\u0105 si\u0119 wysok\u0105 stabilno\u015bci\u0105 i zapewniaj\u0105 niezak\u0142\u00f3cony dost\u0119p do sieci Internet.\"<\/p><p class=\"testimonial_author\" style=\"color: #ffffff;\">Aldesa<\/p><\/div><\/div><\/div><\/li><li id=\"testimonials53\" class=\"testimonial_content\"><div class=\"testimonial_content_inner\"><div class=\"testimonial_text_holder\"><div class=\"testimonial_text_inner\" style=\"\"><p>Firma Landtech Sp. z o.o. da\u0142a si\u0119 pozna\u0107 jako solidny i wiarygodny partner, jeste\u015bmy jej wdzi\u0119czni za profesjonalne dostarczenie us\u0142ug teleinformatycznych dost\u0119pu do stabilnego \u0142\u0105cza internetowego. \r\nPolecamy firm\u0119 Landtech jako solidnego partnera telekomunikacyjnego.<\/p><p class=\"testimonial_author\" style=\"color: #ffffff;\">Budimex<\/p><\/div><\/div><\/div><\/li><\/ul><\/div><\/div>[\/qode_elements_holder_item][\/qode_elements_holder][\/vc_column][\/vc_row][vc_row css_animation=&#8221;&#8221; row_type=&#8221;row&#8221; use_row_as_full_screen_section=&#8221;no&#8221; type=&#8221;grid&#8221; angled_section=&#8221;no&#8221; text_align=&#8221;left&#8221; background_image_as_pattern=&#8221;without_pattern&#8221; css=&#8221;.vc_custom_1569141696908{padding-top: 35px !important;padding-bottom: 70px !important;background-color: #ffffff !important;}&#8221; z_index=&#8221;&#8221;][vc_column][vc_row_inner row_type=&#8221;row&#8221; type=&#8221;full_width&#8221; text_align=&#8221;left&#8221; css_animation=&#8221;&#8221; css=&#8221;.vc_custom_1569141676407{padding-top: 70px !important;}&#8221;][vc_column_inner][vc_raw_html]JTVCbG9nb3Nob3djYXNlJTVE[\/vc_raw_html][\/vc_column_inner][\/vc_row_inner][\/vc_column][\/vc_row]<\/p>\n","protected":false},"excerpt":{"rendered":"<p>[vc_row css_animation=&#8221;&#8221; row_type=&#8221;row&#8221; use_row_as_full_screen_section=&#8221;no&#8221; type=&#8221;full_width&#8221; angled_section=&#8221;no&#8221; text_align=&#8221;left&#8221; background_image_as_pattern=&#8221;without_pattern&#8221;][vc_column parallax=&#8221;content-moving&#8221; parallax_image=&#8221;2060&#8243;][vc_empty_space height=&#8221;200px&#8221;][vc_row_inner row_type=&#8221;row&#8221; type=&#8221;grid&#8221; text_align=&#8221;left&#8221; css_animation=&#8221;&#8221;][vc_column_inner][vc_column_text] Chcesz zobaczy\u0107 co robimy i jak pracujemy [\/vc_column_text][vc_separator type=&#8221;small&#8221; position=&#8221;right&#8221; color=&#8221;#ec2224&#8243;][vc_column_text] Zapoznaj si\u0119 z nasz\u0105 ofert\u0105 [\/vc_column_text][\/vc_column_inner][\/vc_row_inner][vc_empty_space height=&#8221;200px&#8221;][\/vc_column][\/vc_row][vc_row css_animation=&#8221;&#8221; row_type=&#8221;row&#8221; use_row_as_full_screen_section=&#8221;no&#8221; type=&#8221;grid&#8221; angled_section=&#8221;no&#8221; text_align=&#8221;left&#8221; background_image_as_pattern=&#8221;without_pattern&#8221; z_index=&#8221;&#8221; css=&#8221;.vc_custom_1595491351745{background-color: #f7f7f7 !important;background-position: center&#8230;<\/p>\n","protected":false},"author":5,"featured_media":0,"parent":0,"menu_order":0,"comment_status":"closed","ping_status":"closed","template":"full_width.php","meta":{"footnotes":""},"_links":{"self":[{"href":"https:\/\/landtech.com.pl\/en\/wp-json\/wp\/v2\/pages\/206"}],"collection":[{"href":"https:\/\/landtech.com.pl\/en\/wp-json\/wp\/v2\/pages"}],"about":[{"href":"https:\/\/landtech.com.pl\/en\/wp-json\/wp\/v2\/types\/page"}],"author":[{"embeddable":true,"href":"https:\/\/landtech.com.pl\/en\/wp-json\/wp\/v2\/users\/5"}],"replies":[{"embeddable":true,"href":"https:\/\/landtech.com.pl\/en\/wp-json\/wp\/v2\/comments?post=206"}],"version-history":[{"count":43,"href":"https:\/\/landtech.com.pl\/en\/wp-json\/wp\/v2\/pages\/206\/revisions"}],"predecessor-version":[{"id":2537,"href":"https:\/\/landtech.com.pl\/en\/wp-json\/wp\/v2\/pages\/206\/revisions\/2537"}],"wp:attachment":[{"href":"https:\/\/landtech.com.pl\/en\/wp-json\/wp\/v2\/media?parent=206"}],"curies":[{"name":"wp","href":"https:\/\/api.w.org\/{rel}","templated":true}]}}