{"id":2073,"date":"2020-07-24T13:29:23","date_gmt":"2020-07-24T11:29:23","guid":{"rendered":"https:\/\/landtech.com.pl\/?page_id=2073"},"modified":"2020-08-24T19:26:54","modified_gmt":"2020-08-24T17:26:54","slug":"budowa-sieci","status":"publish","type":"page","link":"https:\/\/landtech.com.pl\/en\/oferta\/budowa-sieci\/","title":{"rendered":"Budowa sieci"},"content":{"rendered":"<p>[vc_row css_animation=&#8221;&#8221; row_type=&#8221;row&#8221; use_row_as_full_screen_section=&#8221;no&#8221; type=&#8221;full_width&#8221; angled_section=&#8221;no&#8221; text_align=&#8221;left&#8221; background_image_as_pattern=&#8221;without_pattern&#8221; z_index=&#8221;&#8221;][vc_column parallax=&#8221;content-moving&#8221; parallax_image=&#8221;2029&#8243;][vc_empty_space height=&#8221;180px&#8221;][vc_row_inner row_type=&#8221;row&#8221; type=&#8221;grid&#8221; text_align=&#8221;left&#8221; css_animation=&#8221;&#8221;][vc_column_inner][vc_column_text]<\/p>\n<h1 style=\"text-align: right;\"><span style=\"color: #ffffff;\">Postaw nam wyzwanie i sprawd\u017a, jak sobie poradzimy<\/span><\/h1>\n<p>[\/vc_column_text][vc_separator type=&#8221;small&#8221; position=&#8221;right&#8221; color=&#8221;#e62429&#8243;][vc_column_text]<\/p>\n<h4 style=\"text-align: right;\"><span style=\"color: #ffffff;\">Budowa, utrzymanie oraz audyt sieci WAN, WLAN, LAN, VPN itp<\/span><\/h4>\n<p>[\/vc_column_text][\/vc_column_inner][\/vc_row_inner][vc_empty_space height=&#8221;180px&#8221;][\/vc_column][\/vc_row][vc_row css_animation=&#8221;&#8221; row_type=&#8221;row&#8221; use_row_as_full_screen_section=&#8221;no&#8221; type=&#8221;full_width&#8221; angled_section=&#8221;no&#8221; text_align=&#8221;left&#8221; background_image_as_pattern=&#8221;without_pattern&#8221; css=&#8221;.vc_custom_1595582200148{background-color: #ffffff !important;}&#8221; z_index=&#8221;&#8221;][vc_column][vc_row_inner row_type=&#8221;row&#8221; type=&#8221;grid&#8221; text_align=&#8221;left&#8221; css_animation=&#8221;&#8221;][vc_column_inner][vc_empty_space][vc_column_text]<\/p>\n<h1>Co mo\u017cemy ci zaoferowa\u0107?<\/h1>\n<p>[\/vc_column_text][vc_separator type=&#8221;small&#8221; position=&#8221;left&#8221; color=&#8221;#e62429&#8243;][vc_column_text]<\/p>\n<h4><span style=\"color: #333333;\">Ka\u017cde rozwi\u0105zanie powstaje w wyniku rozmowy \u2013 bo to z Twoich oczekiwa\u0144 wynikaj\u0105 nasze wyzwania i wsp\u00f3lnie realizowane projekty. Zanim sprecyzujesz swoje potrzeby sprawd\u017a, kt\u00f3rej kategorii dotycz\u0105:<\/span><\/h4>\n<p>[\/vc_column_text][vc_empty_space][vc_empty_space][\/vc_column_inner][\/vc_row_inner][\/vc_column][\/vc_row][vc_row css_animation=&#8221;&#8221; row_type=&#8221;row&#8221; use_row_as_full_screen_section=&#8221;no&#8221; type=&#8221;grid&#8221; angled_section=&#8221;no&#8221; text_align=&#8221;left&#8221; background_image_as_pattern=&#8221;without_pattern&#8221; css=&#8221;.vc_custom_1595588942648{background-color: #ffffff !important;}&#8221; z_index=&#8221;&#8221;][vc_column][vc_tabs style=&#8221;boxed&#8221;][vc_tab title=&#8221;PROJEKTOWANIA&#8221; tab_id=&#8221;c8dab42f-9c59-1&#8243;][vc_column_text]Projektowanie oraz tworzenie rozwi\u0105za\u0144 sieciowych: WLAN (Wireless Local Area Network), LAN (Local Area Network), WAN (MPLS), VPN[\/vc_column_text][\/vc_tab][vc_tab title=&#8221;OPRACOWANIA&#8221; tab_id=&#8221;21dcd1e9-c2f5-9&#8243;][vc_column_text]Opracowania architektury\u00a0\u2013 zapewniaj\u0105cej bezpieczn\u0105 komunikacj\u0119 wewn\u0105trz instytucji[\/vc_column_text][\/vc_tab][vc_tab title=&#8221;Doradztwa&#8221; tab_id=&#8221;1595588728322-2-10&#8243;][vc_column_text]Doradztwa\u00a0\u2013 w najlepszym doborze odpowiednich produkt\u00f3w[\/vc_column_text][\/vc_tab][vc_tab title=&#8221;Instalacji&#8221; tab_id=&#8221;1595588767026-3-5&#8243;][vc_column_text]Instalacji lub konfiguracji\u00a0urz\u0105dze\u0144 sieciowych[\/vc_column_text][\/vc_tab][vc_tab title=&#8221;Serwisu&#8221; tab_id=&#8221;1595588846934-4-4&#8243;][vc_column_text]Serwisu\u00a0urz\u0105dze\u0144 lub sieci[\/vc_column_text][\/vc_tab][vc_tab title=&#8221;Analizy lub audytu&#8221; tab_id=&#8221;1595588875242-5-7&#8243;][vc_column_text]Analizy technicznej lub audytu\u00a0\u2013 weryfikacji zastosowanych rozwi\u0105za\u0144 sieciowych pod wzgl\u0119dem: wydajno\u015bci, efektywno\u015bci oraz bezpiecze\u0144stwa[\/vc_column_text][\/vc_tab][\/vc_tabs][\/vc_column][\/vc_row][vc_row css_animation=&#8221;&#8221; row_type=&#8221;row&#8221; use_row_as_full_screen_section=&#8221;no&#8221; type=&#8221;full_width&#8221; angled_section=&#8221;no&#8221; text_align=&#8221;left&#8221; background_image_as_pattern=&#8221;without_pattern&#8221; css=&#8221;.vc_custom_1595582232203{padding-top: 0px !important;background-color: #ffffff !important;}&#8221; z_index=&#8221;&#8221;][vc_column parallax=&#8221;content-moving&#8221;][vc_row_inner row_type=&#8221;row&#8221; type=&#8221;full_width&#8221; text_align=&#8221;left&#8221; css_animation=&#8221;&#8221; css=&#8221;.vc_custom_1595527632225{padding-top: 0px !important;}&#8221;][vc_column_inner width=&#8221;1\/3&#8243; css=&#8221;.vc_custom_1595592331711{background-color: #f7f7f7 !important;}&#8221;][qode_elements_holder number_of_columns=&#8221;one_column&#8221;][qode_elements_holder_item vertical_alignment=&#8221;middle&#8221; horizontal_alignment=&#8221;left&#8221; advanced_animations=&#8221;no&#8221; item_padding=&#8221;70px 70px 70px 70px&#8221;][vc_column_text]<\/p>\n<h3>SIE\u0106 WAN<\/h3>\n<p>[\/vc_column_text][vc_column_text]<em><span class=\"ILfuVd\"><span class=\"e24Kjd\">Wide Area Network<\/span><\/span><\/em>[\/vc_column_text][vc_separator type=&#8221;small&#8221; position=&#8221;left&#8221;][vc_column_text]To sie\u0107 komunikacji danych, kt\u00f3ra rozci\u0105ga si\u0119 na du\u017cym obszarze geograficznym, takim jak wojew\u00f3dztwo, region, kraj czy \u015bwiat.[\/vc_column_text][\/qode_elements_holder_item][\/qode_elements_holder][qode_elements_holder number_of_columns=&#8221;one_column&#8221;][qode_elements_holder_item vertical_alignment=&#8221;middle&#8221; horizontal_alignment=&#8221;left&#8221; advanced_animations=&#8221;no&#8221; item_padding=&#8221;0px 70px 70px 70px&#8221;]<a  itemprop=\"url\" href=\"\" target=\"_self\"  class=\"qbutton  default\" style=\"\">Sprawd\u017a<\/a>[\/qode_elements_holder_item][\/qode_elements_holder][\/vc_column_inner][vc_column_inner width=&#8221;1\/3&#8243; css=&#8221;.vc_custom_1595590016987{background-color: #e0e0e0 !important;}&#8221;][qode_elements_holder number_of_columns=&#8221;one_column&#8221;][qode_elements_holder_item vertical_alignment=&#8221;middle&#8221; horizontal_alignment=&#8221;left&#8221; advanced_animations=&#8221;no&#8221; item_padding=&#8221;70px 70px 70px 70px&#8221;][vc_column_text]<\/p>\n<h3>SIE\u0106 LAN<\/h3>\n<p>[\/vc_column_text][vc_column_text]<em><span class=\"ILfuVd\"><span class=\"e24Kjd\">Local Area Network<\/span><\/span><\/em>[\/vc_column_text][vc_separator type=&#8221;small&#8221; position=&#8221;left&#8221;][vc_column_text]To sie\u0107 lokalna, kt\u00f3ra mie\u015bci si\u0119 w obr\u0119bie jednego lub kilku budynk\u00f3w znajduj\u0105cych si\u0119 blisko siebie.[\/vc_column_text][vc_empty_space height=&#8221;27px&#8221;][\/qode_elements_holder_item][\/qode_elements_holder][qode_elements_holder number_of_columns=&#8221;one_column&#8221;][qode_elements_holder_item vertical_alignment=&#8221;middle&#8221; horizontal_alignment=&#8221;left&#8221; advanced_animations=&#8221;no&#8221; item_padding=&#8221;0px 70px 70px 70px&#8221;]<a  itemprop=\"url\" href=\"https:\/\/landtech.com.pl\/kontakt\/\" target=\"_self\"  class=\"qbutton  default\" style=\"\">Kontakt<\/a>[\/qode_elements_holder_item][\/qode_elements_holder][\/vc_column_inner][vc_column_inner width=&#8221;1\/3&#8243; css=&#8221;.vc_custom_1595582656200{background-color: #f7f7f7 !important;}&#8221;][qode_elements_holder number_of_columns=&#8221;one_column&#8221;][qode_elements_holder_item vertical_alignment=&#8221;middle&#8221; horizontal_alignment=&#8221;left&#8221; advanced_animations=&#8221;no&#8221; item_padding=&#8221;70px 70px 70px 70px&#8221;][vc_column_text]<\/p>\n<h3>SIE\u0106 WLAN<\/h3>\n<p>[\/vc_column_text][vc_column_text]<em><span class=\"ILfuVd\"><span class=\"e24Kjd\">Wireless Local Area Network<\/span><\/span><\/em>[\/vc_column_text][vc_separator type=&#8221;small&#8221; position=&#8221;left&#8221;][vc_column_text]To sie\u0107 lokalna, w kt\u00f3rej po\u0142\u0105czenia mi\u0119dzy urz\u0105dzeniami sieciowymi realizuje si\u0119 bez u\u017cycia przewod\u00f3w.[\/vc_column_text][\/qode_elements_holder_item][\/qode_elements_holder][qode_elements_holder number_of_columns=&#8221;one_column&#8221;][qode_elements_holder_item vertical_alignment=&#8221;middle&#8221; horizontal_alignment=&#8221;left&#8221; advanced_animations=&#8221;no&#8221; item_padding=&#8221;0px 70px 70px 70px&#8221;]<a  itemprop=\"url\" href=\"https:\/\/landtech.com.pl\/kontakt\/\" target=\"_self\"  class=\"qbutton  medium default\" style=\"\">Kontakt<\/a>[\/qode_elements_holder_item][\/qode_elements_holder][\/vc_column_inner][\/vc_row_inner][vc_row_inner row_type=&#8221;row&#8221; type=&#8221;full_width&#8221; text_align=&#8221;left&#8221; css_animation=&#8221;&#8221; css=&#8221;.vc_custom_1595527632225{padding-top: 0px !important;}&#8221;][vc_column_inner width=&#8221;1\/3&#8243; css=&#8221;.vc_custom_1595590024064{background-color: #e0e0e0 !important;}&#8221;][qode_elements_holder number_of_columns=&#8221;one_column&#8221;][qode_elements_holder_item vertical_alignment=&#8221;middle&#8221; horizontal_alignment=&#8221;left&#8221; advanced_animations=&#8221;no&#8221; item_padding=&#8221;70px 70px 70px 70px&#8221;][vc_column_text]<\/p>\n<h3>SIE\u0106 VPN<\/h3>\n<p>[\/vc_column_text][vc_column_text]<em><span class=\"ILfuVd\"><span class=\"e24Kjd\">Virtual Private Network<\/span><\/span><\/em>[\/vc_column_text][vc_separator type=&#8221;small&#8221; position=&#8221;left&#8221;][vc_column_text]To\u00a0tunel, przez kt\u00f3ry p\u0142ynie ruch w ramach sieci prywatnej pomi\u0119dzy klientami ko\u0144cowymi za po\u015brednictwem publicznej sieci.[\/vc_column_text][\/qode_elements_holder_item][\/qode_elements_holder][qode_elements_holder number_of_columns=&#8221;one_column&#8221;][qode_elements_holder_item vertical_alignment=&#8221;middle&#8221; horizontal_alignment=&#8221;left&#8221; advanced_animations=&#8221;no&#8221; item_padding=&#8221;0px 70px 70px 70px&#8221;]<a  itemprop=\"url\" href=\"\" target=\"_self\"  class=\"qbutton  default\" style=\"\">Sprawd\u017a<\/a>[\/qode_elements_holder_item][\/qode_elements_holder][\/vc_column_inner][vc_column_inner width=&#8221;1\/3&#8243;][qode_elements_holder number_of_columns=&#8221;one_column&#8221;][qode_elements_holder_item vertical_alignment=&#8221;middle&#8221; horizontal_alignment=&#8221;left&#8221; advanced_animations=&#8221;no&#8221; item_padding=&#8221;70px 70px 70px 70px&#8221;][\/qode_elements_holder_item][\/qode_elements_holder][qode_elements_holder number_of_columns=&#8221;one_column&#8221;][qode_elements_holder_item vertical_alignment=&#8221;middle&#8221; horizontal_alignment=&#8221;left&#8221; advanced_animations=&#8221;no&#8221; item_padding=&#8221;0px 70px 70px 70px&#8221;][\/qode_elements_holder_item][\/qode_elements_holder][\/vc_column_inner][vc_column_inner width=&#8221;1\/3&#8243;][qode_elements_holder number_of_columns=&#8221;one_column&#8221;][qode_elements_holder_item vertical_alignment=&#8221;middle&#8221; horizontal_alignment=&#8221;left&#8221; advanced_animations=&#8221;no&#8221; item_padding=&#8221;70px 70px 70px 70px&#8221;][\/qode_elements_holder_item][\/qode_elements_holder][qode_elements_holder number_of_columns=&#8221;one_column&#8221;][qode_elements_holder_item vertical_alignment=&#8221;middle&#8221; horizontal_alignment=&#8221;left&#8221; advanced_animations=&#8221;no&#8221; item_padding=&#8221;0px 70px 70px 70px&#8221;][\/qode_elements_holder_item][\/qode_elements_holder][\/vc_column_inner][\/vc_row_inner][\/vc_column][\/vc_row]<\/p>\n","protected":false},"excerpt":{"rendered":"<p>[vc_row css_animation=&#8221;&#8221; row_type=&#8221;row&#8221; use_row_as_full_screen_section=&#8221;no&#8221; type=&#8221;full_width&#8221; angled_section=&#8221;no&#8221; text_align=&#8221;left&#8221; background_image_as_pattern=&#8221;without_pattern&#8221; z_index=&#8221;&#8221;][vc_column parallax=&#8221;content-moving&#8221; parallax_image=&#8221;2029&#8243;][vc_empty_space height=&#8221;180px&#8221;][vc_row_inner row_type=&#8221;row&#8221; type=&#8221;grid&#8221; text_align=&#8221;left&#8221; css_animation=&#8221;&#8221;][vc_column_inner][vc_column_text] Postaw nam wyzwanie i sprawd\u017a, jak sobie poradzimy [\/vc_column_text][vc_separator type=&#8221;small&#8221; position=&#8221;right&#8221; color=&#8221;#e62429&#8243;][vc_column_text] Budowa, utrzymanie oraz audyt sieci WAN, WLAN, LAN, VPN itp [\/vc_column_text][\/vc_column_inner][\/vc_row_inner][vc_empty_space height=&#8221;180px&#8221;][\/vc_column][\/vc_row][vc_row css_animation=&#8221;&#8221; row_type=&#8221;row&#8221; use_row_as_full_screen_section=&#8221;no&#8221; type=&#8221;full_width&#8221; angled_section=&#8221;no&#8221;&#8230;<\/p>\n","protected":false},"author":5,"featured_media":0,"parent":206,"menu_order":0,"comment_status":"closed","ping_status":"closed","template":"full_width.php","meta":{"footnotes":""},"_links":{"self":[{"href":"https:\/\/landtech.com.pl\/en\/wp-json\/wp\/v2\/pages\/2073"}],"collection":[{"href":"https:\/\/landtech.com.pl\/en\/wp-json\/wp\/v2\/pages"}],"about":[{"href":"https:\/\/landtech.com.pl\/en\/wp-json\/wp\/v2\/types\/page"}],"author":[{"embeddable":true,"href":"https:\/\/landtech.com.pl\/en\/wp-json\/wp\/v2\/users\/5"}],"replies":[{"embeddable":true,"href":"https:\/\/landtech.com.pl\/en\/wp-json\/wp\/v2\/comments?post=2073"}],"version-history":[{"count":104,"href":"https:\/\/landtech.com.pl\/en\/wp-json\/wp\/v2\/pages\/2073\/revisions"}],"predecessor-version":[{"id":2173,"href":"https:\/\/landtech.com.pl\/en\/wp-json\/wp\/v2\/pages\/2073\/revisions\/2173"}],"up":[{"embeddable":true,"href":"https:\/\/landtech.com.pl\/en\/wp-json\/wp\/v2\/pages\/206"}],"wp:attachment":[{"href":"https:\/\/landtech.com.pl\/en\/wp-json\/wp\/v2\/media?parent=2073"}],"curies":[{"name":"wp","href":"https:\/\/api.w.org\/{rel}","templated":true}]}}