{"id":2333,"date":"2020-08-10T10:24:45","date_gmt":"2020-08-10T08:24:45","guid":{"rendered":"https:\/\/landtech.com.pl\/?page_id=2333"},"modified":"2020-08-24T08:35:08","modified_gmt":"2020-08-24T06:35:08","slug":"nagrody","status":"publish","type":"page","link":"https:\/\/landtech.com.pl\/en\/o-nas\/nagrody\/","title":{"rendered":"Nagrody"},"content":{"rendered":"<p>[vc_row css_animation=&#8221;&#8221; row_type=&#8221;row&#8221; use_row_as_full_screen_section=&#8221;no&#8221; type=&#8221;full_width&#8221; angled_section=&#8221;no&#8221; text_align=&#8221;left&#8221; background_image_as_pattern=&#8221;without_pattern&#8221;][vc_column parallax=&#8221;content-moving&#8221; parallax_image=&#8221;2361&#8243;][vc_empty_space height=&#8221;215px&#8221;][vc_row_inner row_type=&#8221;row&#8221; type=&#8221;grid&#8221; text_align=&#8221;left&#8221; css_animation=&#8221;&#8221;][vc_column_inner][vc_column_text]<\/p>\n<h1 style=\"text-align: right;\"><span style=\"color: #ffffff;\">Zdobyte nagrody i wyr\u00f3\u017cnienia<\/span><\/h1>\n<p>[\/vc_column_text][vc_separator type=&#8221;small&#8221; position=&#8221;right&#8221; color=&#8221;#e42429&#8243;][vc_column_text]<\/p>\n<h4 style=\"text-align: right;\"><span style=\"color: #ffffff;\">Nagrody nie s\u0105 naszym celem, s\u0105 jednak przyjemnym efektem.<\/span><\/h4>\n<p>[\/vc_column_text][vc_empty_space height=&#8221;215px&#8221;][\/vc_column_inner][\/vc_row_inner][\/vc_column][\/vc_row][vc_row css_animation=&#8221;&#8221; row_type=&#8221;row&#8221; use_row_as_full_screen_section=&#8221;no&#8221; type=&#8221;full_width&#8221; angled_section=&#8221;no&#8221; text_align=&#8221;left&#8221; background_image_as_pattern=&#8221;without_pattern&#8221; css=&#8221;.vc_custom_1598250502902{background-color: #e0e0e0 !important;}&#8221; z_index=&#8221;&#8221;][vc_column][vc_row_inner row_type=&#8221;row&#8221; type=&#8221;grid&#8221; text_align=&#8221;left&#8221; css_animation=&#8221;&#8221;][vc_column_inner]<div class=\"qode-workflow  qode-workflow-animate\">\n    <span class=\"main-line\" style=\"background-color:#ffffff;\"><\/span>\n    <div class=\"qode-workflow-item\">\n    <span class=\"line\" style=\"\"><\/span>\n    <div class=\"qode-workflow-item-inner reverse\">\n        <div class=\"qode-workflow-image center\">\n            <img width=\"1080\" height=\"464\" src=\"https:\/\/landtech.com.pl\/wp-content\/uploads\/2020\/08\/Landtech-o-nas-nagrody-Gazela-Biznesu-2020.png\" class=\"attachment-full size-full\" alt=\"Logo Gazele Biznesu\" decoding=\"async\" loading=\"lazy\" srcset=\"https:\/\/landtech.com.pl\/wp-content\/uploads\/2020\/08\/Landtech-o-nas-nagrody-Gazela-Biznesu-2020.png 1080w, https:\/\/landtech.com.pl\/wp-content\/uploads\/2020\/08\/Landtech-o-nas-nagrody-Gazela-Biznesu-2020-300x129.png 300w, https:\/\/landtech.com.pl\/wp-content\/uploads\/2020\/08\/Landtech-o-nas-nagrody-Gazela-Biznesu-2020-1024x440.png 1024w, https:\/\/landtech.com.pl\/wp-content\/uploads\/2020\/08\/Landtech-o-nas-nagrody-Gazela-Biznesu-2020-768x330.png 768w, https:\/\/landtech.com.pl\/wp-content\/uploads\/2020\/08\/Landtech-o-nas-nagrody-Gazela-Biznesu-2020-700x301.png 700w\" sizes=\"(max-width: 1080px) 100vw, 1080px\" \/>        <\/div>\n        <div class=\"qode-workflow-text\">\n            <span class=\"circle\" style=\"\"><\/span>\n                            <h3>Gazele Biznesu<\/h3>\n                                        <h6 class=\"qode-workflow-subtitle\">2020<\/h6>\n                                        <p class=\"text\">Nagroda przyznana przez Puls Biznesu \u2013 Landtech w\u015br\u00f3d najbardziej rozwijaj\u0105cych si\u0119 firm. Tytu\u0142 Gazeli to znak rozpoznawczy firm dobrze zarz\u0105dzanych, uczciwych i ciesz\u0105cy si\u0119 dobr\u0105 kondycj\u0105 finansow\u0105.<\/p>\n                    <\/div>\n    <\/div>\n<\/div><div class=\"qode-workflow-item\">\n    <span class=\"line\" style=\"\"><\/span>\n    <div class=\"qode-workflow-item-inner \">\n        <div class=\"qode-workflow-image center\">\n            <img width=\"1080\" height=\"464\" src=\"https:\/\/landtech.com.pl\/wp-content\/uploads\/2020\/08\/Landtech-o-nas-nagrody-Gepard-Biznesu-2019-2.png\" class=\"attachment-full size-full\" alt=\"\" decoding=\"async\" loading=\"lazy\" srcset=\"https:\/\/landtech.com.pl\/wp-content\/uploads\/2020\/08\/Landtech-o-nas-nagrody-Gepard-Biznesu-2019-2.png 1080w, https:\/\/landtech.com.pl\/wp-content\/uploads\/2020\/08\/Landtech-o-nas-nagrody-Gepard-Biznesu-2019-2-300x129.png 300w, https:\/\/landtech.com.pl\/wp-content\/uploads\/2020\/08\/Landtech-o-nas-nagrody-Gepard-Biznesu-2019-2-1024x440.png 1024w, https:\/\/landtech.com.pl\/wp-content\/uploads\/2020\/08\/Landtech-o-nas-nagrody-Gepard-Biznesu-2019-2-768x330.png 768w, https:\/\/landtech.com.pl\/wp-content\/uploads\/2020\/08\/Landtech-o-nas-nagrody-Gepard-Biznesu-2019-2-700x301.png 700w\" sizes=\"(max-width: 1080px) 100vw, 1080px\" \/>        <\/div>\n        <div class=\"qode-workflow-text\">\n            <span class=\"circle\" style=\"\"><\/span>\n                            <h3>Gepardy Biznesu<\/h3>\n                                        <h6 class=\"qode-workflow-subtitle\">2019<\/h6>\n                                        <p class=\"text\">Instytutu Europejskiego Biznesu nagrodzi\u0142 nas za tempo rozwoju.<br \/>\nLandtech jako firma z du\u017c\u0105 dynamik\u0105 przychod\u00f3w.<\/p>\n                    <\/div>\n    <\/div>\n<\/div><div class=\"qode-workflow-item\">\n    <span class=\"line\" style=\"\"><\/span>\n    <div class=\"qode-workflow-item-inner reverse\">\n        <div class=\"qode-workflow-image center\">\n            <img width=\"1080\" height=\"464\" src=\"https:\/\/landtech.com.pl\/wp-content\/uploads\/2020\/08\/Landtech-o-nas-nagrody-Mocna-Firma-2019.png\" class=\"attachment-full size-full\" alt=\"\" decoding=\"async\" loading=\"lazy\" srcset=\"https:\/\/landtech.com.pl\/wp-content\/uploads\/2020\/08\/Landtech-o-nas-nagrody-Mocna-Firma-2019.png 1080w, https:\/\/landtech.com.pl\/wp-content\/uploads\/2020\/08\/Landtech-o-nas-nagrody-Mocna-Firma-2019-300x129.png 300w, https:\/\/landtech.com.pl\/wp-content\/uploads\/2020\/08\/Landtech-o-nas-nagrody-Mocna-Firma-2019-1024x440.png 1024w, https:\/\/landtech.com.pl\/wp-content\/uploads\/2020\/08\/Landtech-o-nas-nagrody-Mocna-Firma-2019-768x330.png 768w, https:\/\/landtech.com.pl\/wp-content\/uploads\/2020\/08\/Landtech-o-nas-nagrody-Mocna-Firma-2019-700x301.png 700w\" sizes=\"(max-width: 1080px) 100vw, 1080px\" \/>        <\/div>\n        <div class=\"qode-workflow-text\">\n            <span class=\"circle\" style=\"\"><\/span>\n                            <h3>Mocna Firma - Godna Zaufania<\/h3>\n                                        <h6 class=\"qode-workflow-subtitle\">2019<\/h6>\n                                        <p class=\"text\">Dobry biznes-partner to partner stabilny. Nagrodzono nas, poniewa\u017c osi\u0105gana przez mark\u0119 Landtech warto\u015b\u0107 rynkowa wci\u0105\u017c ro\u015bnie.<\/p>\n                    <\/div>\n    <\/div>\n<\/div><div class=\"qode-workflow-item\">\n    <span class=\"line\" style=\"\"><\/span>\n    <div class=\"qode-workflow-item-inner \">\n        <div class=\"qode-workflow-image center\">\n            <img width=\"1080\" height=\"464\" src=\"https:\/\/landtech.com.pl\/wp-content\/uploads\/2020\/08\/Landtech-o-nas-nagrody-Efektywna-Firma-2019.png\" class=\"attachment-full size-full\" alt=\"Logo Efektywna Firma\" decoding=\"async\" loading=\"lazy\" srcset=\"https:\/\/landtech.com.pl\/wp-content\/uploads\/2020\/08\/Landtech-o-nas-nagrody-Efektywna-Firma-2019.png 1080w, https:\/\/landtech.com.pl\/wp-content\/uploads\/2020\/08\/Landtech-o-nas-nagrody-Efektywna-Firma-2019-300x129.png 300w, https:\/\/landtech.com.pl\/wp-content\/uploads\/2020\/08\/Landtech-o-nas-nagrody-Efektywna-Firma-2019-1024x440.png 1024w, https:\/\/landtech.com.pl\/wp-content\/uploads\/2020\/08\/Landtech-o-nas-nagrody-Efektywna-Firma-2019-768x330.png 768w, https:\/\/landtech.com.pl\/wp-content\/uploads\/2020\/08\/Landtech-o-nas-nagrody-Efektywna-Firma-2019-700x301.png 700w\" sizes=\"(max-width: 1080px) 100vw, 1080px\" \/>        <\/div>\n        <div class=\"qode-workflow-text\">\n            <span class=\"circle\" style=\"\"><\/span>\n                            <h3>Efektywna Firma<\/h3>\n                                        <h6 class=\"qode-workflow-subtitle\">2019<\/h6>\n                                        <p class=\"text\">Ranking Instytutu Europejskiego Biznesu postawi\u0142 nas w\u015br\u00f3d firm, kt\u00f3rych warto\u015b\u0107 sprzeda\u017cy, przychod\u00f3w i zysk\u00f3w jest najwy\u017csza. Cieszymy si\u0119 i nie ustajemy w dalszej pracy!<\/p>\n                    <\/div>\n    <\/div>\n<\/div><div class=\"qode-workflow-item\">\n    <span class=\"line\" style=\"\"><\/span>\n    <div class=\"qode-workflow-item-inner reverse\">\n        <div class=\"qode-workflow-image center\">\n            <img width=\"1080\" height=\"464\" src=\"https:\/\/landtech.com.pl\/wp-content\/uploads\/2020\/08\/Landtech-o-nas-nagrody-Brylanty-2019.png\" class=\"attachment-full size-full\" alt=\"\" decoding=\"async\" loading=\"lazy\" srcset=\"https:\/\/landtech.com.pl\/wp-content\/uploads\/2020\/08\/Landtech-o-nas-nagrody-Brylanty-2019.png 1080w, https:\/\/landtech.com.pl\/wp-content\/uploads\/2020\/08\/Landtech-o-nas-nagrody-Brylanty-2019-300x129.png 300w, https:\/\/landtech.com.pl\/wp-content\/uploads\/2020\/08\/Landtech-o-nas-nagrody-Brylanty-2019-1024x440.png 1024w, https:\/\/landtech.com.pl\/wp-content\/uploads\/2020\/08\/Landtech-o-nas-nagrody-Brylanty-2019-768x330.png 768w, https:\/\/landtech.com.pl\/wp-content\/uploads\/2020\/08\/Landtech-o-nas-nagrody-Brylanty-2019-700x301.png 700w\" sizes=\"(max-width: 1080px) 100vw, 1080px\" \/>        <\/div>\n        <div class=\"qode-workflow-text\">\n            <span class=\"circle\" style=\"\"><\/span>\n                            <h3>Brylant Polskiej Gospodarki<\/h3>\n                                        <h6 class=\"qode-workflow-subtitle\">2019<\/h6>\n                                        <p class=\"text\">Instytut Europejskiego Biznesu przenalizowa\u0142 dane finansowe Landtech i doceni\u0142, jak skutecznie pniemy si\u0119 w g\u00f3r\u0119.<\/p>\n                    <\/div>\n    <\/div>\n<\/div><\/div>[\/vc_column_inner][\/vc_row_inner][\/vc_column][\/vc_row][vc_row css_animation=&#8221;&#8221; row_type=&#8221;row&#8221; use_row_as_full_screen_section=&#8221;no&#8221; type=&#8221;full_width&#8221; angled_section=&#8221;no&#8221; text_align=&#8221;left&#8221; background_image_as_pattern=&#8221;without_pattern&#8221; css=&#8221;.vc_custom_1598250569519{background-color: #ffffff !important;}&#8221; z_index=&#8221;&#8221;][vc_column][vc_row_inner row_type=&#8221;row&#8221; type=&#8221;grid&#8221; text_align=&#8221;left&#8221; css_animation=&#8221;&#8221;][vc_column_inner][vc_empty_space height=&#8221;42px&#8221;][vc_raw_html]JTVCbG9nb3Nob3djYXNlJTVE[\/vc_raw_html][vc_empty_space height=&#8221;42px&#8221;][\/vc_column_inner][\/vc_row_inner][\/vc_column][\/vc_row]<\/p>\n","protected":false},"excerpt":{"rendered":"<p>[vc_row css_animation=&#8221;&#8221; row_type=&#8221;row&#8221; use_row_as_full_screen_section=&#8221;no&#8221; type=&#8221;full_width&#8221; angled_section=&#8221;no&#8221; text_align=&#8221;left&#8221; background_image_as_pattern=&#8221;without_pattern&#8221;][vc_column parallax=&#8221;content-moving&#8221; parallax_image=&#8221;2361&#8243;][vc_empty_space height=&#8221;215px&#8221;][vc_row_inner row_type=&#8221;row&#8221; type=&#8221;grid&#8221; text_align=&#8221;left&#8221; css_animation=&#8221;&#8221;][vc_column_inner][vc_column_text] Zdobyte nagrody i wyr\u00f3\u017cnienia [\/vc_column_text][vc_separator type=&#8221;small&#8221; position=&#8221;right&#8221; color=&#8221;#e42429&#8243;][vc_column_text] Nagrody nie s\u0105 naszym celem, s\u0105 jednak przyjemnym efektem. [\/vc_column_text][vc_empty_space height=&#8221;215px&#8221;][\/vc_column_inner][\/vc_row_inner][\/vc_column][\/vc_row][vc_row css_animation=&#8221;&#8221; row_type=&#8221;row&#8221; use_row_as_full_screen_section=&#8221;no&#8221; type=&#8221;full_width&#8221; angled_section=&#8221;no&#8221; text_align=&#8221;left&#8221; background_image_as_pattern=&#8221;without_pattern&#8221; css=&#8221;.vc_custom_1598250502902{background-color: #e0e0e0 !important;}&#8221; z_index=&#8221;&#8221;][vc_column][vc_row_inner&#8230;<\/p>\n","protected":false},"author":5,"featured_media":0,"parent":129,"menu_order":0,"comment_status":"closed","ping_status":"closed","template":"full_width.php","meta":{"footnotes":""},"_links":{"self":[{"href":"https:\/\/landtech.com.pl\/en\/wp-json\/wp\/v2\/pages\/2333"}],"collection":[{"href":"https:\/\/landtech.com.pl\/en\/wp-json\/wp\/v2\/pages"}],"about":[{"href":"https:\/\/landtech.com.pl\/en\/wp-json\/wp\/v2\/types\/page"}],"author":[{"embeddable":true,"href":"https:\/\/landtech.com.pl\/en\/wp-json\/wp\/v2\/users\/5"}],"replies":[{"embeddable":true,"href":"https:\/\/landtech.com.pl\/en\/wp-json\/wp\/v2\/comments?post=2333"}],"version-history":[{"count":34,"href":"https:\/\/landtech.com.pl\/en\/wp-json\/wp\/v2\/pages\/2333\/revisions"}],"predecessor-version":[{"id":2491,"href":"https:\/\/landtech.com.pl\/en\/wp-json\/wp\/v2\/pages\/2333\/revisions\/2491"}],"up":[{"embeddable":true,"href":"https:\/\/landtech.com.pl\/en\/wp-json\/wp\/v2\/pages\/129"}],"wp:attachment":[{"href":"https:\/\/landtech.com.pl\/en\/wp-json\/wp\/v2\/media?parent=2333"}],"curies":[{"name":"wp","href":"https:\/\/api.w.org\/{rel}","templated":true}]}}