{"id":2492,"date":"2020-08-24T18:23:52","date_gmt":"2020-08-24T16:23:52","guid":{"rendered":"https:\/\/landtech.com.pl\/?page_id=2492"},"modified":"2024-11-08T20:19:00","modified_gmt":"2024-11-08T19:19:00","slug":"transmisja-danych","status":"publish","type":"page","link":"https:\/\/landtech.com.pl\/en\/oferta\/transmisja-danych\/","title":{"rendered":"Transmisja danych"},"content":{"rendered":"<p>[vc_row css_animation=&#8221;&#8221; row_type=&#8221;row&#8221; use_row_as_full_screen_section=&#8221;no&#8221; type=&#8221;full_width&#8221; angled_section=&#8221;no&#8221; text_align=&#8221;left&#8221; background_image_as_pattern=&#8221;without_pattern&#8221;][vc_column parallax=&#8221;content-moving&#8221; parallax_image=&#8221;2465&#8243;][vc_empty_space height=&#8221;215px&#8221;][vc_row_inner row_type=&#8221;row&#8221; type=&#8221;grid&#8221; text_align=&#8221;right&#8221; css_animation=&#8221;&#8221;][vc_column_inner][vc_column_text]<\/p>\n<h1 style=\"text-align: center;\"><span style=\"color: #ffffff;\">Transmisja danych<\/span><\/h1>\n<p>[\/vc_column_text][vc_separator type=&#8221;small&#8221; position=&#8221;right&#8221; color=&#8221;#ffffff&#8221;][vc_column_text]<\/p>\n<h4 style=\"text-align: center;\"><span style=\"color: #ffffff;\">Szybko\u015b\u0107, niezawodno\u015b\u0107 i bezpiecze\u0144stwo po\u0142\u0105cze\u0144<br \/>\n<\/span><\/h4>\n<p>[\/vc_column_text][\/vc_column_inner][\/vc_row_inner][vc_empty_space height=&#8221;215px&#8221;][\/vc_column][\/vc_row][vc_row css_animation=&#8221;&#8221; row_type=&#8221;row&#8221; use_row_as_full_screen_section=&#8221;no&#8221; type=&#8221;full_width&#8221; angled_section=&#8221;no&#8221; text_align=&#8221;left&#8221; background_image_as_pattern=&#8221;without_pattern&#8221;][vc_column][vc_row_inner row_type=&#8221;row&#8221; type=&#8221;full_width&#8221; text_align=&#8221;left&#8221; css_animation=&#8221;&#8221;][vc_column_inner width=&#8221;1\/3&#8243; css=&#8221;.vc_custom_1598282939985{background-color: #e0e0e0 !important;}&#8221;][qode_elements_holder number_of_columns=&#8221;one_column&#8221;][qode_elements_holder_item vertical_alignment=&#8221;middle&#8221; horizontal_alignment=&#8221;center&#8221; advanced_animations=&#8221;no&#8221;][vc_empty_space height=&#8221;52px&#8221;][vc_column_text]<\/p>\n<h5>\u0141\u0105cze transmisji danych<\/h5>\n<p><em>Punkt-Punkt<\/em>[\/vc_column_text][vc_separator type=&#8221;small&#8221; position=&#8221;center&#8221; color=&#8221;#dd3333&#8243;][vc_empty_space][\/qode_elements_holder_item][\/qode_elements_holder][qode_elements_holder number_of_columns=&#8221;one_column&#8221;][qode_elements_holder_item vertical_alignment=&#8221;middle&#8221; horizontal_alignment=&#8221;center&#8221; advanced_animations=&#8221;no&#8221;]<a  itemprop=\"url\" href=\"https:\/\/landtech.com.pl\/kontakt\/\" target=\"_self\"  class=\"qbutton  enlarge\" style=\"color: #ffffff; \">Wi\u0119cej<\/a>[vc_empty_space height=&#8221;42px&#8221;][\/qode_elements_holder_item][\/qode_elements_holder][\/vc_column_inner][vc_column_inner width=&#8221;1\/3&#8243; css=&#8221;.vc_custom_1598282853995{background-color: #f7f7f7 !important;}&#8221;][qode_elements_holder number_of_columns=&#8221;one_column&#8221;][qode_elements_holder_item vertical_alignment=&#8221;middle&#8221; horizontal_alignment=&#8221;center&#8221; advanced_animations=&#8221;no&#8221;][vc_empty_space height=&#8221;52px&#8221;][vc_column_text]<\/p>\n<h5>\u0141\u0105cze transmisji danych<\/h5>\n<p><em>Wielopunkt-Wielopunkt<\/em>[\/vc_column_text][vc_separator type=&#8221;small&#8221; position=&#8221;center&#8221; color=&#8221;#dd3333&#8243;][vc_empty_space][\/qode_elements_holder_item][\/qode_elements_holder][qode_elements_holder number_of_columns=&#8221;one_column&#8221;][qode_elements_holder_item vertical_alignment=&#8221;middle&#8221; horizontal_alignment=&#8221;center&#8221; advanced_animations=&#8221;no&#8221;]<a  itemprop=\"url\" href=\"https:\/\/landtech.com.pl\/kontakt\/\" target=\"_self\"  class=\"qbutton  enlarge\" style=\"color: #ffffff; \">Kontakt<\/a>[vc_empty_space height=&#8221;42px&#8221;][\/qode_elements_holder_item][\/qode_elements_holder][\/vc_column_inner][vc_column_inner width=&#8221;1\/3&#8243; css=&#8221;.vc_custom_1598282949718{background-color: #e0e0e0 !important;}&#8221;][qode_elements_holder number_of_columns=&#8221;one_column&#8221;][qode_elements_holder_item vertical_alignment=&#8221;middle&#8221; horizontal_alignment=&#8221;center&#8221; advanced_animations=&#8221;no&#8221;][vc_empty_space height=&#8221;52px&#8221;][vc_column_text]<span style=\"color: #333333;\">IP VPN<\/span>[\/vc_column_text][vc_column_text]<em><span class=\"ILfuVd\"><span class=\"e24Kjd\"><i>Internet Protocol<\/i>\u00a0VPN<\/span><\/span><\/em>[\/vc_column_text][vc_separator type=&#8221;small&#8221; position=&#8221;center&#8221; color=&#8221;#dd3333&#8243;][vc_empty_space][\/qode_elements_holder_item][\/qode_elements_holder][qode_elements_holder number_of_columns=&#8221;one_column&#8221;][qode_elements_holder_item vertical_alignment=&#8221;middle&#8221; horizontal_alignment=&#8221;center&#8221; advanced_animations=&#8221;no&#8221;]<a  itemprop=\"url\" href=\"https:\/\/landtech.com.pl\/oferta\/transmisja-danych\/usluga-ip-vpn\/\" target=\"_self\"  class=\"qbutton  enlarge\" style=\"color: #ffffff; \">Sprawd\u017a<\/a>[vc_empty_space height=&#8221;42px&#8221;][\/qode_elements_holder_item][\/qode_elements_holder][\/vc_column_inner][\/vc_row_inner][\/vc_column][\/vc_row][vc_row css_animation=&#8221;&#8221; row_type=&#8221;row&#8221; use_row_as_full_screen_section=&#8221;no&#8221; type=&#8221;full_width&#8221; angled_section=&#8221;no&#8221; text_align=&#8221;left&#8221; background_image_as_pattern=&#8221;without_pattern&#8221;][vc_column css=&#8221;.vc_custom_1598285333639{background-color: #f7f7f7 !important;}&#8221;][vc_empty_space height=&#8221;42px&#8221;][vc_row_inner row_type=&#8221;row&#8221; type=&#8221;grid&#8221; text_align=&#8221;left&#8221; css_animation=&#8221;&#8221;][vc_column_inner][vc_column_text]<\/p>\n<div class=\"vc_row wpb_row section vc_row-fluid vc_inner grid_section\">\n<div class=\" section_inner clearfix\">\n<div class=\"section_inner_margin clearfix\">\n<div class=\"wpb_column vc_column_container vc_col-sm-12\">\n<div class=\"vc_column-inner\">\n<div class=\"wpb_wrapper\">\n<div class=\"wpb_text_column wpb_content_element \">\n<div class=\"wpb_wrapper\">\n<a href=\"https:\/\/landtech.com.pl\/files\/INFORMACJE_OGOLNE_O_UMOWIE_ROZWIAZYWANIU%20SPOROW_URZADZENIACH_UDOST\u0118PNIANYCH_PRZEZ_LANDTECH.pdf\" style=\"display: inline-block; margin-bottom: 20px;\"><br \/>\n  Informacje og\u00f3lne o umowie rozwi\u0105zywaniu spor\u00f3w urz\u0105dzeniach udost\u0119pnianych przez Landtech<br \/>\n<\/a><\/p>\n<h4 style=\"text-align: center;\"><span style=\"color: #333333;\">Chcesz zam\u00f3wi\u0107 us\u0142ug\u0119 lub dowiedzie\u0107 si\u0119 wi\u0119cej o naszej ofercie?<\/span><\/h4>\n<\/div>\n<\/div>\n<\/div>\n<\/div>\n<\/div>\n<\/div>\n<\/div>\n<\/div>\n<p>[\/vc_column_text][vc_separator type=&#8221;small&#8221; position=&#8221;center&#8221; color=&#8221;#dd3333&#8243;][vc_column_text]<\/p>\n<div class=\"vc_row wpb_row section vc_row-fluid vc_inner grid_section\">\n<div class=\" section_inner clearfix\">\n<div class=\"section_inner_margin clearfix\">\n<div class=\"wpb_column vc_column_container vc_col-sm-12\">\n<div class=\"vc_column-inner\">\n<div class=\"wpb_wrapper\">\n<div class=\"wpb_text_column wpb_content_element \">\n<div class=\"wpb_wrapper\">\n<h4 class=\"contact-section__heading\" style=\"text-align: center;\"><span style=\"color: #333333;\">Wype\u0142nij formularz &#8211; skontaktujemy si\u0119 z Tob\u0105<\/span><\/h4>\n<h4 style=\"text-align: center;\"><\/h4>\n<\/div>\n<\/div>\n<\/div>\n<\/div>\n<\/div>\n<\/div>\n<\/div>\n<\/div>\n<p>[\/vc_column_text][\/vc_column_inner][\/vc_row_inner][vc_empty_space height=&#8221;42px&#8221;][vc_row_inner row_type=&#8221;row&#8221; type=&#8221;full_width&#8221; text_align=&#8221;left&#8221; css_animation=&#8221;&#8221;][vc_column_inner width=&#8221;1\/4&#8243;][\/vc_column_inner][vc_column_inner width=&#8221;1\/2&#8243;]\n<div class=\"wpcf7 no-js\" id=\"wpcf7-f2511-o1\" lang=\"pl-PL\" dir=\"ltr\">\n<div class=\"screen-reader-response\"><p role=\"status\" aria-live=\"polite\" aria-atomic=\"true\"><\/p> <ul><\/ul><\/div>\n<form action=\"\/en\/wp-json\/wp\/v2\/pages\/2492#wpcf7-f2511-o1\" method=\"post\" class=\"wpcf7-form init default\" aria-label=\"Formularz kontaktowy\" novalidate=\"novalidate\" data-status=\"init\">\n<div style=\"display: none;\">\n<input type=\"hidden\" name=\"_wpcf7\" value=\"2511\" \/>\n<input type=\"hidden\" name=\"_wpcf7_version\" value=\"5.8\" \/>\n<input type=\"hidden\" name=\"_wpcf7_locale\" value=\"pl_PL\" \/>\n<input type=\"hidden\" name=\"_wpcf7_unit_tag\" value=\"wpcf7-f2511-o1\" \/>\n<input type=\"hidden\" name=\"_wpcf7_container_post\" value=\"0\" \/>\n<input type=\"hidden\" name=\"_wpcf7_posted_data_hash\" value=\"\" \/>\n<input type=\"hidden\" name=\"lang\" value=\"en\" \/>\n<input type=\"hidden\" name=\"_wpcf7_recaptcha_response\" value=\"\" \/>\n<\/div>\n<style>\n#consent{display:none}\ninput{font-family: 'Montserrat', sans-serif!important;}\ninput.wpcf7-form-control.wpcf7-date, input.wpcf7-form-control.wpcf7-number, input.wpcf7-form-control.wpcf7-quiz, input.wpcf7-form-control.wpcf7-text, select.wpcf7-form-control.wpcf7-select, textarea.wpcf7-form-control.wpcf7-textarea{display:inline!important}\ninput.wpcf7-form-control.wpcf7-date, input.wpcf7-form-control.wpcf7-number, input.wpcf7-form-control.wpcf7-text, select.wpcf7-form-control.wpcf7-select, textarea.wpcf7-form-control.wpcf7-textarea{width:32%!important}\ndiv.zgoda{font-size:10px;font-family: 'Montserrat', sans-serif!important;}\n#consent p{font-size:10px}\ninput.wpcf7-form-control.wpcf7-text.wpcf7-not-valid{border:2px solid red}\nspan.wpcf7-not-valid-tip{display:none!important}\n<\/style>\n<p><span class=\"wpcf7-form-control-wrap\" data-name=\"firma\"><input size=\"40\" class=\"wpcf7-form-control wpcf7-text wpcf7-validates-as-required\" aria-required=\"true\" aria-invalid=\"false\" placeholder=\"Nazwa firmy\" value=\"\" type=\"text\" name=\"firma\" \/><\/span><span class=\"wpcf7-form-control-wrap\" data-name=\"tel\"><input size=\"40\" class=\"wpcf7-form-control wpcf7-tel wpcf7-validates-as-required wpcf7-text wpcf7-validates-as-tel\" aria-required=\"true\" aria-invalid=\"false\" placeholder=\"Numer telefonu\" value=\"\" type=\"tel\" name=\"tel\" \/><\/span><span class=\"wpcf7-form-control-wrap\" data-name=\"email\"><input size=\"40\" class=\"wpcf7-form-control wpcf7-email wpcf7-text wpcf7-validates-as-email\" aria-invalid=\"false\" placeholder=\"Adres mailowy\" value=\"\" type=\"email\" name=\"email\" \/><\/span>\n<\/p>\n<div class=\"zgoda\">\n\t<p><label><span class=\"wpcf7-form-control-wrap\" data-name=\"zgoda\"><span class=\"wpcf7-form-control wpcf7-acceptance\"><span class=\"wpcf7-list-item\"><label><input type=\"checkbox\" name=\"zgoda\" value=\"1\" aria-invalid=\"false\" \/><span class=\"wpcf7-list-item-label\">Wyra\u017cam zgod\u0119, aby przedstawiciel Landtech Sp. Z o.o. z siedzib\u0105 w Piastowie, skontaktowa\u0142 si\u0119 ze mn\u0105 telefonicznie lub mailowo i przedstawi\u0142 mi ofert\u0119 handlow\u0105 dotycz\u0105c\u0105 produkt\u00f3w i us\u0142ug Landtech Sp.Z o.o.<\/span><\/label><\/span><\/span><\/span><\/label><a class=\"expand\"> Rozwi\u0144 >><\/a>\n\t<\/p>\n\t<div id=\"consent\" class=\"collapse\" style=\"font-size:10px\">\n\t\t<p>I. Administratorem Pa\u0144stwa danych osobowych jest LANDTECH SP. Z.O.O, ul. Siemiradzkiego 25, 05-820 Piast\u00f3w. Mog\u0105 Pa\u0144stwo skontaktowa\u0107 si\u0119 z nami korespondencyjnie pod powy\u017cszym adresem lub z naszym Inspektorem Ochrony Danych drog\u0105 elektroniczn\u0105 pod adresem: iod@landtech.com.pl II. Podanie numeru telefonu jest dobrowolne, a zgod\u0119 na jego przetwarzanie mog\u0105 Pa\u0144stwo w dowolnym momencie wycofa\u0107. III. Pa\u0144stwa dane osobowe wykorzystujemy w celach: 1. skontaktowania si\u0119 z Pa\u0144stwem telefonicznie, pod podany przez Pa\u0144stwa numer telefonu i przedstawienia oferty handlowej dotycz\u0105cej naszych produkt\u00f3w i us\u0142ug (je\u017celi wyra\u017caj\u0105 Pa\u0144stwo na to zgod\u0119); 2. wykazania, \u017ce wyrazili Pa\u0144stwo zgod\u0119 na przetwarzanie danych osobowych. Z tego powodu, zbieramy i przechowujemy informacje na temat tego kiedy (dat\u0119 i godzin\u0119), sk\u0105d (adres IP urz\u0105dzenia) i jaki numer telefonu zosta\u0142 nam udost\u0119pniony (wype\u0142niamy obowi\u0105zki prawne); 3. sprawdzenia czy s\u0105 Pa\u0144stwo ju\u017c naszymi klientami. Je\u017celi tak, zapoznania si\u0119 przez naszego przedstawiciela handlowego z informacjami o us\u0142ugach, kt\u00f3re dotychczas dla Pa\u0144stwa \u015bwiadczymy i przygotowania jak najkorzystniejszej oferty, na podstawie Pa\u0144stwa preferencji (realizujemy nasz prawnie usprawiedliwiony interes). IV. Nikomu nie udost\u0119pniamy Pa\u0144stwa danych osobowych. V. Pa\u0144stwa dane osobowe b\u0119dziemy przetwarza\u0107 przez 12 miesi\u0119cy od dnia, w kt\u00f3rym nasz przedstawiciel skontaktuje si\u0119 z Pa\u0144stwem, a w przypadku wyst\u0105pienia sporu na temat zgodno\u015bci przetwarzania danych z prawem, do czasu jego rozstrzygni\u0119cia. VI. Przys\u0142uguj\u0105 Pa\u0144stwu prawa: dost\u0119pu do danych, ich sprostowania i prawo do wniesienia sprzeciwu wobec przetwarzania, kt\u00f3rego dokonujemy w celu realizacji naszych prawnie usprawiedliwionych interes\u00f3w. Ponadto w sytuacjach okre\u015blonych w prawie ochrony danych osobowych oraz w zakresie tam wskazanym, prawo do usuni\u0119cia lub ograniczenia przetwarzania i prawo do przeniesienia danych osobowych. VII. Dok\u0142adamy wszelkich stara\u0144, aby przetwarzanie Pa\u0144stwa danych osobowych odbywa\u0142o si\u0119 w spos\u00f3b zgodny z przepisami prawa. Je\u017celi jednak uznaj\u0105 Pa\u0144stwo, i\u017c dopu\u015bcili\u015bmy si\u0119 naruszenia, maj\u0105 Pa\u0144stwo prawo wniesienia skargi do organu nadzorczego, tj. Prezesa Urz\u0119du Ochrony Danych Osobowych. Wi\u0119cej informacji, na temat przetwarzania danych przez LANDTECH SP. Z O.O., znajdziesz w Polityce prywatno\u015bci\n\t\t<\/p>\n\t<\/div>\n<\/div>\n<p><script>\n$( \".expand\" ).click(function() {\n $( \"#consent\" ).toggle( \"slow\" );\n});\n<\/script>\n<\/p>\n<p><input class=\"wpcf7-form-control wpcf7-submit has-spinner\" type=\"submit\" value=\"Wy\u015blij\" \/>\n<\/p><div class=\"wpcf7-response-output\" aria-hidden=\"true\"><\/div>\n<\/form>\n<\/div>\n[\/vc_column_inner][vc_column_inner width=&#8221;1\/4&#8243;][\/vc_column_inner][\/vc_row_inner][\/vc_column][\/vc_row]<\/p>\n","protected":false},"excerpt":{"rendered":"<p>[vc_row css_animation=&#8221;&#8221; row_type=&#8221;row&#8221; use_row_as_full_screen_section=&#8221;no&#8221; type=&#8221;full_width&#8221; angled_section=&#8221;no&#8221; text_align=&#8221;left&#8221; background_image_as_pattern=&#8221;without_pattern&#8221;][vc_column parallax=&#8221;content-moving&#8221; parallax_image=&#8221;2465&#8243;][vc_empty_space height=&#8221;215px&#8221;][vc_row_inner row_type=&#8221;row&#8221; type=&#8221;grid&#8221; text_align=&#8221;right&#8221; css_animation=&#8221;&#8221;][vc_column_inner][vc_column_text] Transmisja danych [\/vc_column_text][vc_separator type=&#8221;small&#8221; position=&#8221;right&#8221; color=&#8221;#ffffff&#8221;][vc_column_text] Szybko\u015b\u0107, niezawodno\u015b\u0107 i bezpiecze\u0144stwo po\u0142\u0105cze\u0144 [\/vc_column_text][\/vc_column_inner][\/vc_row_inner][vc_empty_space height=&#8221;215px&#8221;][\/vc_column][\/vc_row][vc_row css_animation=&#8221;&#8221; row_type=&#8221;row&#8221; use_row_as_full_screen_section=&#8221;no&#8221; type=&#8221;full_width&#8221; angled_section=&#8221;no&#8221; text_align=&#8221;left&#8221; background_image_as_pattern=&#8221;without_pattern&#8221;][vc_column][vc_row_inner row_type=&#8221;row&#8221; type=&#8221;full_width&#8221; text_align=&#8221;left&#8221; css_animation=&#8221;&#8221;][vc_column_inner width=&#8221;1\/3&#8243; css=&#8221;.vc_custom_1598282939985{background-color: #e0e0e0 !important;}&#8221;][qode_elements_holder number_of_columns=&#8221;one_column&#8221;][qode_elements_holder_item vertical_alignment=&#8221;middle&#8221;&#8230;<\/p>\n","protected":false},"author":5,"featured_media":0,"parent":206,"menu_order":0,"comment_status":"closed","ping_status":"closed","template":"full_width.php","meta":{"footnotes":""},"_links":{"self":[{"href":"https:\/\/landtech.com.pl\/en\/wp-json\/wp\/v2\/pages\/2492"}],"collection":[{"href":"https:\/\/landtech.com.pl\/en\/wp-json\/wp\/v2\/pages"}],"about":[{"href":"https:\/\/landtech.com.pl\/en\/wp-json\/wp\/v2\/types\/page"}],"author":[{"embeddable":true,"href":"https:\/\/landtech.com.pl\/en\/wp-json\/wp\/v2\/users\/5"}],"replies":[{"embeddable":true,"href":"https:\/\/landtech.com.pl\/en\/wp-json\/wp\/v2\/comments?post=2492"}],"version-history":[{"count":47,"href":"https:\/\/landtech.com.pl\/en\/wp-json\/wp\/v2\/pages\/2492\/revisions"}],"predecessor-version":[{"id":13235,"href":"https:\/\/landtech.com.pl\/en\/wp-json\/wp\/v2\/pages\/2492\/revisions\/13235"}],"up":[{"embeddable":true,"href":"https:\/\/landtech.com.pl\/en\/wp-json\/wp\/v2\/pages\/206"}],"wp:attachment":[{"href":"https:\/\/landtech.com.pl\/en\/wp-json\/wp\/v2\/media?parent=2492"}],"curies":[{"name":"wp","href":"https:\/\/api.w.org\/{rel}","templated":true}]}}