{"id":269,"date":"2019-09-12T17:02:32","date_gmt":"2019-09-12T15:02:32","guid":{"rendered":"http:\/\/new.landtech.nazwa.pl\/?page_id=269"},"modified":"2024-11-08T19:57:41","modified_gmt":"2024-11-08T18:57:41","slug":"internet-dla-firm","status":"publish","type":"page","link":"https:\/\/landtech.com.pl\/en\/oferta\/internet-dla-firm\/","title":{"rendered":"Internet dla firm"},"content":{"rendered":"<p>[vc_row css_animation=&#8221;&#8221; row_type=&#8221;row&#8221; use_row_as_full_screen_section=&#8221;no&#8221; type=&#8221;full_width&#8221; angled_section=&#8221;no&#8221; text_align=&#8221;left&#8221; background_image_as_pattern=&#8221;without_pattern&#8221;][vc_column parallax=&#8221;content-moving&#8221; parallax_image=&#8221;2466&#8243;][vc_empty_space height=&#8221;215px&#8221;][vc_row_inner row_type=&#8221;row&#8221; type=&#8221;grid&#8221; text_align=&#8221;left&#8221; css_animation=&#8221;&#8221;][vc_column_inner][vc_column_text]<\/p>\n<h1 style=\"text-align: right;\"><span style=\"color: #ffffff;\"><strong>Idealne rozwi\u0105zania to te, kt\u00f3re dzia\u0142aj\u0105<\/strong><\/span><\/h1>\n<p>[\/vc_column_text][vc_separator type=&#8221;small&#8221; position=&#8221;right&#8221; color=&#8221;#ec1c24&#8243;][vc_column_text]<\/p>\n<h4 style=\"text-align: right;\"><span style=\"color: #ffffff;\">Dla nas wa\u017cne jest to, \u017ce chcesz mie\u0107 Internet. Technologia i miejsce to tylko narz\u0119dzia \u2013 bo nasze rozwi\u0105zania docieraj\u0105 nawet tam, gdzie infrastruktura kablowa wci\u0105\u017c nie dotar\u0142a.<\/span><\/h4>\n<h4><span style=\"color: #ffffff;\">\u00a0<\/span><\/h4>\n<p>[\/vc_column_text][\/vc_column_inner][\/vc_row_inner][vc_empty_space height=&#8221;215px&#8221;][\/vc_column][\/vc_row][vc_row css_animation=&#8221;&#8221; row_type=&#8221;row&#8221; use_row_as_full_screen_section=&#8221;no&#8221; type=&#8221;grid&#8221; angled_section=&#8221;no&#8221; text_align=&#8221;left&#8221; background_image_as_pattern=&#8221;without_pattern&#8221; css=&#8221;.vc_custom_1568300501165{padding-top: 70px !important;padding-right: 70px !important;padding-bottom: 70px !important;padding-left: 70px !important;}&#8221; z_index=&#8221;&#8221;][vc_column][vc_row_inner row_type=&#8221;row&#8221; type=&#8221;full_width&#8221; text_align=&#8221;left&#8221; css_animation=&#8221;&#8221;][vc_column_inner][vc_empty_space][vc_column_text]Oferowana przez nas us\u0142uga dost\u0119pu do Internetu skierowana jest do dw\u00f3ch grup odbiorc\u00f3w:<\/p>\n<p>&nbsp;<\/p>\n<ul>\n<li>Klient\u00f3w biznesowych \u2013 zar\u00f3wno du\u017cych jak i mniejszych przedsi\u0119biorstw<\/li>\n<li>Operator\u00f3w Telekomunikacyjnych<\/li>\n<\/ul>\n<p>&nbsp;<\/p>\n<p>Nowoczesne \u0142\u0105cza \u015bwiat\u0142owodowe oraz radiowe sprawiaj\u0105, \u017ce jeste\u015bmy w stanie tworzy\u0107 r\u00f3\u017cnorodne warianty rozwi\u0105za\u0144: adekwatnie do ka\u017cdego Klienta oraz dost\u0119pnych warunk\u00f3w technicznych.<\/p>\n<p>&nbsp;<\/p>\n<p>[\/vc_column_text][\/vc_column_inner][\/vc_row_inner][\/vc_column][\/vc_row][vc_row css_animation=&#8221;&#8221; row_type=&#8221;row&#8221; use_row_as_full_screen_section=&#8221;no&#8221; type=&#8221;full_width&#8221; angled_section=&#8221;no&#8221; text_align=&#8221;left&#8221; background_image_as_pattern=&#8221;without_pattern&#8221; z_index=&#8221;&#8221;][vc_column][vc_row_inner row_type=&#8221;row&#8221; type=&#8221;full_width&#8221; text_align=&#8221;center&#8221; css_animation=&#8221;&#8221;][vc_column_inner width=&#8221;1\/2&#8243; css=&#8221;.vc_custom_1597233612979{background-image: url(https:\/\/landtech.com.pl\/wp-content\/uploads\/2020\/08\/Oferta-internet-dla-firm-swiatkowod.jpg?id=2382) !important;background-position: center !important;background-repeat: no-repeat !important;background-size: cover !important;}&#8221;][qode_elements_holder number_of_columns=&#8221;one_column&#8221;][qode_elements_holder_item vertical_alignment=&#8221;middle&#8221; horizontal_alignment=&#8221;center&#8221; advanced_animations=&#8221;no&#8221;][vc_empty_space][vc_column_text]<\/p>\n<h3 style=\"text-align: center;\"><span style=\"color: #ffffff;\">\u015awiat\u0142ow\u00f3d<\/span><\/h3>\n<p>[\/vc_column_text][vc_separator type=&#8221;small&#8221; position=&#8221;center&#8221; color=&#8221;#ec1c24&#8243;][vc_empty_space][\/qode_elements_holder_item][\/qode_elements_holder][qode_elements_holder number_of_columns=&#8221;one_column&#8221;][qode_elements_holder_item vertical_alignment=&#8221;middle&#8221; horizontal_alignment=&#8221;center&#8221; advanced_animations=&#8221;no&#8221;]<a  itemprop=\"url\" href=\"https:\/\/landtech.com.pl\/oferta\/internet-dla-firm\/sieci-swiatlowodowe\/\" target=\"_self\" data-hover-background-color=rgba(0,0,0,0.01) data-hover-border-color=#ffffff data-hover-color=#ffffff class=\"qbutton  enlarge\" style=\"color: #ffffff; border-color: #ffffff; background-color: rgba(0,0,0,0.01);\">Sprawd\u017a<\/a>[vc_empty_space height=&#8221;52px&#8221;][\/qode_elements_holder_item][\/qode_elements_holder][\/vc_column_inner][vc_column_inner width=&#8221;1\/2&#8243; css=&#8221;.vc_custom_1597263659192{background-image: url(https:\/\/landtech.com.pl\/wp-content\/uploads\/2020\/08\/Oferta-internet-dla-firm-radiolonie-landtech-2.jpg?id=2397) !important;background-position: center !important;background-repeat: no-repeat !important;background-size: cover !important;}&#8221;][qode_elements_holder number_of_columns=&#8221;one_column&#8221;][qode_elements_holder_item vertical_alignment=&#8221;middle&#8221; horizontal_alignment=&#8221;center&#8221; advanced_animations=&#8221;no&#8221;][vc_empty_space][vc_column_text]<\/p>\n<h3 style=\"text-align: center;\"><span style=\"color: #ffffff;\">Radiolinia<\/span><\/h3>\n<p>[\/vc_column_text][vc_separator type=&#8221;small&#8221; position=&#8221;center&#8221; color=&#8221;#ec1c24&#8243;][vc_empty_space][\/qode_elements_holder_item][\/qode_elements_holder][qode_elements_holder number_of_columns=&#8221;one_column&#8221;][qode_elements_holder_item vertical_alignment=&#8221;middle&#8221; horizontal_alignment=&#8221;center&#8221; advanced_animations=&#8221;no&#8221;]<a  itemprop=\"url\" href=\"https:\/\/landtech.com.pl\/oferta\/internet-dla-firm\/radiolinia\/\" target=\"_self\" data-hover-background-color=rgba(0,0,0,0.01) data-hover-border-color=#ffffff data-hover-color=#ffffff class=\"qbutton  enlarge\" style=\"color: #ffffff; border-color: #ffffff; background-color: rgba(0,0,0,0.01);\">Sprawd\u017a<\/a>[vc_empty_space height=&#8221;52px&#8221;][\/qode_elements_holder_item][\/qode_elements_holder][\/vc_column_inner][\/vc_row_inner][\/vc_column][\/vc_row][vc_row css_animation=&#8221;&#8221; row_type=&#8221;row&#8221; use_row_as_full_screen_section=&#8221;no&#8221; type=&#8221;grid&#8221; angled_section=&#8221;no&#8221; text_align=&#8221;left&#8221; background_image_as_pattern=&#8221;without_pattern&#8221; css=&#8221;.vc_custom_1568300501165{padding-top: 70px !important;padding-right: 70px !important;padding-bottom: 70px !important;padding-left: 70px !important;}&#8221; z_index=&#8221;&#8221;][vc_column][vc_row_inner row_type=&#8221;row&#8221; type=&#8221;full_width&#8221; text_align=&#8221;left&#8221; css_animation=&#8221;&#8221;][vc_column_inner][vc_empty_space][vc_column_text]Dzi\u0119ki alokacji naszych serwer\u00f3w w centralnych punktach wymiany ruchu sieci Internet w Warszawie &#8211; mamy dost\u0119p do najwi\u0119kszych w\u0119z\u0142\u00f3w telekomunikacyjnych w Polsce. Jako uczestnicy wykorzystujemy zasoby takich w\u0119z\u0142\u00f3w jak\u00a0K-IX, PL-IX, EP-IX, AC-X, TP-IX. W ten spos\u00f3b wymieniamy si\u0119 ruchem z najwi\u0119kszymi operatorami w Polsce tj.\u00a0ATM, NETIA, GTS, EXATEL jak i operatorami mi\u0119dzynarodowymi tj.\u00a0TINET, LEVEL3, ATRATO, TELIASONERA.<\/p>\n<p>&nbsp;<\/p>\n<p>Sprawdzona ju\u017c wsp\u00f3\u0142praca to dla naszych Klient\u00f3w gwarancja us\u0142ugi na najwy\u017cszym poziomie oraz bardzo wysoki wsp\u00f3\u0142czynnik SLA.<br \/>\n<a href=\"https:\/\/landtech.com.pl\/files\/CENNIK_Landtech.pdf\">Podstawowy Cennik i parametry us\u0142ug<\/a><br \/>\n<a href=\"https:\/\/landtech.com.pl\/files\/INFORMACJE_OGOLNE_O_UMOWIE_ROZWIAZYWANIU SPOROW_URZADZENIACH_UDOST\u0118PNIANYCH_PRZEZ_LANDTECH.pdf\">Informacje og\u00f3lne o umowie rozwi\u0105zywaniu spor\u00f3w urz\u0105dzeniach udost\u0119pnianych przez Landtech<\/a><br \/>\n[\/vc_column_text][\/vc_column_inner][\/vc_row_inner][\/vc_column][\/vc_row][vc_row css_animation=&#8221;&#8221; row_type=&#8221;row&#8221; use_row_as_full_screen_section=&#8221;no&#8221; type=&#8221;grid&#8221; angled_section=&#8221;no&#8221; text_align=&#8221;left&#8221; background_image_as_pattern=&#8221;without_pattern&#8221; css=&#8221;.vc_custom_1568927849190{padding-top: 35px !important;padding-bottom: 35px !important;}&#8221; z_index=&#8221;&#8221;][vc_column][vc_column_text]<\/p>\n<h2>Dbamy o najwy\u017csz\u0105 jako\u015b\u0107 us\u0142ug<\/h2>\n<p>[\/vc_column_text][vc_separator type=&#8221;small&#8221; position=&#8221;left&#8221; color=&#8221;#ec1c24&#8243;][vc_column_text]<\/p>\n<h4><span style=\"color: #3b3b3b;\">W ramach wsp\u00f3\u0142pracy zapewniamy<\/span><\/h4>\n<p>[\/vc_column_text][vc_empty_space][vc_row_inner row_type=&#8221;row&#8221; type=&#8221;full_width&#8221; text_align=&#8221;left&#8221; css_animation=&#8221;&#8221;][vc_column_inner width=&#8221;1\/6&#8243;]<div class='q_icon_with_title tiny custom_icon_image center '><div class=\"icon_holder \" style=\" \"><img itemprop=\"image\" style=\"\" src=\"https:\/\/landtech.com.pl\/wp-content\/uploads\/2019\/09\/Badanie-techniczne.png\" alt=\"\"><\/div><div class=\"icon_text_holder\" style=\"\"><div class=\"icon_text_inner\" style=\"\"><h5 class=\"icon_title\" style=\"color: #3b3b3b;\">Badanie techniczne<\/h5><p style=''><\/p><\/div><\/div><\/div>[\/vc_column_inner][vc_column_inner width=&#8221;1\/6&#8243;]<div class='q_icon_with_title tiny custom_icon_image center '><div class=\"icon_holder \" style=\" \"><img itemprop=\"image\" style=\"\" src=\"https:\/\/landtech.com.pl\/wp-content\/uploads\/2019\/09\/projekt-sieci.png\" alt=\"\"><\/div><div class=\"icon_text_holder\" style=\"\"><div class=\"icon_text_inner\" style=\"\"><h5 class=\"icon_title\" style=\"color: #3b3b3b;\">Projekt sieci<\/h5><p style=''><\/p><\/div><\/div><\/div>[\/vc_column_inner][vc_column_inner width=&#8221;1\/6&#8243;]<div class='q_icon_with_title tiny custom_icon_image center '><div class=\"icon_holder \" style=\" \"><img itemprop=\"image\" style=\"\" src=\"https:\/\/landtech.com.pl\/wp-content\/uploads\/2019\/09\/implementacja-rozwiazania.png\" alt=\"\"><\/div><div class=\"icon_text_holder\" style=\"\"><div class=\"icon_text_inner\" style=\"\"><h5 class=\"icon_title\" style=\"color: #3b3b3b;\">Implementacje rozwi\u0105zania<\/h5><p style=''><\/p><\/div><\/div><\/div>[\/vc_column_inner][vc_column_inner width=&#8221;1\/6&#8243;]<div class='q_icon_with_title tiny custom_icon_image center '><div class=\"icon_holder \" style=\" \"><img itemprop=\"image\" style=\"\" src=\"https:\/\/landtech.com.pl\/wp-content\/uploads\/2019\/09\/monitoring.png\" alt=\"\"><\/div><div class=\"icon_text_holder\" style=\"\"><div class=\"icon_text_inner\" style=\"\"><h5 class=\"icon_title\" style=\"color: #3b3b3b;\">24 godzinny monitoring<\/h5><p style=''><\/p><\/div><\/div><\/div>[\/vc_column_inner][vc_column_inner width=&#8221;1\/6&#8243;]<div class='q_icon_with_title tiny custom_icon_image center '><div class=\"icon_holder \" style=\" \"><img itemprop=\"image\" style=\"\" src=\"https:\/\/landtech.com.pl\/wp-content\/uploads\/2019\/09\/certyfikat-sla.png\" alt=\"\"><\/div><div class=\"icon_text_holder\" style=\"\"><div class=\"icon_text_inner\" style=\"\"><h5 class=\"icon_title\" style=\"color: #3b3b3b;\">Gwarantowan\u0105 us\u0142ug\u0119 SLA<\/h5><p style=''><\/p><\/div><\/div><\/div>[\/vc_column_inner][vc_column_inner width=&#8221;1\/6&#8243;]<div class='q_icon_with_title tiny custom_icon_image center '><div class=\"icon_holder \" style=\" \"><img itemprop=\"image\" style=\"\" src=\"https:\/\/landtech.com.pl\/wp-content\/uploads\/2019\/09\/zarzadzanie-usluga.png\" alt=\"\"><\/div><div class=\"icon_text_holder\" style=\"\"><div class=\"icon_text_inner\" style=\"\"><h5 class=\"icon_title\" style=\"color: #3b3b3b;\">Zarz\u0105dzanie us\u0142ug\u0105<\/h5><p style=''><\/p><\/div><\/div><\/div>[\/vc_column_inner][\/vc_row_inner][\/vc_column][\/vc_row][vc_row css_animation=&#8221;&#8221; row_type=&#8221;row&#8221; use_row_as_full_screen_section=&#8221;no&#8221; type=&#8221;full_width&#8221; angled_section=&#8221;no&#8221; text_align=&#8221;left&#8221; background_image_as_pattern=&#8221;without_pattern&#8221; css=&#8221;.vc_custom_1569322922360{padding-top: 35px !important;padding-bottom: 35px !important;background-color: #ffffff !important;}&#8221; z_index=&#8221;&#8221;][vc_column][vc_row_inner row_type=&#8221;row&#8221; type=&#8221;grid&#8221; text_align=&#8221;left&#8221; css_animation=&#8221;&#8221;][vc_column_inner][vc_raw_html]JTVCbG9nb3Nob3djYXNlJTVE[\/vc_raw_html][\/vc_column_inner][\/vc_row_inner][\/vc_column][\/vc_row]<\/p>\n","protected":false},"excerpt":{"rendered":"<p>[vc_row css_animation=&#8221;&#8221; row_type=&#8221;row&#8221; use_row_as_full_screen_section=&#8221;no&#8221; type=&#8221;full_width&#8221; angled_section=&#8221;no&#8221; text_align=&#8221;left&#8221; background_image_as_pattern=&#8221;without_pattern&#8221;][vc_column parallax=&#8221;content-moving&#8221; parallax_image=&#8221;2466&#8243;][vc_empty_space height=&#8221;215px&#8221;][vc_row_inner row_type=&#8221;row&#8221; type=&#8221;grid&#8221; text_align=&#8221;left&#8221; css_animation=&#8221;&#8221;][vc_column_inner][vc_column_text] Idealne rozwi\u0105zania to te, kt\u00f3re dzia\u0142aj\u0105 [\/vc_column_text][vc_separator type=&#8221;small&#8221; position=&#8221;right&#8221; color=&#8221;#ec1c24&#8243;][vc_column_text] Dla nas wa\u017cne jest to, \u017ce chcesz mie\u0107 Internet. Technologia i miejsce to tylko narz\u0119dzia \u2013 bo nasze rozwi\u0105zania docieraj\u0105&#8230;<\/p>\n","protected":false},"author":5,"featured_media":0,"parent":206,"menu_order":0,"comment_status":"closed","ping_status":"closed","template":"full_width.php","meta":{"footnotes":""},"_links":{"self":[{"href":"https:\/\/landtech.com.pl\/en\/wp-json\/wp\/v2\/pages\/269"}],"collection":[{"href":"https:\/\/landtech.com.pl\/en\/wp-json\/wp\/v2\/pages"}],"about":[{"href":"https:\/\/landtech.com.pl\/en\/wp-json\/wp\/v2\/types\/page"}],"author":[{"embeddable":true,"href":"https:\/\/landtech.com.pl\/en\/wp-json\/wp\/v2\/users\/5"}],"replies":[{"embeddable":true,"href":"https:\/\/landtech.com.pl\/en\/wp-json\/wp\/v2\/comments?post=269"}],"version-history":[{"count":25,"href":"https:\/\/landtech.com.pl\/en\/wp-json\/wp\/v2\/pages\/269\/revisions"}],"predecessor-version":[{"id":13226,"href":"https:\/\/landtech.com.pl\/en\/wp-json\/wp\/v2\/pages\/269\/revisions\/13226"}],"up":[{"embeddable":true,"href":"https:\/\/landtech.com.pl\/en\/wp-json\/wp\/v2\/pages\/206"}],"wp:attachment":[{"href":"https:\/\/landtech.com.pl\/en\/wp-json\/wp\/v2\/media?parent=269"}],"curies":[{"name":"wp","href":"https:\/\/api.w.org\/{rel}","templated":true}]}}