{"id":274,"date":"2019-09-12T17:04:40","date_gmt":"2019-09-12T15:04:40","guid":{"rendered":"http:\/\/new.landtech.nazwa.pl\/?page_id=274"},"modified":"2020-08-24T19:22:07","modified_gmt":"2020-08-24T17:22:07","slug":"usluga-ip-vpn","status":"publish","type":"page","link":"https:\/\/landtech.com.pl\/en\/oferta\/transmisja-danych\/usluga-ip-vpn\/","title":{"rendered":"Us\u0142uga IP VPN"},"content":{"rendered":"<p>[vc_row css_animation=&#8221;&#8221; row_type=&#8221;row&#8221; use_row_as_full_screen_section=&#8221;no&#8221; type=&#8221;full_width&#8221; angled_section=&#8221;no&#8221; text_align=&#8221;left&#8221; background_image_as_pattern=&#8221;without_pattern&#8221;][vc_column parallax=&#8221;content-moving&#8221; parallax_image=&#8221;2029&#8243;][vc_empty_space height=&#8221;215px&#8221;][vc_row_inner row_type=&#8221;row&#8221; type=&#8221;grid&#8221; text_align=&#8221;left&#8221; css_animation=&#8221;&#8221;][vc_column_inner][vc_column_text]<\/p>\n<h1 style=\"text-align: right;\"><span style=\"color: #ffffff;\">Po\u0142\u0105cz wszystkie oddzia\u0142y swojej firmy, dzi\u0119ki us\u0142udze IP VPN.<\/span><\/h1>\n<p>[\/vc_column_text][vc_separator type=&#8221;small&#8221; position=&#8221;right&#8221; color=&#8221;#ec1c24&#8243;][vc_column_text]<\/p>\n<h4 style=\"text-align: right;\"><span style=\"color: #ffffff;\">Oferujemy dost\u0119p do prywatnej sieci, kt\u00f3rej wy\u0142\u0105cznym u\u017cytkownikiem b\u0119dziesz Ty.<\/span><\/h4>\n<p>[\/vc_column_text][\/vc_column_inner][\/vc_row_inner][vc_empty_space height=&#8221;215px&#8221;][\/vc_column][\/vc_row][vc_row css_animation=&#8221;&#8221; row_type=&#8221;row&#8221; use_row_as_full_screen_section=&#8221;no&#8221; type=&#8221;grid&#8221; angled_section=&#8221;no&#8221; text_align=&#8221;left&#8221; background_image_as_pattern=&#8221;without_pattern&#8221; z_index=&#8221;&#8221;][vc_column][vc_empty_space height=&#8221;52px&#8221;][vc_row_inner row_type=&#8221;row&#8221; type=&#8221;full_width&#8221; text_align=&#8221;left&#8221; css_animation=&#8221;&#8221;][vc_column_inner width=&#8221;1\/2&#8243;][vc_column_text]<\/p>\n<h3><span style=\"color: #3b3b3b;\">Zobacz jak to dzia\u0142<\/span><\/h3>\n<p>[\/vc_column_text][vc_separator type=&#8221;small&#8221; position=&#8221;left&#8221; color=&#8221;#ec1c24&#8243;][vc_column_text]<\/p>\n<h4><span style=\"color: #3b3b3b;\">I zintegruj swoj\u0105 firm\u0119 w jedn\u0105 sie\u0107.<\/span><\/h4>\n<h4><span style=\"color: #3b3b3b;\">\u00a0<\/span><\/h4>\n<p>[\/vc_column_text][\/vc_column_inner][vc_column_inner width=&#8221;1\/2&#8243;][vc_column_text]Po\u0142\u0105cz wszystkie swoje plac\u00f3wki w wirtualn\u0105 ca\u0142o\u015b\u0107 i przesy\u0142aj wszelkie dane w pe\u0142ni bezpieczny spos\u00f3b &#8211; w szczeg\u00f3lno\u015bci dane wra\u017cliwe, prywatne lub wymagaj\u0105ce wysokiej jako\u015bci transmisji (np. obraz video).<\/p>\n<p>Potrafimy Ci to zapewni\u0107 maj\u0105c do dyspozycji wysoka jako\u015bci urz\u0105dze\u0144 renomowanych firm oraz innowacyjne rozwi\u0105zania projektowane przez naszych ekspert\u00f3w.[\/vc_column_text][vc_empty_space][qode_elements_holder number_of_columns=&#8221;one_column&#8221;][qode_elements_holder_item vertical_alignment=&#8221;middle&#8221; horizontal_alignment=&#8221;left&#8221; advanced_animations=&#8221;no&#8221;]<a  itemprop=\"url\" href=\"https:\/\/landtech.com.pl\/kontakt\/\" target=\"_self\" data-hover-background-color=rgba(255,255,255,0.01) data-hover-border-color=#e82429 data-hover-color=#e82429 class=\"qbutton  enlarge\" style=\"color: #e82429; border-color: #e82429; background-color: rgba(255,255,255,0.01);\">Kontakt<\/a>[\/qode_elements_holder_item][\/qode_elements_holder][\/vc_column_inner][\/vc_row_inner][vc_empty_space][\/vc_column][\/vc_row][vc_row css_animation=&#8221;&#8221; row_type=&#8221;row&#8221; use_row_as_full_screen_section=&#8221;no&#8221; type=&#8221;grid&#8221; angled_section=&#8221;no&#8221; text_align=&#8221;left&#8221; background_image_as_pattern=&#8221;without_pattern&#8221; z_index=&#8221;&#8221; css=&#8221;.vc_custom_1596785233023{padding-top: 35px !important;padding-bottom: 70px !important;background-color: #ffffff !important;}&#8221;][vc_column][vc_row_inner row_type=&#8221;row&#8221; type=&#8221;full_width&#8221; text_align=&#8221;left&#8221; css_animation=&#8221;&#8221;][vc_column_inner][vc_single_image image=&#8221;309&#8243; img_size=&#8221;full&#8221; alignment=&#8221;center&#8221; qode_css_animation=&#8221;&#8221;][\/vc_column_inner][\/vc_row_inner][\/vc_column][\/vc_row][vc_row css_animation=&#8221;&#8221; row_type=&#8221;row&#8221; use_row_as_full_screen_section=&#8221;no&#8221; type=&#8221;grid&#8221; angled_section=&#8221;no&#8221; text_align=&#8221;left&#8221; background_image_as_pattern=&#8221;without_pattern&#8221; z_index=&#8221;&#8221; css=&#8221;.vc_custom_1568367596944{padding-top: 35px !important;padding-bottom: 70px !important;}&#8221;][vc_column][vc_row_inner row_type=&#8221;row&#8221; type=&#8221;grid&#8221; text_align=&#8221;left&#8221; css_animation=&#8221;&#8221;][vc_column_inner][vc_empty_space][\/vc_column_inner][\/vc_row_inner][\/vc_column][\/vc_row][vc_row css_animation=&#8221;&#8221; row_type=&#8221;row&#8221; use_row_as_full_screen_section=&#8221;no&#8221; type=&#8221;grid&#8221; angled_section=&#8221;no&#8221; text_align=&#8221;left&#8221; background_image_as_pattern=&#8221;without_pattern&#8221; z_index=&#8221;&#8221; css=&#8221;.vc_custom_1568367622704{padding-bottom: 70px !important;}&#8221;][vc_column][vc_column_text]<\/p>\n<h2>Gwarantujemy najwy\u017csz\u0105 jako\u015b\u0107 us\u0142ug<\/h2>\n<p>[\/vc_column_text][vc_separator type=&#8221;small&#8221; position=&#8221;left&#8221; color=&#8221;#ec1c24&#8243;][vc_column_text]<\/p>\n<h4><span style=\"color: #3b3b3b;\">W ramach us\u0142ugi zapewniamy<\/span><\/h4>\n<p>[\/vc_column_text][vc_empty_space][vc_row_inner row_type=&#8221;row&#8221; type=&#8221;full_width&#8221; text_align=&#8221;left&#8221; css_animation=&#8221;&#8221;][vc_column_inner width=&#8221;1\/6&#8243;]<div class='q_icon_with_title tiny custom_icon_image center '><div class=\"icon_holder \" style=\" \"><img itemprop=\"image\" style=\"\" src=\"https:\/\/landtech.com.pl\/wp-content\/uploads\/2019\/09\/Badanie-techniczne.png\" alt=\"\"><\/div><div class=\"icon_text_holder\" style=\"\"><div class=\"icon_text_inner\" style=\"\"><h4 class=\"icon_title\" style=\"color: #3b3b3b;\">Badanie techniczne<\/h4><p style=''><\/p><\/div><\/div><\/div>[\/vc_column_inner][vc_column_inner width=&#8221;1\/6&#8243;]<div class='q_icon_with_title tiny custom_icon_image center '><div class=\"icon_holder \" style=\" \"><img itemprop=\"image\" style=\"\" src=\"https:\/\/landtech.com.pl\/wp-content\/uploads\/2019\/09\/projekt-sieci.png\" alt=\"\"><\/div><div class=\"icon_text_holder\" style=\"\"><div class=\"icon_text_inner\" style=\"\"><h4 class=\"icon_title\" style=\"color: #3b3b3b;\">Projekt sieci<\/h4><p style=''><\/p><\/div><\/div><\/div>[\/vc_column_inner][vc_column_inner width=&#8221;1\/6&#8243;]<div class='q_icon_with_title tiny custom_icon_image center '><div class=\"icon_holder \" style=\" \"><img itemprop=\"image\" style=\"\" src=\"https:\/\/landtech.com.pl\/wp-content\/uploads\/2019\/09\/implementacja-rozwiazania.png\" alt=\"\"><\/div><div class=\"icon_text_holder\" style=\"\"><div class=\"icon_text_inner\" style=\"\"><h4 class=\"icon_title\" style=\"color: #3b3b3b;\">Implementacja rozwi\u0105zania<\/h4><p style=''><\/p><\/div><\/div><\/div>[\/vc_column_inner][vc_column_inner width=&#8221;1\/6&#8243;]<div class='q_icon_with_title tiny custom_icon_image center '><div class=\"icon_holder \" style=\" \"><img itemprop=\"image\" style=\"\" src=\"https:\/\/landtech.com.pl\/wp-content\/uploads\/2019\/09\/monitoring.png\" alt=\"\"><\/div><div class=\"icon_text_holder\" style=\"\"><div class=\"icon_text_inner\" style=\"\"><h4 class=\"icon_title\" style=\"color: #3b3b3b;\">24 godzinny monitoring<\/h4><p style=''><\/p><\/div><\/div><\/div>[\/vc_column_inner][vc_column_inner width=&#8221;1\/6&#8243;]<div class='q_icon_with_title tiny custom_icon_image center '><div class=\"icon_holder \" style=\" \"><img itemprop=\"image\" style=\"\" src=\"https:\/\/landtech.com.pl\/wp-content\/uploads\/2019\/09\/certyfikat-sla.png\" alt=\"\"><\/div><div class=\"icon_text_holder\" style=\"\"><div class=\"icon_text_inner\" style=\"\"><h4 class=\"icon_title\" style=\"color: #3b3b3b;\">Gwarantowan\u0105 us\u0142ug\u0119 SLA<\/h4><p style=''><\/p><\/div><\/div><\/div>[\/vc_column_inner][vc_column_inner width=&#8221;1\/6&#8243;]<div class='q_icon_with_title tiny custom_icon_image center '><div class=\"icon_holder \" style=\" \"><img itemprop=\"image\" style=\"\" src=\"https:\/\/landtech.com.pl\/wp-content\/uploads\/2019\/09\/zarzadzanie-usluga.png\" alt=\"\"><\/div><div class=\"icon_text_holder\" style=\"\"><div class=\"icon_text_inner\" style=\"\"><h4 class=\"icon_title\" style=\"color: #3b3b3b;\">Zarz\u0105dzanie us\u0142ug\u0105 przez okres umowy<\/h4><p style=''><\/p><\/div><\/div><\/div>[\/vc_column_inner][\/vc_row_inner][\/vc_column][\/vc_row]<\/p>\n","protected":false},"excerpt":{"rendered":"<p>[vc_row css_animation=&#8221;&#8221; row_type=&#8221;row&#8221; use_row_as_full_screen_section=&#8221;no&#8221; type=&#8221;full_width&#8221; angled_section=&#8221;no&#8221; text_align=&#8221;left&#8221; background_image_as_pattern=&#8221;without_pattern&#8221;][vc_column parallax=&#8221;content-moving&#8221; parallax_image=&#8221;2029&#8243;][vc_empty_space height=&#8221;215px&#8221;][vc_row_inner row_type=&#8221;row&#8221; type=&#8221;grid&#8221; text_align=&#8221;left&#8221; css_animation=&#8221;&#8221;][vc_column_inner][vc_column_text] Po\u0142\u0105cz wszystkie oddzia\u0142y swojej firmy, dzi\u0119ki us\u0142udze IP VPN. [\/vc_column_text][vc_separator type=&#8221;small&#8221; position=&#8221;right&#8221; color=&#8221;#ec1c24&#8243;][vc_column_text] Oferujemy dost\u0119p do prywatnej sieci, kt\u00f3rej wy\u0142\u0105cznym u\u017cytkownikiem b\u0119dziesz Ty. [\/vc_column_text][\/vc_column_inner][\/vc_row_inner][vc_empty_space height=&#8221;215px&#8221;][\/vc_column][\/vc_row][vc_row css_animation=&#8221;&#8221; row_type=&#8221;row&#8221; use_row_as_full_screen_section=&#8221;no&#8221; type=&#8221;grid&#8221; angled_section=&#8221;no&#8221;&#8230;<\/p>\n","protected":false},"author":5,"featured_media":0,"parent":2492,"menu_order":0,"comment_status":"closed","ping_status":"closed","template":"full_width.php","meta":{"footnotes":""},"_links":{"self":[{"href":"https:\/\/landtech.com.pl\/en\/wp-json\/wp\/v2\/pages\/274"}],"collection":[{"href":"https:\/\/landtech.com.pl\/en\/wp-json\/wp\/v2\/pages"}],"about":[{"href":"https:\/\/landtech.com.pl\/en\/wp-json\/wp\/v2\/types\/page"}],"author":[{"embeddable":true,"href":"https:\/\/landtech.com.pl\/en\/wp-json\/wp\/v2\/users\/5"}],"replies":[{"embeddable":true,"href":"https:\/\/landtech.com.pl\/en\/wp-json\/wp\/v2\/comments?post=274"}],"version-history":[{"count":21,"href":"https:\/\/landtech.com.pl\/en\/wp-json\/wp\/v2\/pages\/274\/revisions"}],"predecessor-version":[{"id":2306,"href":"https:\/\/landtech.com.pl\/en\/wp-json\/wp\/v2\/pages\/274\/revisions\/2306"}],"up":[{"embeddable":true,"href":"https:\/\/landtech.com.pl\/en\/wp-json\/wp\/v2\/pages\/2492"}],"wp:attachment":[{"href":"https:\/\/landtech.com.pl\/en\/wp-json\/wp\/v2\/media?parent=274"}],"curies":[{"name":"wp","href":"https:\/\/api.w.org\/{rel}","templated":true}]}}