{"id":280,"date":"2019-09-12T17:42:12","date_gmt":"2019-09-12T15:42:12","guid":{"rendered":"http:\/\/new.landtech.nazwa.pl\/?page_id=280"},"modified":"2020-08-10T07:11:05","modified_gmt":"2020-08-10T05:11:05","slug":"oferty-pracy","status":"publish","type":"page","link":"https:\/\/landtech.com.pl\/en\/kariera\/oferty-pracy\/","title":{"rendered":"Aktualne oferty"},"content":{"rendered":"<p>[vc_row css_animation=&#8221;&#8221; row_type=&#8221;row&#8221; use_row_as_full_screen_section=&#8221;no&#8221; type=&#8221;grid&#8221; angled_section=&#8221;no&#8221; text_align=&#8221;left&#8221; background_image_as_pattern=&#8221;without_pattern&#8221; z_index=&#8221;&#8221; css=&#8221;.vc_custom_1568302871024{padding-top: 70px !important;padding-bottom: 70px !important;}&#8221;][vc_column][vc_row_inner row_type=&#8221;row&#8221; type=&#8221;full_width&#8221; text_align=&#8221;left&#8221; css_animation=&#8221;&#8221;][vc_column_inner][vc_column_text]<\/p>\n<h1 style=\"text-align: center;\">Znajd\u017a swoje miejsce w naszym zespole<\/h1>\n<header class=\"section-header\">\n<p class=\"section-header__txt\">\n<\/header>\n<p>[\/vc_column_text][vc_separator type=&#8221;small&#8221; position=&#8221;center&#8221; color=&#8221;#dd3333&#8243;][vc_column_text]<\/p>\n<h4 style=\"text-align: center;\"><span style=\"color: #3b3b3b;\">Wsp\u00f3\u0142praca daje nam przyjemno\u015b\u0107, bo lubimy siebie nawzajem. Sukcesy powoduj\u0105, \u017ce systematycznie nas przybywa\u2013 sprawd\u017a, mo\u017ce szukamy kogo\u015b takiego jak Ty?<\/span><\/h4>\n<h4 style=\"text-align: center;\"><span style=\"color: #3b3b3b;\">\u00a0<\/span><\/h4>\n<p>[\/vc_column_text][\/vc_column_inner][\/vc_row_inner][\/vc_column][\/vc_row]<\/p>\n","protected":false},"excerpt":{"rendered":"<p>[vc_row css_animation=&#8221;&#8221; row_type=&#8221;row&#8221; use_row_as_full_screen_section=&#8221;no&#8221; type=&#8221;grid&#8221; angled_section=&#8221;no&#8221; text_align=&#8221;left&#8221; background_image_as_pattern=&#8221;without_pattern&#8221; z_index=&#8221;&#8221; css=&#8221;.vc_custom_1568302871024{padding-top: 70px !important;padding-bottom: 70px !important;}&#8221;][vc_column][vc_row_inner row_type=&#8221;row&#8221; type=&#8221;full_width&#8221; text_align=&#8221;left&#8221; css_animation=&#8221;&#8221;][vc_column_inner][vc_column_text] Znajd\u017a swoje miejsce w naszym zespole [\/vc_column_text][vc_separator type=&#8221;small&#8221; position=&#8221;center&#8221; color=&#8221;#dd3333&#8243;][vc_column_text] Wsp\u00f3\u0142praca daje nam przyjemno\u015b\u0107, bo lubimy siebie nawzajem. Sukcesy powoduj\u0105, \u017ce systematycznie nas przybywa\u2013 sprawd\u017a, mo\u017ce szukamy&#8230;<\/p>\n","protected":false},"author":5,"featured_media":0,"parent":1835,"menu_order":0,"comment_status":"closed","ping_status":"closed","template":"blog-small-image.php","meta":{"footnotes":""},"_links":{"self":[{"href":"https:\/\/landtech.com.pl\/en\/wp-json\/wp\/v2\/pages\/280"}],"collection":[{"href":"https:\/\/landtech.com.pl\/en\/wp-json\/wp\/v2\/pages"}],"about":[{"href":"https:\/\/landtech.com.pl\/en\/wp-json\/wp\/v2\/types\/page"}],"author":[{"embeddable":true,"href":"https:\/\/landtech.com.pl\/en\/wp-json\/wp\/v2\/users\/5"}],"replies":[{"embeddable":true,"href":"https:\/\/landtech.com.pl\/en\/wp-json\/wp\/v2\/comments?post=280"}],"version-history":[{"count":13,"href":"https:\/\/landtech.com.pl\/en\/wp-json\/wp\/v2\/pages\/280\/revisions"}],"predecessor-version":[{"id":1371,"href":"https:\/\/landtech.com.pl\/en\/wp-json\/wp\/v2\/pages\/280\/revisions\/1371"}],"up":[{"embeddable":true,"href":"https:\/\/landtech.com.pl\/en\/wp-json\/wp\/v2\/pages\/1835"}],"wp:attachment":[{"href":"https:\/\/landtech.com.pl\/en\/wp-json\/wp\/v2\/media?parent=280"}],"curies":[{"name":"wp","href":"https:\/\/api.w.org\/{rel}","templated":true}]}}