{"id":3,"date":"2019-09-11T19:49:40","date_gmt":"2019-09-11T17:49:40","guid":{"rendered":"http:\/\/new.landtech.nazwa.pl\/?page_id=3"},"modified":"2021-11-10T09:46:53","modified_gmt":"2021-11-10T08:46:53","slug":"polityka-prywatnosci","status":"publish","type":"page","link":"https:\/\/landtech.com.pl\/en\/polityka-prywatnosci\/","title":{"rendered":"Polityka prywatno\u015bci"},"content":{"rendered":"<p>[vc_row css_animation=&#8221;&#8221; row_type=&#8221;row&#8221; use_row_as_full_screen_section=&#8221;no&#8221; type=&#8221;grid&#8221; angled_section=&#8221;no&#8221; text_align=&#8221;left&#8221; background_image_as_pattern=&#8221;without_pattern&#8221; z_index=&#8221;&#8221;][vc_column][vc_row_inner row_type=&#8221;row&#8221; type=&#8221;full_width&#8221; text_align=&#8221;left&#8221; css_animation=&#8221;&#8221; css=&#8221;.vc_custom_1569142590327{padding-top: 35px !important;padding-bottom: 35px !important;}&#8221;][vc_column_inner][vc_column_text]<\/p>\n<h2 style=\"text-align: center;\">Wprowadzenie<\/h2>\n<p>[\/vc_column_text][vc_separator type=&#8221;small&#8221; position=&#8221;center&#8221; color=&#8221;#ec1c24&#8243;][vc_column_text]<\/p>\n<h4 style=\"text-align: center;\">Polityka prywatno\u015bci<\/h4>\n<p>[\/vc_column_text][\/vc_column_inner][\/vc_row_inner][vc_row_inner row_type=&#8221;row&#8221; type=&#8221;full_width&#8221; text_align=&#8221;left&#8221; css_animation=&#8221;&#8221; css=&#8221;.vc_custom_1569142639754{padding-bottom: 35px !important;}&#8221;][vc_column_inner][vc_column_text]<\/p>\n<p>Naszym celem jest zapewnienie Ci poczucia bezpiecze\u0144stwa na naszej stronie internetowej, dlatego te\u017c Twoja prywatno\u015b\u0107 i ochrona praw osobistych s\u0105 dla nas wa\u017cne. Dlatego prosimy o staranne zapoznanie si\u0119 z poni\u017cszym podsumowaniem, informuj\u0105cym, w jaki spos\u00f3b dzia\u0142a nasz strona internetowa. Mo\u017cesz mie\u0107 pewno\u015b\u0107, \u017ce Twoje dane b\u0119d\u0105 przetwarzane w spos\u00f3b przejrzysty i uczciwy, oraz \u017ce do\u0142o\u017cymy wszelkich stara\u0144, aby Twoje dane by\u0142y traktowane z zachowaniem ostro\u017cno\u015bci i odpowiedzialnie.<\/p>\n<p style=\"text-align: left;\">Poni\u017csza polityka prywatno\u015bci ma na celu poinformowa\u0107 Ci\u0119 o sposobie wykorzystania przez nas Twoich danych osobowych, wzgl\u0119dem kt\u00f3rych spe\u0142niamy wymagania niemieckiej Ustawy o ochronie danych oraz wymogi Og\u00f3lnego Rozporz\u0105dzenia o Ochronie Danych (RODO).<\/p>\n<p>[\/vc_column_text][\/vc_column_inner][\/vc_row_inner][vc_row_inner row_type=&#8221;row&#8221; type=&#8221;full_width&#8221; text_align=&#8221;left&#8221; css_animation=&#8221;&#8221; css=&#8221;.vc_custom_1569142590327{padding-top: 35px !important;padding-bottom: 35px !important;}&#8221;][vc_column_inner][vc_column_text]<\/p>\n<h4 style=\"text-align: center;\">Dane administratora<\/h4>\n<p>[\/vc_column_text][\/vc_column_inner][\/vc_row_inner][vc_row_inner row_type=&#8221;row&#8221; type=&#8221;full_width&#8221; text_align=&#8221;left&#8221; css_animation=&#8221;&#8221; css=&#8221;.vc_custom_1569142639754{padding-bottom: 35px !important;}&#8221;][vc_column_inner][vc_column_text]<strong>1)<\/strong>\u00a0 Operatorem stron\u00a0 internetowych\u00a0 jest:\u00a0 landtech.com.pl (dalej:\u00a0 Stron\u00a0 Internetowych)\u00a0 oraz\u00a0 administratorem\u00a0 danych osobowych na potrzeby RODO, innych akt\u00f3w prawnych obowi\u0105zuj\u0105cych w pa\u0144stwach cz\u0142onkowskich UE oraz innych przepis\u00f3w odnosz\u0105cych si\u0119 do ochrony danych,\u00a0 pozyskiwanych\u00a0 za\u00a0 ich\u00a0 po\u015brednictwem\u00a0 jest:<\/p>\n<p style=\"text-align: center;\"><strong>Landtech Sp. z o.o.<br \/>\n<\/strong>ul. Siemiradzkiego 25,<br \/>\n05-820 Piast\u00f3w,<br \/>\nNIP:\u00a05342374686 REGON: 141187940;<br \/>\nKapita\u0142 zak\u0142adowy: 500 000 z\u0142,\u00a0\u00a0 KRS: 0000592610 Miejsce zarejestrowania: S\u0105d Rejonowy dla m. st. Warszawy w Warszawie, XIV Wydzia\u0142 Gospodarczy,<br \/>\nzwana dalej Landtech Sp. z o.o.<\/p>\n<p>&nbsp;<\/p>\n<p><strong>2)\u00a0<\/strong> Inspektor ochrony danych w przedsi\u0119biorstwie administratora dost\u0119pny jest pod adresem: <a href=\"mailto:inspektor@landtech.com.pl\">inspektor@landtech.com.pl<\/a>[\/vc_column_text][\/vc_column_inner][\/vc_row_inner][vc_row_inner row_type=&#8221;row&#8221; type=&#8221;full_width&#8221; text_align=&#8221;left&#8221; css_animation=&#8221;&#8221; css=&#8221;.vc_custom_1569142590327{padding-top: 35px !important;padding-bottom: 35px !important;}&#8221;][vc_column_inner][vc_column_text]<\/p>\n<h4 style=\"text-align: center;\">Cele przetwarzania i zasady prawne rz\u0105dz\u0105ce si\u0119 sposobem przetwarzania Twoich danych osobowych<\/h4>\n<p>[\/vc_column_text][\/vc_column_inner][\/vc_row_inner][vc_row_inner row_type=&#8221;row&#8221; type=&#8221;full_width&#8221; text_align=&#8221;left&#8221; css_animation=&#8221;&#8221; css=&#8221;.vc_custom_1569142639754{padding-bottom: 35px !important;}&#8221;][vc_column_inner][vc_column_text]<\/p>\n<p><strong>3)<\/strong>\u00a0 Landtech Sp. z o.o. zbiera dane osobowe celem realizacji umowy zawartej z U\u017cytkownikiem oraz w celu realizacji obowi\u0105zk\u00f3w ustawowych lub umownych (np. gwarancji, r\u0119kojmi) oraz marketingu us\u0142ug w\u0142asnych.<\/p>\n<p><strong>4)<\/strong>\u00a0 Po uzyskaniu\u00a0 jednoznaczniej\u00a0 zgody\u00a0 osoby,\u00a0 kt\u00f3rej\u00a0 dane\u00a0 s\u0105 przetwarzane\u00a0 (dalej:\u00a0 U\u017cytkownika),\u00a0 zakres przetwarzania danych osobowych mo\u017ce obejmowa\u0107 tak\u017ce marketing podmiot\u00f3w trzecich, wsp\u00f3\u0142pracuj\u0105cych z Landtech Sp. z o. o.<\/p>\n<p><strong>5)<\/strong>\u00a0 Przetwarzanie danych\u00a0 osobowych\u00a0 w\u00a0 celach\u00a0 marketingowych\u00a0 mo\u017ce\u00a0 przyj\u0105\u0107 w\u00a0 szczeg\u00f3lno\u015bci\u00a0 form\u0119:\u00a0 wysy\u0142ki newslettera czy biuletyn\u00f3w informacyjnych, informowania o nowych ofertach lub us\u0142ugach, obs\u0142uga klienta i pomoc dla klienta, oferowania osobom zarejestrowanym dodatkowych rabat\u00f3w lub zapraszania ich do udzia\u0142u w akacjach promocyjnych oraz konkursach, kontakt\u00f3w w celu badania satysfakcji klienta lub jako\u015bci us\u0142ug.<\/p>\n<p><strong><em>Twoje dane osobowe mog\u0105 by\u0107 przetwarzane w oparciu o nast\u0119puj\u0105ce zasady wynikaj\u0105ce z prawa: <\/em><\/strong><\/p>\n<ul>\n<li><em>6, par. 1 lit. a RODO stanowi podstaw\u0119 prawn\u0105 do czynno\u015bci zwi\u0105zanych z przetwarzaniem, na kt\u00f3re uzyskujemy Twoj\u0105 zgod\u0119 w danym celu zwi\u0105zanym z przetwarzaniem.<\/em><\/li>\n<li><em>6, par. 1 lit. b RODO m\u00f3wi o tym, \u017ce dane osobowe mog\u0105 by\u0107 przetwarzane w celu wykonania umowy, np.\u00a0 przy\u00a0 zakupie us\u0142ugi.\u00a0 To\u00a0 samo\u00a0 odnosi\u00a0 si\u0119 do\u00a0 wszelkich\u00a0 dzia\u0142a\u0144\u00a0 zwi\u0105zanych z przetwarzaniem, niezb\u0119dnych do przeprowadzenia czynno\u015bci przed zawarciem umowy, takich jak obs\u0142uga zapyta\u0144 dotycz\u0105cych produkt\u00f3w lub us\u0142ugi.<\/em><\/li>\n<li><em>6,\u00a0 par. \u00a01\u00a0 lit.\u00a0 c\u00a0 RODO\u00a0 ma\u00a0 zastosowanie\u00a0 w\u00a0 przypadkach,\u00a0 kiedy\u00a0 spoczywa\u00a0 na\u00a0 nas obowi\u0105zek prawny wymagaj\u0105cy\u00a0 przetwarzania\u00a0 danych\u00a0 osobowych,\u00a0 na\u00a0 przyk\u0142ad\u00a0 w\u00a0 celu\u00a0 wype\u0142nienia zobowi\u0105za\u0144 podatkowych.<\/em><\/li>\n<li><em>6, par. 1 lit. d RODO m\u00f3wi o tym, \u017ce dane osobowe mog\u0105 by\u0107 przetwarzane w celu ochrony \u017cywotnych interes\u00f3w Twojej osoby lub innej osoby fizycznej.<\/em><\/li>\n<li><em>6, par. 1 lit. f RODO ma zastosowanie w odniesieniu do naszych uzasadnionych interes\u00f3w, na przyk\u0142ad przy zatrudnianiu dostawc\u00f3w us\u0142ug w celu realizacji zam\u00f3wie\u0144 (np. us\u0142ugi realizacji dostaw), przy\u00a0 wype\u0142nianiu\u00a0 ankiet\u00a0 na\u00a0 potrzeby\u00a0 statystyczne\u00a0 oraz\u00a0 przeprowadzaniu\u00a0 analiz statystycznych, przy pr\u00f3bach logowania lub zapewnienia bezpiecze\u0144stwa na stronie. Nasz interes polega na zapewnieniu przyjaznej dla u\u017cytkownika, atrakcyjnej i bezpiecznej witryny internetowej oraz na jej optymalizacji w celu realizacji zar\u00f3wno naszych cel\u00f3w biznesowych, jak te\u017c sprostania Twoim oczekiwaniom.<\/em><\/li>\n<\/ul>\n<p>[\/vc_column_text][\/vc_column_inner][\/vc_row_inner][vc_row_inner row_type=&#8221;row&#8221; type=&#8221;full_width&#8221; text_align=&#8221;left&#8221; css_animation=&#8221;&#8221; css=&#8221;.vc_custom_1569142590327{padding-top: 35px !important;padding-bottom: 35px !important;}&#8221;][vc_column_inner][vc_column_text]<\/p>\n<h4 style=\"text-align: center;\">Spos\u00f3b pozyskiwania danych i ich zakres<\/h4>\n<p>[\/vc_column_text][\/vc_column_inner][\/vc_row_inner][vc_row_inner row_type=&#8221;row&#8221; type=&#8221;full_width&#8221; text_align=&#8221;left&#8221; css_animation=&#8221;&#8221; css=&#8221;.vc_custom_1569142639754{padding-bottom: 35px !important;}&#8221;][vc_column_inner][vc_column_text]<\/p>\n<p><strong>6)\u00a0<\/strong> Dane osobowe\u00a0 pozyskiwane\u00a0 s\u0105 przez Landtech Sp. z o.o. bezpo\u015brednio\u00a0 od\u00a0 U\u017cytkownika.\u00a0 U\u017cytkownik\u00a0 przekazuje\u00a0 dane osobowe\u00a0 \u00a0 Dane\u00a0 osobowe,\u00a0 kt\u00f3rych\u00a0 przekazanie\u00a0 jest\u00a0 niezb\u0119dne\u00a0 w\u00a0 celu\u00a0 wykonania\u00a0 danej\u00a0 us\u0142ugi, realizacji transakcji b\u0105d\u017a przyj\u0119cia zam\u00f3wienia b\u0119d\u0105 w spos\u00f3b wyra\u017any oznaczone na formularzu dost\u0119pnym na Stronach Internetowych. W przypadku niepodania kt\u00f3rejkolwiek z tych danych, Landtech Sp. z o.o. \u00a0zastrzega sobie prawo do odst\u0105pienia od zawarcia umowy z U\u017cytkownikiem.<\/p>\n<p><strong>7)<\/strong>\u00a0 W zale\u017cno\u015bci od rodzaju us\u0142ugi, zakres danych osobowych, kt\u00f3ry jest niezb\u0119dny do jej realizacji mo\u017ce by\u0107 r\u00f3\u017cny.<\/p>\n<p><strong>8)<\/strong>\u00a0 Landtech Sp. z o.o. przetwarza nast\u0119puj\u0105ce dane osobowe:<\/p>\n<ul>\n<li>Imi\u0119 i nazwisko;<\/li>\n<li>Adres zamieszkania;<\/li>\n<li>Adres korespondencyjny lub adres do wysy\u0142ki;<\/li>\n<li>Adres e-mail;<\/li>\n<li>Numer telefonu;<\/li>\n<li>Informacje o parametrach po\u0142\u0105czenia (oznaczenie czasu, adres IP).<\/li>\n<li>Histori\u0119 zam\u00f3wie\u0144;<\/li>\n<li>Histori\u0119 kontakt\u00f3w (np. informacje o zg\u0142aszanych reklamacjach);<\/li>\n<\/ul>\n<p><strong>9)\u00a0<\/strong> Landtech Sp. z o.o. nie pozyskuje ani nie przetwarza danych wra\u017cliwych.<\/p>\n<p>[\/vc_column_text][\/vc_column_inner][\/vc_row_inner][vc_row_inner row_type=&#8221;row&#8221; type=&#8221;full_width&#8221; text_align=&#8221;left&#8221; css_animation=&#8221;&#8221; css=&#8221;.vc_custom_1569142590327{padding-top: 35px !important;padding-bottom: 35px !important;}&#8221;][vc_column_inner][vc_column_text]<\/p>\n<h4 style=\"text-align: center;\">Spos\u00f3b przetwarzania i zabezpieczenia danych<\/h4>\n<p>[\/vc_column_text][\/vc_column_inner][\/vc_row_inner][vc_row_inner row_type=&#8221;row&#8221; type=&#8221;full_width&#8221; text_align=&#8221;left&#8221; css_animation=&#8221;&#8221; css=&#8221;.vc_custom_1569142639754{padding-bottom: 35px !important;}&#8221;][vc_column_inner][vc_column_text]<\/p>\n<p><strong>10)<\/strong>\u00a0 Dane osobowe przetwarzane b\u0119d\u0105 za po\u015brednictwem systemu informatycznego o ograniczonym dost\u0119pie oraz zabezpieczonego przed\u00a0 dost\u0119pem\u00a0 os\u00f3b\u00a0 nieupowa\u017cniony\u00a0 w\u00a0 spos\u00f3b\u00a0 nale\u017cyty\u00a0 \u00a0 zgodny\u00a0 ze\u00a0 stosowanymi powszechnie\u00a0 rozwi\u0105zaniami\u00a0 technicznymi\u00a0 i\u00a0 organizacyjnymi\u00a0 zapewniaj\u0105cymi\u00a0 ochron\u0119 przetwarzania\u00a0 danych osobowych odpowiedni\u0105 do kategorii danych, obj\u0119tych ochron\u0105.<\/p>\n<p><strong>11)<\/strong>\u00a0 Dane osobowe\u00a0 mog\u0105 by\u0107 przetwarzane\u00a0 w\u00a0 spos\u00f3b\u00a0 \u00a0 Oznacza\u00a0 to\u00a0 w\u00a0 szczeg\u00f3lno\u015bci filtrowanie, wyszukiwanie, profilowanie oraz usuwanie danych osobowych i uzupe\u0142nianie ich o dodatkowe informacje (np. histori\u0119 zam\u00f3wie\u0144) zgodnie ze zdefiniowanymi uprzednio za\u0142o\u017ceniami.<\/p>\n<p>[\/vc_column_text][\/vc_column_inner][\/vc_row_inner][vc_row_inner row_type=&#8221;row&#8221; type=&#8221;full_width&#8221; text_align=&#8221;left&#8221; css_animation=&#8221;&#8221; css=&#8221;.vc_custom_1569142590327{padding-top: 35px !important;padding-bottom: 35px !important;}&#8221;][vc_column_inner][vc_column_text]<\/p>\n<h4 style=\"text-align: center;\">Uprawnienia u\u017cytkownika<\/h4>\n<p>[\/vc_column_text][\/vc_column_inner][\/vc_row_inner][vc_row_inner row_type=&#8221;row&#8221; type=&#8221;full_width&#8221; text_align=&#8221;left&#8221; css_animation=&#8221;&#8221; css=&#8221;.vc_custom_1569142639754{padding-bottom: 35px !important;}&#8221;][vc_column_inner][vc_column_text]<\/p>\n<p><strong>12)<\/strong>\u00a0 Ka\u017cdy ma\u00a0 prawo\u00a0 do\u00a0 skierowania\u00a0 do Landtech Sp. z o.o. \u00a0zapytania,\u00a0 czy Landtech Sp. z o.o. \u00a0przetwarza\u00a0 dane\u00a0 osobowe,\u00a0 a\u00a0 w\u00a0 przypadku odpowiedzi pozytywnej \u2013 o \u017ar\u00f3dle pochodzenia danych, informacji od kiedy dane s\u0105 przetwarzane, celu, zakresie i sposobie ich przetwarzania a tak\u017ce informacji czy jego dane zosta\u0142y udost\u0119pnione podmiotom trzecim, a je\u017celi tak \u2013 to jakie podmioty (lub kategorie podmiot\u00f3w) by\u0142y odbiorcami jego danych osobowych.<\/p>\n<p><strong>13)<\/strong>\u00a0 U\u017cytkownik mo\u017ce w ka\u017cdym czasie odwo\u0142a\u0107 udzielon\u0105 uprzednio zgod\u0119 na przetwarzanie danych osobowych w celach marketingu us\u0142ug podmiot\u00f3w trzecich.<\/p>\n<p><strong>14)<\/strong>\u00a0 U\u017cytkownik w ka\u017cdym momencie ma prawo dost\u0119pu do tre\u015bci swoich danych oraz ich poprawiania.<\/p>\n<p><strong>15)<\/strong>\u00a0 U\u017cytkownik mo\u017ce w ka\u017cdym czasie \u017c\u0105da\u0107 zaprzestania przetwarzania oraz usuni\u0119cia swoich danych osobowych (tzw. \u201eprawo\u00a0 do\u00a0 zapomnienia\u201d).\u00a0 W\u00a0 takiej\u00a0 sytuacji\u00a0 Landtech Sp. z o.o. usunie\u00a0 wszystkie\u00a0 dane\u00a0 osobowe\u00a0 U\u017cytkownika\u00a0 z wy\u0142\u0105czeniem tych, kt\u00f3rych przechowywanie i przetwarzanie wi\u0105\u017ce si\u0119 z realizacj\u0105 obowi\u0105zk\u00f3w ustawowych (np. przechowywanie kopii wystawionych faktur, zawieraj\u0105cych dane osobowe przez okres wymagany przepisami prawa). Landtech Sp. z o.o. \u00a0ma prawo pozostawi\u0107 w zbiorze imi\u0119 (imiona) i nazwisko U\u017cytkownika wy\u0142\u0105cznie w celu unikni\u0119cia ponownego wykorzystania danych tej osoby. \u017b\u0105danie zaprzestania przetwarzania danych osobowych nast\u0119puje w formie pisemnej na adres siedziby Landtech Sp. z o.o.<\/p>\n<p><strong>16)\u00a0<\/strong> U\u017cytkownik mo\u017ce w ka\u017cdym czasie zg\u0142osi\u0107 tzw. \u201esprzeciw marketingowy\u201d co skutkowa\u0107 b\u0119dzie zaniechaniem wykorzystywania przez Landtech Sp. z o.o. danych osobowych w celu realizacji jakichkolwiek aktywno\u015bci marketingowych, z zachowaniem danych osobowych w systemach informatycznych i zbiorach danych Landtech Sp. z o.o. (np. w celu realizacji uprawnie\u0144 z tytu\u0142u r\u0119kojmi lub gwarancji).<\/p>\n<p><strong>17)<\/strong>\u00a0 U\u017cytkownik posiada prawo:<\/p>\n<ul>\n<li>do sprostowania danych (zgodnie z art. 16 Og\u00f3lnego rozporz\u0105dzenia o ochronie danych);<\/li>\n<li>prawo do usuni\u0119cia danych (zgodnie z art. 17 Og\u00f3lnego rozporz\u0105dzenia o ochronie danych);<\/li>\n<li>prawo do ograniczenia przetwarzania danych (zgodnie z art. 18 Og\u00f3lnego rozporz\u0105dzenia o ochronie danych);<\/li>\n<li>prawo do przenoszenia danych (zgodnie z art. 20 Og\u00f3lnego rozporz\u0105dzenia o ochronie danych);<\/li>\n<li>prawo do wniesienia skargi do organu nadzorczego (Prezesa Urz\u0119du Ochrony Danych Osobowych) w przypadku uznania, \u017ce przetwarzanie danych osobowych Pani\u0105 \/ Pana dotycz\u0105cych narusza przepisy Og\u00f3lnego rozporz\u0105dzenia o ochronie danych.<\/li>\n<\/ul>\n<ul>\n<li style=\"list-style-type: none;\"><\/li>\n<\/ul>\n<p>[\/vc_column_text][\/vc_column_inner][\/vc_row_inner][vc_row_inner row_type=&#8221;row&#8221; type=&#8221;full_width&#8221; text_align=&#8221;left&#8221; css_animation=&#8221;&#8221; css=&#8221;.vc_custom_1569142590327{padding-top: 35px !important;padding-bottom: 35px !important;}&#8221;][vc_column_inner][vc_column_text]<\/p>\n<h4 style=\"text-align: center;\">Udost\u0119pnianie danych podmiotom trzecim<\/h4>\n<p>[\/vc_column_text][\/vc_column_inner][\/vc_row_inner][vc_row_inner row_type=&#8221;row&#8221; type=&#8221;full_width&#8221; text_align=&#8221;left&#8221; css_animation=&#8221;&#8221; css=&#8221;.vc_custom_1569142639754{padding-bottom: 35px !important;}&#8221;][vc_column_inner][vc_column_text]<\/p>\n<p><strong>18)<\/strong>\u00a0 Dane osobowe nie b\u0119d\u0105 udost\u0119pniane podmiotom trzecim, chyba \u017ce U\u017cytkownik wyrazi wyra\u017an\u0105 i jednoznaczn\u0105 zgod\u0119 na przekazanie tym podmiotom swoich danych osobowych.<\/p>\n<p><strong>19)<\/strong>\u00a0 Landtech Sp. z o.o. mo\u017ce powierzy\u0107 dane osobowe innemu podmiotowi (dalej: Procesorowi) w celu niezb\u0119dnych do wykonania umowy z\u00a0 U\u017cytkownikiem. Zasady\u00a0 przetwarzania\u00a0 powierzonych\u00a0 danych\u00a0 przez\u00a0 Procesora\u00a0 okre\u015bla\u0107 b\u0119dzie pisemna umowa zawarta mi\u0119dzy Landtech Sp. z o.o. \u00a0a Procesorem.<\/p>\n<p><strong>20)<\/strong> Landtech Sp. z o.o. zobowi\u0105zane\u00a0 jest\u00a0 do\u00a0 udost\u0119pniania\u00a0 danych\u00a0 osobowych\u00a0 uprawnionym\u00a0 podmiotom\u00a0 w\u00a0 sytuacjach,\u00a0 gdy obowi\u0105zek taki wynika z obowi\u0105zuj\u0105cych przepis\u00f3w prawa lub decyzji administracyjnej.<\/p>\n<p><strong>21)\u00a0<\/strong> Dane osobowe mog\u0105 zosta\u0107 udost\u0119pnione przez Sprzedawc\u0119, gdy obowi\u0105zek udost\u0119pnienia b\u0119dzie spoczywa\u0142 na Sprzedawcy z mocy obowi\u0105zuj\u0105cego prawa.<\/p>\n<p><strong>22)<\/strong>\u00a0 Sprzedawca nie zbiera w spos\u00f3b automatyczny \u017cadnych informacji, z wyj\u0105tkiem informacji zawartych w plikach cookies.<\/p>\n<p>[\/vc_column_text][\/vc_column_inner][\/vc_row_inner][vc_row_inner row_type=&#8221;row&#8221; type=&#8221;full_width&#8221; text_align=&#8221;left&#8221; css_animation=&#8221;&#8221; css=&#8221;.vc_custom_1569142590327{padding-top: 35px !important;padding-bottom: 35px !important;}&#8221;][vc_column_inner][vc_column_text]<\/p>\n<h4 style=\"text-align: center;\">Cookies<\/h4>\n<p>[\/vc_column_text][\/vc_column_inner][\/vc_row_inner][vc_row_inner row_type=&#8221;row&#8221; type=&#8221;full_width&#8221; text_align=&#8221;left&#8221; css_animation=&#8221;&#8221; css=&#8221;.vc_custom_1569142639754{padding-bottom: 35px !important;}&#8221;][vc_column_inner][vc_column_text]<\/p>\n<p><strong>23)<\/strong>\u00a0 Landtech Sp. z o.o. wykorzystuje pliki cookies, czyli niewielkie informacje tekstowe, przechowywane na urz\u0105dzeniu ko\u0144cowym U\u017cytkownika\u00a0 oraz\u00a0 osoby\u00a0 odwiedzaj\u0105cej\u00a0 Stron\u0119 Internetow\u0105 (dalej:\u00a0 Odwiedzaj\u0105cego),\u00a0 \u00a0 na\u00a0 komputerze, tablecie czy smartfonie.<\/p>\n<p><strong>24)<\/strong> Cookies mog\u0105 by\u0107 odczytywane przez system teleinformatyczny Landtech Sp. z o.o.<\/p>\n<p><strong>25)<\/strong>\u00a0 Landtech Sp. z o.o. przechowuje pliki\u00a0 cookies\u00a0 na\u00a0 urz\u0105dzeniu\u00a0 ko\u0144cowym\u00a0 U\u017cytkownika\u00a0 lub \u00a0Odwiedzaj\u0105cego,\u00a0 a\u00a0 nast\u0119pnie uzyskuje dost\u0119p do informacji w nich zawartych, w celach: statystycznych, zapewnienia prawid\u0142owego dzia\u0142ania Stron Internetowych, a w szczeg\u00f3lno\u015bci utrzymania sesji po zalogowaniu.<\/p>\n<p><strong>26)<\/strong>\u00a0 W ka\u017cdej przegl\u0105darce internetowej mo\u017cliwa jest zmiana ustawie\u0144 plik\u00f3w cookies, w tym mo\u017cliwo\u015b\u0107 blokowania plik\u00f3w cookies,\u00a0 co\u00a0 uniemo\u017cliwia\u00a0 ich\u00a0 przechowywanie\u00a0 na\u00a0 urz\u0105dzeniu\u00a0 ko\u0144cowym\u00a0 U\u017cytkownika\u00a0 lub Odwiedzaj\u0105cego.<\/p>\n<p><strong>27)<\/strong>\u00a0 Pliki cookies mog\u0105 by\u0107 tak\u017ce usuni\u0119te poprzez odpowiednie funkcje przegl\u0105darki internetowej, skorzystanie z narz\u0119dzi dost\u0119pnych w ramach systemu operacyjnego lub s\u0142u\u017c\u0105ce do tego programy.<\/p>\n<p><strong>28)<\/strong>\u00a0 Zmiana ustawie\u0144 przegl\u0105darki internetowej, kt\u00f3ra uniemo\u017cliwia lub ogranicza przechowywanie plik\u00f3w cookies na urz\u0105dzeniu\u00a0 ko\u0144cowym\u00a0 lub\u00a0 wykasowanie\u00a0 plik\u00f3w\u00a0 cookies\u00a0 w\u00a0 trakcie\u00a0 korzystania\u00a0 ze\u00a0 strony,\u00a0 mo\u017ce\u00a0 jednak spowodowa\u0107 ograniczenie funkcjonalno\u015bci \u015bwiadczonych us\u0142ug.<\/p>\n<p><em>\u00a0Stan na: 25 maja 2018r.<\/em><\/p>\n<p><em>Aktualizacja adresu siedziby sp\u00f3\u0142ki: 21.01.2019r.<\/em><\/p>\n<p>[\/vc_column_text][\/vc_column_inner][\/vc_row_inner][\/vc_column][\/vc_row]<\/p>\n","protected":false},"excerpt":{"rendered":"<p>[vc_row css_animation=&#8221;&#8221; row_type=&#8221;row&#8221; use_row_as_full_screen_section=&#8221;no&#8221; type=&#8221;grid&#8221; angled_section=&#8221;no&#8221; text_align=&#8221;left&#8221; background_image_as_pattern=&#8221;without_pattern&#8221; z_index=&#8221;&#8221;][vc_column][vc_row_inner row_type=&#8221;row&#8221; type=&#8221;full_width&#8221; text_align=&#8221;left&#8221; css_animation=&#8221;&#8221; css=&#8221;.vc_custom_1569142590327{padding-top: 35px !important;padding-bottom: 35px !important;}&#8221;][vc_column_inner][vc_column_text] Wprowadzenie [\/vc_column_text][vc_separator type=&#8221;small&#8221; position=&#8221;center&#8221; color=&#8221;#ec1c24&#8243;][vc_column_text] Polityka prywatno\u015bci [\/vc_column_text][\/vc_column_inner][\/vc_row_inner][vc_row_inner row_type=&#8221;row&#8221; type=&#8221;full_width&#8221; text_align=&#8221;left&#8221; css_animation=&#8221;&#8221; css=&#8221;.vc_custom_1569142639754{padding-bottom: 35px !important;}&#8221;][vc_column_inner][vc_column_text] Naszym celem jest zapewnienie Ci poczucia bezpiecze\u0144stwa na naszej stronie internetowej, dlatego&#8230;<\/p>\n","protected":false},"author":5,"featured_media":0,"parent":0,"menu_order":0,"comment_status":"closed","ping_status":"open","template":"","meta":{"footnotes":""},"_links":{"self":[{"href":"https:\/\/landtech.com.pl\/en\/wp-json\/wp\/v2\/pages\/3"}],"collection":[{"href":"https:\/\/landtech.com.pl\/en\/wp-json\/wp\/v2\/pages"}],"about":[{"href":"https:\/\/landtech.com.pl\/en\/wp-json\/wp\/v2\/types\/page"}],"author":[{"embeddable":true,"href":"https:\/\/landtech.com.pl\/en\/wp-json\/wp\/v2\/users\/5"}],"replies":[{"embeddable":true,"href":"https:\/\/landtech.com.pl\/en\/wp-json\/wp\/v2\/comments?post=3"}],"version-history":[{"count":4,"href":"https:\/\/landtech.com.pl\/en\/wp-json\/wp\/v2\/pages\/3\/revisions"}],"predecessor-version":[{"id":3029,"href":"https:\/\/landtech.com.pl\/en\/wp-json\/wp\/v2\/pages\/3\/revisions\/3029"}],"wp:attachment":[{"href":"https:\/\/landtech.com.pl\/en\/wp-json\/wp\/v2\/media?parent=3"}],"curies":[{"name":"wp","href":"https:\/\/api.w.org\/{rel}","templated":true}]}}