{"id":98,"date":"2018-03-20T11:55:54","date_gmt":"2018-03-20T11:55:54","guid":{"rendered":"http:\/\/bridge191.qodeinteractive.com\/?page_id=98"},"modified":"2020-08-05T08:18:53","modified_gmt":"2020-08-05T06:18:53","slug":"portfolio","status":"publish","type":"page","link":"https:\/\/landtech.com.pl\/en\/portfolio\/","title":{"rendered":"Portfolio"},"content":{"rendered":"<p>[vc_row css_animation=&#8221;&#8221; row_type=&#8221;row&#8221; use_row_as_full_screen_section=&#8221;no&#8221; type=&#8221;full_width&#8221; angled_section=&#8221;no&#8221; text_align=&#8221;left&#8221; background_image_as_pattern=&#8221;without_pattern&#8221;][vc_column parallax=&#8221;content-moving&#8221; parallax_image=&#8221;1100&#8243;][vc_empty_space height=&#8221;215px&#8221;][vc_row_inner row_type=&#8221;row&#8221; type=&#8221;grid&#8221; text_align=&#8221;left&#8221; css_animation=&#8221;&#8221;][vc_column_inner][vc_column_text]<\/p>\n<h1 style=\"text-align: right;\"><strong><span style=\"color: #ffffff;\">Co mo\u017cemy dla Ciebie zrobi\u0107<\/span><\/strong><\/h1>\n<p>[\/vc_column_text][vc_separator type=&#8221;small&#8221; position=&#8221;right&#8221; color=&#8221;#ec1c24&#8243;][vc_column_text]<\/p>\n<h4 style=\"text-align: right;\"><span style=\"color: #ffffff;\">Oferujemy zaawansowane technologie \u2013 ale naszym sukcesem jest nie tylko technologia, ale to, JAK j\u0105 wdra\u017camy.<\/span><\/h4>\n<h4 style=\"text-align: right;\"><span style=\"color: #ffffff;\">Nasi Klienci wybieraj\u0105 nas z uwagi na<\/span><\/h4>\n<p>[\/vc_column_text][\/vc_column_inner][\/vc_row_inner][vc_empty_space height=&#8221;215px&#8221;][\/vc_column][\/vc_row][vc_row css_animation=&#8221;&#8221; row_type=&#8221;row&#8221; use_row_as_full_screen_section=&#8221;no&#8221; type=&#8221;full_width&#8221; angled_section=&#8221;no&#8221; text_align=&#8221;left&#8221; background_image_as_pattern=&#8221;without_pattern&#8221; css=&#8221;.vc_custom_1596560273466{background-color: #ffffff !important;}&#8221; z_index=&#8221;&#8221;][vc_column][vc_row_inner row_type=&#8221;row&#8221; type=&#8221;full_width&#8221; text_align=&#8221;left&#8221; css_animation=&#8221;&#8221;][vc_column_inner width=&#8221;1\/3&#8243; css=&#8221;.vc_custom_1596524238613{background-color: #e0e0e0 !important;}&#8221;][qode_elements_holder number_of_columns=&#8221;one_column&#8221;][qode_elements_holder_item advanced_animations=&#8221;no&#8221; item_padding=&#8221;70px 70px 70px 70px&#8221;][vc_column_text]<\/p>\n<h3>SZYBKO\u015a\u0106<\/h3>\n<p>[\/vc_column_text][vc_separator type=&#8221;small&#8221; position=&#8221;left&#8221; color=&#8221;#ec1c24&#8243;][vc_column_text]Szybki internet to nie tylko przepustowo\u015b\u0107 \u0142\u0105cza \u2013 to tak\u017ce czas realizacji zlecenia. Minimum administracji sprawia, \u017ce nasi technicy dzia\u0142aj\u0105 b\u0142yskawicznie, nierzadko w r\u00f3wnoleg\u0142ych zespo\u0142ach i rozproszonych lokalizacjach. U nas czas idzie w parze z jako\u015bci\u0105: pracujemy sprawnie, starannie i maksymalnie bezb\u0142\u0119dnie.<\/p>\n<p>[\/vc_column_text][\/qode_elements_holder_item][\/qode_elements_holder][\/vc_column_inner][vc_column_inner width=&#8221;1\/3&#8243; css=&#8221;.vc_custom_1596560487442{background-color: #ffffff !important;}&#8221;][qode_elements_holder number_of_columns=&#8221;one_column&#8221;][qode_elements_holder_item advanced_animations=&#8221;no&#8221; item_padding=&#8221;70px 70px 70px 70px&#8221;][vc_column_text]<\/p>\n<h3>ELASTYCZNO\u015a\u0106<\/h3>\n<p>[\/vc_column_text][vc_separator type=&#8221;small&#8221; position=&#8221;left&#8221; color=&#8221;#ec1c24&#8243;][vc_column_text]Rozwi\u0105zania, kt\u00f3re stosujemy opracowywane s\u0105 indywidualnie, a wdro\u017cenia odbywaj\u0105 si\u0119 przy osobistym nadzorze naszych ekspert\u00f3w, gotowych na sytuacje nietypowe. Jeste\u015bmy przygotowani zar\u00f3wno na standardowe projekty jak i z\u0142o\u017cone realizacje \u2013 wymagaj\u0105ce zaawansowanych narz\u0119dzi, wykwalifikowanych zespo\u0142\u00f3w i specjalistycznych uprawnie\u0144.[\/vc_column_text][\/qode_elements_holder_item][\/qode_elements_holder][\/vc_column_inner][vc_column_inner width=&#8221;1\/3&#8243; css=&#8221;.vc_custom_1596524251262{background-color: #e0e0e0 !important;}&#8221;][qode_elements_holder number_of_columns=&#8221;one_column&#8221;][qode_elements_holder_item advanced_animations=&#8221;no&#8221; item_padding=&#8221;70px 70px 70px 70px&#8221;][vc_column_text]<\/p>\n<h3>ZASI\u0118G<\/h3>\n<p>[\/vc_column_text][vc_separator type=&#8221;small&#8221; position=&#8221;left&#8221; color=&#8221;#ec1c24&#8243;][vc_column_text]Posiadamy sprz\u0119t, zaplecze samochodowe oraz mobilne ekipy instalator\u00f3w gotowe do podj\u0119cia zlecenia w ka\u017cdym miejscu Polski. Docieramy do lokalizacji, w kt\u00f3rych dost\u0119p do internetu pozostawa\u0142 marzeniem. Zapewniamy adekwatn\u0105 do warunk\u00f3w infrastruktur\u0119 \u2013 od radiolinii po \u015bwiat\u0142owody \u2013 serwisujemy j\u0105 i ca\u0142odobowo dbamy o jej dzia\u0142anie.<\/p>\n<p>[\/vc_column_text][\/qode_elements_holder_item][\/qode_elements_holder][\/vc_column_inner][\/vc_row_inner][\/vc_column][\/vc_row][vc_row css_animation=&#8221;&#8221; row_type=&#8221;row&#8221; use_row_as_full_screen_section=&#8221;no&#8221; type=&#8221;full_width&#8221; angled_section=&#8221;no&#8221; text_align=&#8221;left&#8221; background_image_as_pattern=&#8221;without_pattern&#8221; css=&#8221;.vc_custom_1596561153638{background-color: #ffffff !important;}&#8221; z_index=&#8221;&#8221;][vc_column][qode_elements_holder number_of_columns=&#8221;one_column&#8221;][qode_elements_holder_item advanced_animations=&#8221;no&#8221; item_padding=&#8221;70px 70px 70px 70px&#8221;][vc_column_text]<\/p>\n<h1><strong>Wybrane realizacje<\/strong><\/h1>\n<p>[\/vc_column_text][vc_separator type=&#8221;small&#8221; position=&#8221;left&#8221; color=&#8221;#ec1c24&#8243;][vc_column_text]<\/p>\n<h4><span style=\"color: #333333;\">Wydawa\u0142oby si\u0119, \u017ce naszych Klient\u00f3w r\u00f3\u017cni wszystko: bran\u017ca, rozmiar firmy, czy model prowadzenia biznesu. Jest jednak co\u015b, co ich \u0142\u0105czy: to \u015bwiadomo\u015b\u0107, \u017ce aby skutecznie prowadzi\u0107 sw\u00f3j biznes potrzebuj\u0105 odpowiednich technologii. Doradztwa. Autorskich rozwi\u0105za\u0144. Skutecznej realizacji. Serwisu daj\u0105cego poczucie bezpiecze\u0144stwa.<\/span><\/h4>\n<p>[\/vc_column_text][\/qode_elements_holder_item][\/qode_elements_holder][\/vc_column][\/vc_row][vc_row css_animation=&#8221;&#8221; row_type=&#8221;row&#8221; use_row_as_full_screen_section=&#8221;no&#8221; type=&#8221;full_width&#8221; angled_section=&#8221;no&#8221; text_align=&#8221;left&#8221; background_image_as_pattern=&#8221;without_pattern&#8221;][vc_column][vc_row_inner row_type=&#8221;row&#8221; type=&#8221;full_width&#8221; text_align=&#8221;left&#8221; css_animation=&#8221;&#8221;][vc_column_inner width=&#8221;1\/3&#8243; css=&#8221;.vc_custom_1596604267102{background-image: url(https:\/\/landtech.com.pl\/wp-content\/uploads\/2020\/08\/Portfolio-landtech-solec.jpg?id=2268) !important;background-position: center !important;background-repeat: no-repeat !important;background-size: cover !important;}&#8221;][qode_elements_holder number_of_columns=&#8221;one_column&#8221;][qode_elements_holder_item vertical_alignment=&#8221;middle&#8221; horizontal_alignment=&#8221;center&#8221; advanced_animations=&#8221;no&#8221; item_padding=&#8221;70px 70px 70px 70px&#8221;][vc_column_text]<\/p>\n<h5 style=\"text-align: center;\"><span style=\"color: #ffffff;\">Przychodnia Solec<\/span><\/h5>\n<p>[\/vc_column_text][vc_separator type=&#8221;small&#8221; position=&#8221;center&#8221; color=&#8221;#ec1c24&#8243;][\/qode_elements_holder_item][\/qode_elements_holder][qode_elements_holder number_of_columns=&#8221;one_column&#8221;][qode_elements_holder_item vertical_alignment=&#8221;middle&#8221; horizontal_alignment=&#8221;center&#8221; advanced_animations=&#8221;no&#8221;]<a  itemprop=\"url\" href=\"https:\/\/landtech.com.pl\/portfolio\/przychodnia-lekarska-solec\/\" target=\"_self\" data-hover-background-color=rgba(0,0,0,0.01) data-hover-border-color=rgba(0,0,0,0.01)  class=\"qbutton  enlarge\" style=\"color: #ffffff; border-color: #ffffff; background-color: rgba(0,0,0,0.01);\">Wi\u0119cej<\/a>[vc_empty_space height=&#8221;52px&#8221;][\/qode_elements_holder_item][\/qode_elements_holder][\/vc_column_inner][vc_column_inner width=&#8221;1\/3&#8243; css=&#8221;.vc_custom_1596608326816{background-image: url(https:\/\/landtech.com.pl\/wp-content\/uploads\/2020\/08\/Portfolio-landtech-oxylion.jpg?id=2281) !important;background-position: center !important;background-repeat: no-repeat !important;background-size: cover !important;}&#8221;][qode_elements_holder number_of_columns=&#8221;one_column&#8221;][qode_elements_holder_item vertical_alignment=&#8221;middle&#8221; horizontal_alignment=&#8221;center&#8221; advanced_animations=&#8221;no&#8221; item_padding=&#8221;70px 70px 70px 70px&#8221;][vc_column_text]<\/p>\n<h5 style=\"text-align: center;\"><span style=\"color: #ffffff;\">Oxylion S.A.<\/span><\/h5>\n<p>[\/vc_column_text][vc_separator type=&#8221;small&#8221; position=&#8221;center&#8221; color=&#8221;#ec1c24&#8243;][\/qode_elements_holder_item][\/qode_elements_holder][qode_elements_holder number_of_columns=&#8221;one_column&#8221;][qode_elements_holder_item vertical_alignment=&#8221;middle&#8221; horizontal_alignment=&#8221;center&#8221; advanced_animations=&#8221;no&#8221;]<a  itemprop=\"url\" href=\"https:\/\/landtech.com.pl\/portfolio\/oxylion\/\" target=\"_self\" data-hover-background-color=rgba(0,0,0,0.01) data-hover-border-color=rgba(0,0,0,0.01)  class=\"qbutton  enlarge\" style=\"color: #ffffff; border-color: #ffffff; background-color: rgba(0,0,0,0.01);\">Wi\u0119cej<\/a>[vc_empty_space height=&#8221;52px&#8221;][\/qode_elements_holder_item][\/qode_elements_holder][\/vc_column_inner][vc_column_inner width=&#8221;1\/3&#8243; css=&#8221;.vc_custom_1596604318334{background-image: url(https:\/\/landtech.com.pl\/wp-content\/uploads\/2020\/08\/Portfolio-landtech-kamis.jpg?id=2269) !important;background-position: center !important;background-repeat: no-repeat !important;background-size: cover !important;}&#8221;][qode_elements_holder number_of_columns=&#8221;one_column&#8221;][qode_elements_holder_item vertical_alignment=&#8221;middle&#8221; horizontal_alignment=&#8221;center&#8221; advanced_animations=&#8221;no&#8221; item_padding=&#8221;70px 70px 70px 70px&#8221;][vc_column_text]<\/p>\n<h5 style=\"text-align: center;\"><span style=\"color: #ffffff;\">Kamis S.A.<\/span><\/h5>\n<p>[\/vc_column_text][vc_separator type=&#8221;small&#8221; position=&#8221;center&#8221; color=&#8221;#ec1c24&#8243;][\/qode_elements_holder_item][\/qode_elements_holder][qode_elements_holder number_of_columns=&#8221;one_column&#8221;][qode_elements_holder_item vertical_alignment=&#8221;middle&#8221; horizontal_alignment=&#8221;center&#8221; advanced_animations=&#8221;no&#8221;]<a  itemprop=\"url\" href=\"https:\/\/landtech.com.pl\/portfolio\/kamis\/\" target=\"_self\" data-hover-background-color=rgba(0,0,0,0.01) data-hover-border-color=rgba(0,0,0,0.01)  class=\"qbutton  enlarge\" style=\"color: #ffffff; border-color: #ffffff; background-color: rgba(0,0,0,0.01);\">Wi\u0119cej<\/a>[vc_empty_space height=&#8221;52px&#8221;][\/qode_elements_holder_item][\/qode_elements_holder][\/vc_column_inner][\/vc_row_inner][\/vc_column][\/vc_row][vc_row css_animation=&#8221;&#8221; row_type=&#8221;row&#8221; use_row_as_full_screen_section=&#8221;no&#8221; type=&#8221;grid&#8221; angled_section=&#8221;no&#8221; text_align=&#8221;left&#8221; background_image_as_pattern=&#8221;without_pattern&#8221; z_index=&#8221;&#8221; css=&#8221;.vc_custom_1569093980492{padding-top: 35px !important;padding-bottom: 70px !important;background-color: #ffffff !important;}&#8221;][vc_column][vc_raw_html]JTVCbG9nb3Nob3djYXNlJTVE[\/vc_raw_html][\/vc_column][\/vc_row]<\/p>\n","protected":false},"excerpt":{"rendered":"<p>[vc_row css_animation=&#8221;&#8221; row_type=&#8221;row&#8221; use_row_as_full_screen_section=&#8221;no&#8221; type=&#8221;full_width&#8221; angled_section=&#8221;no&#8221; text_align=&#8221;left&#8221; background_image_as_pattern=&#8221;without_pattern&#8221;][vc_column parallax=&#8221;content-moving&#8221; parallax_image=&#8221;1100&#8243;][vc_empty_space height=&#8221;215px&#8221;][vc_row_inner row_type=&#8221;row&#8221; type=&#8221;grid&#8221; text_align=&#8221;left&#8221; css_animation=&#8221;&#8221;][vc_column_inner][vc_column_text] Co mo\u017cemy dla Ciebie zrobi\u0107 [\/vc_column_text][vc_separator type=&#8221;small&#8221; position=&#8221;right&#8221; color=&#8221;#ec1c24&#8243;][vc_column_text] Oferujemy zaawansowane technologie \u2013 ale naszym sukcesem jest nie tylko technologia, ale to, JAK j\u0105 wdra\u017camy. Nasi Klienci wybieraj\u0105 nas z&#8230;<\/p>\n","protected":false},"author":5,"featured_media":0,"parent":0,"menu_order":0,"comment_status":"closed","ping_status":"closed","template":"full_width.php","meta":{"footnotes":""},"_links":{"self":[{"href":"https:\/\/landtech.com.pl\/en\/wp-json\/wp\/v2\/pages\/98"}],"collection":[{"href":"https:\/\/landtech.com.pl\/en\/wp-json\/wp\/v2\/pages"}],"about":[{"href":"https:\/\/landtech.com.pl\/en\/wp-json\/wp\/v2\/types\/page"}],"author":[{"embeddable":true,"href":"https:\/\/landtech.com.pl\/en\/wp-json\/wp\/v2\/users\/5"}],"replies":[{"embeddable":true,"href":"https:\/\/landtech.com.pl\/en\/wp-json\/wp\/v2\/comments?post=98"}],"version-history":[{"count":26,"href":"https:\/\/landtech.com.pl\/en\/wp-json\/wp\/v2\/pages\/98\/revisions"}],"predecessor-version":[{"id":2283,"href":"https:\/\/landtech.com.pl\/en\/wp-json\/wp\/v2\/pages\/98\/revisions\/2283"}],"wp:attachment":[{"href":"https:\/\/landtech.com.pl\/en\/wp-json\/wp\/v2\/media?parent=98"}],"curies":[{"name":"wp","href":"https:\/\/api.w.org\/{rel}","templated":true}]}}